{"id":53,"date":"2025-05-09T04:39:14","date_gmt":"2025-05-09T04:39:14","guid":{"rendered":"https:\/\/promociondeeventos.sld.cu\/forumcncma2025\/?page_id=53"},"modified":"2025-05-12T15:37:21","modified_gmt":"2025-05-12T15:37:21","slug":"forum-cncma-2024","status":"publish","type":"page","link":"https:\/\/promociondeeventos.sld.cu\/forumcncma2025\/forum-cncma-2024\/","title":{"rendered":"F\u00f3rum CNCMA 2024"},"content":{"rendered":"<div id=\"attachment_61\" style=\"width: 310px\" class=\"wp-caption aligncenter\"><a href=\"https:\/\/promociondeeventos.sld.cu\/forumcncma2024\/\" target=\"_blank\" rel=\"2024. Aniversario CNCMA En F\u00f3rum XXX acceso. al centro ciencia, cirug\u00eda de del e fundaci\u00f3n innovaci\u00f3n la m\u00ednimo nacional noopener saludo t\u00e9cnica\"><img aria-describedby=\"caption-attachment-61\" decoding=\"async\" loading=\"lazy\" class=\"wp-image-61 size-medium\" src=\"http:\/\/promociondeeventos.sld.cu\/forumcncma2025\/files\/2025\/05\/FORUM-CNCMA2024-300x224.jpg\" alt=\"F\u00f3rum ciencia, t\u00e9cnica e innovaci\u00f3n CNCMA 2024. \" width=\"300\" height=\"224\" srcset=\"https:\/\/promociondeeventos.sld.cu\/forumcncma2025\/files\/2025\/05\/FORUM-CNCMA2024-300x224.jpg 300w, https:\/\/promociondeeventos.sld.cu\/forumcncma2025\/files\/2025\/05\/FORUM-CNCMA2024-768x573.jpg 768w, https:\/\/promociondeeventos.sld.cu\/forumcncma2025\/files\/2025\/05\/FORUM-CNCMA2024-250x187.jpg 250w, https:\/\/promociondeeventos.sld.cu\/forumcncma2025\/files\/2025\/05\/FORUM-CNCMA2024.jpg 986w\" sizes=\"(max-width: 300px) 100vw, 300px\" \/><\/a><p id=\"caption-attachment-61\" class=\"wp-caption-text\">F\u00f3rum ciencia, t\u00e9cnica e innovaci\u00f3n CNCMA 2024. En saludo al XXX Aniversario de la fundaci\u00f3n del Centro Nacional de Cirug\u00eda de M\u00ednimo Acceso.<\/p><\/div>\n<blockquote class=\"wp-embedded-content\" data-secret=\"gAY2H4HyKq\"><p><a href=\"https:\/\/promociondeeventos.sld.cu\/forumcncma2024\/\">Convocatoria<\/a><\/p><\/blockquote>\n<p><iframe class=\"wp-embedded-content\" sandbox=\"allow-scripts\" security=\"restricted\" style=\"position: absolute; clip: rect(1px, 1px, 1px, 1px);\" title=\"\u00abConvocatoria\u00bb \u2014 F\u00f3rum de ciencia, t\u00e9cnica e innovaci\u00f3n CNCMA 2024\" src=\"https:\/\/promociondeeventos.sld.cu\/forumcncma2024\/embed\/#?secret=RRdMXGrzQ3#?secret=gAY2H4HyKq\" data-secret=\"gAY2H4HyKq\" width=\"480\" height=\"270\" frameborder=\"0\" marginwidth=\"0\" marginheight=\"0\" scrolling=\"no\"><\/iframe><\/p>\n","protected":false},"excerpt":{"rendered":"<p>Convocatoria<\/p>\n","protected":false},"author":3262,"featured_media":0,"parent":0,"menu_order":0,"comment_status":"closed","ping_status":"closed","template":"","meta":[],"_links":{"self":[{"href":"https:\/\/promociondeeventos.sld.cu\/forumcncma2025\/wp-json\/wp\/v2\/pages\/53"}],"collection":[{"href":"https:\/\/promociondeeventos.sld.cu\/forumcncma2025\/wp-json\/wp\/v2\/pages"}],"about":[{"href":"https:\/\/promociondeeventos.sld.cu\/forumcncma2025\/wp-json\/wp\/v2\/types\/page"}],"author":[{"embeddable":true,"href":"https:\/\/promociondeeventos.sld.cu\/forumcncma2025\/wp-json\/wp\/v2\/users\/3262"}],"replies":[{"embeddable":true,"href":"https:\/\/promociondeeventos.sld.cu\/forumcncma2025\/wp-json\/wp\/v2\/comments?post=53"}],"version-history":[{"count":5,"href":"https:\/\/promociondeeventos.sld.cu\/forumcncma2025\/wp-json\/wp\/v2\/pages\/53\/revisions"}],"predecessor-version":[{"id":65,"href":"https:\/\/promociondeeventos.sld.cu\/forumcncma2025\/wp-json\/wp\/v2\/pages\/53\/revisions\/65"}],"wp:attachment":[{"href":"https:\/\/promociondeeventos.sld.cu\/forumcncma2025\/wp-json\/wp\/v2\/media?parent=53"}],"curies":[{"name":"wp","href":"https:\/\/api.w.org\/{rel}","templated":true}]}}