{"id":357,"date":"2025-06-05T16:29:37","date_gmt":"2025-06-05T16:29:37","guid":{"rendered":"https:\/\/promociondeeventos.sld.cu\/forumcncma2025\/?page_id=357"},"modified":"2025-06-08T15:32:36","modified_gmt":"2025-06-08T15:32:36","slug":"evaluacion-de-la-actitud-y-habilidades-investigativas-en-profesionales-de-la-salud-no-categorizados","status":"publish","type":"page","link":"https:\/\/promociondeeventos.sld.cu\/forumcncma2025\/evaluacion-de-la-actitud-y-habilidades-investigativas-en-profesionales-de-la-salud-no-categorizados\/","title":{"rendered":"Evaluaci\u00f3n de la actitud y habilidades investigativas en profesionales de la salud no categorizados"},"content":{"rendered":"<p style=\"text-align: justify;\"><strong>Autores:\u00a0<\/strong>Dra. Maricela Morera P\u00e9rez, M. Sc. Jorge Alberto Silva Valido, M. Sc. Lic. Enf. Rosa Mar\u00eda Torres Mora, Dr. C. Lic. Irene Olimpia Barrios Osuna, Lic. Claudia de la O Santana, Lic. Laura Ileana Coroas Gonz\u00e1lez.<\/p>\n<p><strong>RESUMEN<\/strong><\/p>\n<p style=\"text-align: justify;\"><strong>Introducci\u00f3n<\/strong>: La evaluaci\u00f3n de la actitud hacia la investigaci\u00f3n y autopercepci\u00f3n de habilidades investigativas individuales en profesionales de la salud, permite implementar con \u00e9xito programas de capacitaci\u00f3n para el desarrollo de competencias investigativas. <strong>Objetivo<\/strong>: Evaluar la actitud hacia la investigaci\u00f3n cient\u00edfica y autopercepci\u00f3n sobre habilidades investigativas en profesionales de la salud no categorizados. <strong>M\u00e9todos<\/strong>: Investigaci\u00f3n descriptiva de febrero a abril del 2025. Se utiliz\u00f3 una muestra constituida 29 profesionales del Centro Nacional de Cirug\u00eda de M\u00ednimo Acceso. Se utilizaron cuestionarios validados para evaluar la actitud hacia la investigaci\u00f3n y habilidades investigativas. Se cumplieron los requerimientos \u00e9ticos de respeto y confidencialidad de los datos de los participantes. <strong>Resultados<\/strong>: Predomin\u00f3 una actitud hacia la investigaci\u00f3n alta en 17 (58,6 %), la subescala mejor representada fue la valoraci\u00f3n de la investigaci\u00f3n. Con relaci\u00f3n a las habilidades autopercibidas, 16 profesionales (55,2 %) presentaron niveles medio y bajo, siendo el dominio metodol\u00f3gico y el anal\u00edtico e interpretativo los m\u00e1s afectados y el cooperativo el m\u00e1s favorecido. Se observ\u00f3 una correlaci\u00f3n directa y positiva entre el nivel de habilidades investigativas autopercibidas y la actitud hacia la investigaci\u00f3n, pero con un coeficiente de correlaci\u00f3n bajo, que no result\u00f3 significativo. <strong>Conclusiones<\/strong>: Se realiz\u00f3 una evaluaci\u00f3n de la actitud hacia la investigaci\u00f3n cient\u00edfica y su correlaci\u00f3n con las habilidades investigativas percibidas por una parte del potencial cient\u00edfico no categorizado como docente o investigador que permite aplicar con \u00e9xito una estrategia de superaci\u00f3n profesional para incrementar la actividad investigativa y la producci\u00f3n cient\u00edfica institucional.<\/p>\n<p><strong>Palabras clave<\/strong>: actitud, habilidades investigativas, competencias, investigaci\u00f3n cient\u00edfica.<\/p>\n","protected":false},"excerpt":{"rendered":"<p>Autores:\u00a0Dra. Maricela Morera P\u00e9rez, M. Sc. Jorge Alberto Silva Valido, M. Sc. Lic. Enf. Rosa Mar\u00eda Torres Mora, Dr. C. Lic. Irene Olimpia Barrios Osuna, Lic. Claudia de la O Santana, Lic. Laura Ileana Coroas Gonz\u00e1lez. RESUMEN Introducci\u00f3n: La evaluaci\u00f3n de la actitud hacia la investigaci\u00f3n y autopercepci\u00f3n de habilidades investigativas individuales en profesionales de [&hellip;]<\/p>\n","protected":false},"author":3308,"featured_media":0,"parent":0,"menu_order":0,"comment_status":"closed","ping_status":"closed","template":"","meta":[],"_links":{"self":[{"href":"https:\/\/promociondeeventos.sld.cu\/forumcncma2025\/wp-json\/wp\/v2\/pages\/357"}],"collection":[{"href":"https:\/\/promociondeeventos.sld.cu\/forumcncma2025\/wp-json\/wp\/v2\/pages"}],"about":[{"href":"https:\/\/promociondeeventos.sld.cu\/forumcncma2025\/wp-json\/wp\/v2\/types\/page"}],"author":[{"embeddable":true,"href":"https:\/\/promociondeeventos.sld.cu\/forumcncma2025\/wp-json\/wp\/v2\/users\/3308"}],"replies":[{"embeddable":true,"href":"https:\/\/promociondeeventos.sld.cu\/forumcncma2025\/wp-json\/wp\/v2\/comments?post=357"}],"version-history":[{"count":3,"href":"https:\/\/promociondeeventos.sld.cu\/forumcncma2025\/wp-json\/wp\/v2\/pages\/357\/revisions"}],"predecessor-version":[{"id":503,"href":"https:\/\/promociondeeventos.sld.cu\/forumcncma2025\/wp-json\/wp\/v2\/pages\/357\/revisions\/503"}],"wp:attachment":[{"href":"https:\/\/promociondeeventos.sld.cu\/forumcncma2025\/wp-json\/wp\/v2\/media?parent=357"}],"curies":[{"name":"wp","href":"https:\/\/api.w.org\/{rel}","templated":true}]}}