{"id":30,"date":"2025-05-09T04:24:20","date_gmt":"2025-05-09T04:24:20","guid":{"rendered":"https:\/\/promociondeeventos.sld.cu\/forumcncma2025\/?page_id=30"},"modified":"2025-06-10T15:52:28","modified_gmt":"2025-06-10T15:52:28","slug":"cronograma","status":"publish","type":"page","link":"https:\/\/promociondeeventos.sld.cu\/forumcncma2025\/cronograma\/","title":{"rendered":"Cronograma"},"content":{"rendered":"<p><strong>Cronograma para F\u00f3rum 2025<\/strong><\/p>\n<p><strong>\u00a0<\/strong><\/p>\n<ul>\n<li><strong>Publicaci\u00f3n Convocatoria: 12 de mayo 2025<\/strong><\/li>\n<li><strong><a href=\"mailto:investigaciones@cce.sld.cu\">Recepci\u00f3n de los trabajos<\/a>: Del 13 hasta 30 de mayo 2025 <\/strong><\/li>\n<li><strong>Revisi\u00f3n de los trabajos y an\u00e1lisis por el tribunal: Del 2\u00a0 al 6 junio 2025<\/strong><\/li>\n<li><strong>Publicaci\u00f3n de los resultados: 9 al 15 de junio 2025<\/strong><\/li>\n<\/ul>\n<p><strong>\u00a0<\/strong><\/p>\n<p><strong>\u00a0<\/strong><\/p>\n<p><strong>Los trabajos recibidos ser\u00e1n ubicados en el aula virtual de Salud y en la p\u00e1gina de <a href=\"http:\/\/directorioeventos.sld.cu\/index.php?P=FullRecord&amp;ID=3713\" target=\"_blank\" rel=\"noopener\">eventos<\/a> de <a href=\"https:\/\/www.sld.cu\/\" target=\"_blank\" rel=\"noopener\">INFOMED<\/a> (<a href=\"https:\/\/cencomed.sld.cu\/\" target=\"_blank\" rel=\"noopener\">CENCOMED<\/a>) para su visualizaci\u00f3n. <\/strong><\/p>\n","protected":false},"excerpt":{"rendered":"<p>Cronograma para F\u00f3rum 2025 \u00a0 Publicaci\u00f3n Convocatoria: 12 de mayo 2025 Recepci\u00f3n de los trabajos: Del 13 hasta 30 de mayo 2025 Revisi\u00f3n de los trabajos y an\u00e1lisis por el tribunal: Del 2\u00a0 al 6 junio 2025 Publicaci\u00f3n de los resultados: 9 al 15 de junio 2025 \u00a0 \u00a0 Los trabajos recibidos ser\u00e1n ubicados en [&hellip;]<\/p>\n","protected":false},"author":3262,"featured_media":0,"parent":0,"menu_order":0,"comment_status":"closed","ping_status":"closed","template":"","meta":[],"_links":{"self":[{"href":"https:\/\/promociondeeventos.sld.cu\/forumcncma2025\/wp-json\/wp\/v2\/pages\/30"}],"collection":[{"href":"https:\/\/promociondeeventos.sld.cu\/forumcncma2025\/wp-json\/wp\/v2\/pages"}],"about":[{"href":"https:\/\/promociondeeventos.sld.cu\/forumcncma2025\/wp-json\/wp\/v2\/types\/page"}],"author":[{"embeddable":true,"href":"https:\/\/promociondeeventos.sld.cu\/forumcncma2025\/wp-json\/wp\/v2\/users\/3262"}],"replies":[{"embeddable":true,"href":"https:\/\/promociondeeventos.sld.cu\/forumcncma2025\/wp-json\/wp\/v2\/comments?post=30"}],"version-history":[{"count":8,"href":"https:\/\/promociondeeventos.sld.cu\/forumcncma2025\/wp-json\/wp\/v2\/pages\/30\/revisions"}],"predecessor-version":[{"id":536,"href":"https:\/\/promociondeeventos.sld.cu\/forumcncma2025\/wp-json\/wp\/v2\/pages\/30\/revisions\/536"}],"wp:attachment":[{"href":"https:\/\/promociondeeventos.sld.cu\/forumcncma2025\/wp-json\/wp\/v2\/media?parent=30"}],"curies":[{"name":"wp","href":"https:\/\/api.w.org\/{rel}","templated":true}]}}