{"id":295,"date":"2025-06-04T13:49:25","date_gmt":"2025-06-04T13:49:25","guid":{"rendered":"https:\/\/promociondeeventos.sld.cu\/forumcncma2025\/?page_id=295"},"modified":"2025-06-04T17:13:03","modified_gmt":"2025-06-04T17:13:03","slug":"esofagodiverticulostomia-endoscopica-en-el-diverticulo-de-zencker","status":"publish","type":"page","link":"https:\/\/promociondeeventos.sld.cu\/forumcncma2025\/esofagodiverticulostomia-endoscopica-en-el-diverticulo-de-zencker\/","title":{"rendered":"Esofagodiverticulostom\u00eda endosc\u00f3pica en el Diverticulo de Zencker"},"content":{"rendered":"<p><strong>Autores:<\/strong><\/p>\n<p>Hiram de Zacarias Rodr\u00edguez Blanco.<sup>1<\/sup> Dr. Adolfo Hidalgo Gonz\u00e1lez.<sup>2 <\/sup>Dr. Orestes Gonzalez Torres.<sup>3\u00a0<\/sup><\/p>\n<p><sup>1<\/sup>Doctor en Ciencias. Especialista de 2do grado en Cirug\u00eda General. Profesor Titular. Investigador agregado. <a href=\"mailto:hiran@infomed.sld.cu\">hiran@infomed.sld.cu<\/a><\/p>\n<p><sup>2<\/sup>Especialista de 1er grado en ORL. Profesor auxiliar. <a href=\"mailto:adolforl@cce.sld.cu\">adolforl@cce.sld.cu<\/a><\/p>\n<p><sup>3<\/sup>Especialista de 1er grado en ORL. Profesor asistente.<\/p>\n<p>Centro Nacional de Cirug\u00eda de M\u00ednimo Acceso.<\/p>\n<p><strong>RESUMEN<\/strong><\/p>\n<p style=\"text-align: justify\"><strong>Introducci\u00f3n:<\/strong> El divert\u00edculo de Zenker es una herniaci\u00f3n de la mucosa y la submucosa esof\u00e1gica a trav\u00e9s de los m\u00fasculos cricofar\u00edngeo y constrictor inferior de la faringe, cuyo s\u00edntoma principal es la disfagia. El diagn\u00f3stico se realiza principalmente por esofagograma y el tratamiento de elecci\u00f3n es la cirug\u00eda que ha evolucionado desde la v\u00eda abierta hasta la endosc\u00f3pica.<\/p>\n<p style=\"text-align: justify\"><strong>Objetivo: <\/strong>Describir los resultados del tratamiento quir\u00fargico del Divert\u00edculo de Zencker, con la realizaci\u00f3n de una Esofagodiverticulostom\u00eda endosc\u00f3pica transoral en el Centro Nacional de Cirug\u00eda de M\u00ednimo Acceso.<\/p>\n<p style=\"text-align: justify\"><strong>M\u00e9todo:<\/strong> Se realiz\u00f3 un estudio descriptivo, ambispectivo y de corte transversal, de una serie consecutiva de 11 casos con diagn\u00f3stico de Divert\u00edculo de Zenker, intervenidos quir\u00fargicamente por v\u00eda endosc\u00f3pica transoral desde abril del 2017 a abril del 2024.<\/p>\n<p style=\"text-align: justify\"><strong>Resultados:<\/strong> Fueron intervenidos quir\u00fargicamente 11 pacientes, en los cuales se llevaron a cabo 12 procedimientos mediante t\u00e9cnica transoral endosc\u00f3pica. Todos los pacientes presentaban disfagia y a todos se les realiz\u00f3 esofagograma con bario. La edad media fue de 68,4 a\u00f1os, la cirug\u00eda fue efectiva en el 90,9 % de los casos y hubo una baja incidencia de complicaciones.<\/p>\n<p style=\"text-align: justify\"><strong>Conclusiones:<\/strong> La Esofagodiverticulostom\u00eda endosc\u00f3pica transoral es una opci\u00f3n terap\u00e9utica a considerar por su alto grado de resolutividad de la disfagia y la seguridad que ofrece al paciente.<\/p>\n<p><strong>Palabras clave:<\/strong> Divert\u00edculo de Zenker, tratamiento endosc\u00f3pico, disfagia.<\/p>\n","protected":false},"excerpt":{"rendered":"<p>Autores: Hiram de Zacarias Rodr\u00edguez Blanco.1 Dr. Adolfo Hidalgo Gonz\u00e1lez.2 Dr. Orestes Gonzalez Torres.3\u00a0 1Doctor en Ciencias. Especialista de 2do grado en Cirug\u00eda General. Profesor Titular. Investigador agregado. hiran@infomed.sld.cu 2Especialista de 1er grado en ORL. Profesor auxiliar. adolforl@cce.sld.cu 3Especialista de 1er grado en ORL. Profesor asistente. Centro Nacional de Cirug\u00eda de M\u00ednimo Acceso. RESUMEN Introducci\u00f3n: [&hellip;]<\/p>\n","protected":false},"author":3308,"featured_media":0,"parent":0,"menu_order":0,"comment_status":"closed","ping_status":"closed","template":"","meta":[],"_links":{"self":[{"href":"https:\/\/promociondeeventos.sld.cu\/forumcncma2025\/wp-json\/wp\/v2\/pages\/295"}],"collection":[{"href":"https:\/\/promociondeeventos.sld.cu\/forumcncma2025\/wp-json\/wp\/v2\/pages"}],"about":[{"href":"https:\/\/promociondeeventos.sld.cu\/forumcncma2025\/wp-json\/wp\/v2\/types\/page"}],"author":[{"embeddable":true,"href":"https:\/\/promociondeeventos.sld.cu\/forumcncma2025\/wp-json\/wp\/v2\/users\/3308"}],"replies":[{"embeddable":true,"href":"https:\/\/promociondeeventos.sld.cu\/forumcncma2025\/wp-json\/wp\/v2\/comments?post=295"}],"version-history":[{"count":3,"href":"https:\/\/promociondeeventos.sld.cu\/forumcncma2025\/wp-json\/wp\/v2\/pages\/295\/revisions"}],"predecessor-version":[{"id":298,"href":"https:\/\/promociondeeventos.sld.cu\/forumcncma2025\/wp-json\/wp\/v2\/pages\/295\/revisions\/298"}],"wp:attachment":[{"href":"https:\/\/promociondeeventos.sld.cu\/forumcncma2025\/wp-json\/wp\/v2\/media?parent=295"}],"curies":[{"name":"wp","href":"https:\/\/api.w.org\/{rel}","templated":true}]}}