{"id":28,"date":"2025-05-09T04:24:07","date_gmt":"2025-05-09T04:24:07","guid":{"rendered":"https:\/\/promociondeeventos.sld.cu\/forumcncma2025\/?page_id=28"},"modified":"2025-05-14T19:04:19","modified_gmt":"2025-05-14T19:04:19","slug":"tematicas","status":"publish","type":"page","link":"https:\/\/promociondeeventos.sld.cu\/forumcncma2025\/tematicas\/","title":{"rendered":"Tem\u00e1ticas"},"content":{"rendered":"<p><span class=\"fontstyle0\">La innovaci\u00f3n en cirug\u00eda m\u00ednimamente invasiva. Avances y desaf\u00edos.<\/span><\/p>\n","protected":false},"excerpt":{"rendered":"<p>La innovaci\u00f3n en cirug\u00eda m\u00ednimamente invasiva. Avances y desaf\u00edos.<\/p>\n","protected":false},"author":3262,"featured_media":0,"parent":0,"menu_order":0,"comment_status":"closed","ping_status":"closed","template":"","meta":[],"_links":{"self":[{"href":"https:\/\/promociondeeventos.sld.cu\/forumcncma2025\/wp-json\/wp\/v2\/pages\/28"}],"collection":[{"href":"https:\/\/promociondeeventos.sld.cu\/forumcncma2025\/wp-json\/wp\/v2\/pages"}],"about":[{"href":"https:\/\/promociondeeventos.sld.cu\/forumcncma2025\/wp-json\/wp\/v2\/types\/page"}],"author":[{"embeddable":true,"href":"https:\/\/promociondeeventos.sld.cu\/forumcncma2025\/wp-json\/wp\/v2\/users\/3262"}],"replies":[{"embeddable":true,"href":"https:\/\/promociondeeventos.sld.cu\/forumcncma2025\/wp-json\/wp\/v2\/comments?post=28"}],"version-history":[{"count":2,"href":"https:\/\/promociondeeventos.sld.cu\/forumcncma2025\/wp-json\/wp\/v2\/pages\/28\/revisions"}],"predecessor-version":[{"id":151,"href":"https:\/\/promociondeeventos.sld.cu\/forumcncma2025\/wp-json\/wp\/v2\/pages\/28\/revisions\/151"}],"wp:attachment":[{"href":"https:\/\/promociondeeventos.sld.cu\/forumcncma2025\/wp-json\/wp\/v2\/media?parent=28"}],"curies":[{"name":"wp","href":"https:\/\/api.w.org\/{rel}","templated":true}]}}