{"id":261,"date":"2025-05-26T15:14:43","date_gmt":"2025-05-26T15:14:43","guid":{"rendered":"https:\/\/promociondeeventos.sld.cu\/forumcncma2025\/?page_id=261"},"modified":"2025-06-10T17:02:17","modified_gmt":"2025-06-10T17:02:17","slug":"tribunal-4","status":"publish","type":"page","link":"https:\/\/promociondeeventos.sld.cu\/forumcncma2025\/tribunales\/tribunal-4\/","title":{"rendered":"Tribunal 4"},"content":{"rendered":"<p><strong>Tribunal No. 4<\/strong><\/p>\n<p><strong>Presidente:<\/strong> Dra. Lilian Valdivia Garc\u00eda.<\/p>\n<p><strong>Miembros:<\/strong> Dra. Arlene Franco Bonal.<\/p>\n<p>Lic. Ya\u00edma Dubergel Fabier.<\/p>\n<p style=\"text-align: center\"><strong>Trabajos:<\/strong><\/p>\n<p>1-<a href=\"https:\/\/promociondeeventos.sld.cu\/forumcncma2025\/impacto-de-los-servicios-bibliotecarios-en-el-centro-nacional-de-cirugia-de-minimo-acceso-segun-los-objetivos-la-agenda-2030-2013-2023\/\" target=\"_blank\" rel=\"noopener\">Impacto de los servicios bibliotecarios en el centro nacional de cirug\u00eda de m\u00ednimo acceso seg\u00fan los objetivos la agenda 2030. 2013-2023<\/a>.<\/p>\n<p><strong>Autores: <\/strong>Lic. Leandro Rivas Rodr\u00edguez, Lic. Barbara Ontivero Wong, Dra. Maricela Morera P\u00e9rez.<\/p>\n<p><strong>Resumen:<\/strong><\/p>\n<p style=\"text-align: justify\"><strong>Introducci\u00f3n: <\/strong>las bibliotecas ayudan a las personas a desarrollar habilidades, aptitudes y capacidades para usar la informaci\u00f3n de manera eficaz, eficiente y pertinente con infraestructuras apoyadas en las tecnolog\u00edas de la informaci\u00f3n y las comunicaciones (TICs), proporcionando una red de personas e instituciones que puedan llegar a todos los sectores de la poblaci\u00f3n. <strong>Objetivo: <\/strong>describir los productos de informaci\u00f3n en salud desarrollados por la Biblioteca del Centro Nacional de Cirug\u00eda de M\u00ednimo Acceso y su relaci\u00f3n con los objetivos de desarrollo sostenible seg\u00fan la agenda 2030. <strong>M<\/strong><strong>\u00e9<\/strong><strong>todos: <\/strong>se realiz\u00f3 un estudio descriptivo de corte transversal de tipo cuantitativa, utilizando los m\u00e9todos te\u00f3ricos, emp\u00edricos, estad\u00edsticos y la correlaci\u00f3n con los objetivos estrat\u00e9gicos de desarrollo sostenible. <strong>Resultados: <\/strong>se visualiz\u00f3 el promedio anual de usuarios potenciales de 208, algunos de los principales servicios ofrecidos en la biblioteca, como los cursos y adiestramientos de servicios cient\u00edficos \u2013 t\u00e9cnicos a clientes por a\u00f1os, las publicaciones del centro procesadas en Endnote y resguardadas en repositorio cient\u00edfico; as\u00ed como los impactos econ\u00f3micos, cient\u00edficos y sociales obtenidos y la relaci\u00f3n existente entre las variables descritas con los objetivos planteados en cumplimiento de la agenda 2030. <strong>Conclusiones: <\/strong>se describi\u00f3 los productos de informaci\u00f3n en salud desarrollados por la biblioteca del Centro Nacional de Cirug\u00eda de M\u00ednimo Acceso, los cuales fueron creados utilizando software libre, la cual tuvo estrecha relaci\u00f3n con las metas y objetivos de desarrollo sostenible cumplimentados en la agenda 2030.<\/p>\n<p>Texto completo;<\/p>\n<p>2-<a href=\"https:\/\/promociondeeventos.sld.cu\/forumcncma2025\/aseguramiento-metrologico-del-centro-nacional-de-cirugia-de-minimo-acceso\/\" target=\"_blank\" rel=\"noopener\">Aseguramiento Metrol\u00f3gico del CNCMA<strong>.<\/strong><\/a><\/p>\n<p><strong>Autores: <\/strong>M. Sc.\u00a0Ing. Mar\u00eda Elena Aguilera Rodr\u00edguez.<\/p>\n<p><strong>Resumen:<\/strong><\/p>\n<p style=\"text-align: justify\">El Centro Nacional de Cirug\u00eda de M\u00ednimo Acceso perteneciente al MINSAP garantiza la calidad y seguridad a los pacientes de los servicios de cirug\u00eda m\u00ednimamente invasiva, as\u00ed como la formaci\u00f3n de postgrado y los servicios cient\u00edfico-t\u00e9cnicos que se realizan.\u00a0Se presenta la organizaci\u00f3n y ejecuci\u00f3n del Aseguramiento Metrol\u00f3gico del CNCMA con el fin de mantener la certificaci\u00f3n del Sistema de Gesti\u00f3n de la Calidad con la realizaci\u00f3n del diagn\u00f3stico metrol\u00f3gico con la documentaci\u00f3n t\u00e9cnica requerida y el an\u00e1lisis del estado de las mediciones en el centro seg\u00fan NC Gu\u00eda 857, teniendo en cuenta los aspectos relacionados con la normalizaci\u00f3n, metrolog\u00eda y calidad en el marco de los requisitos legales reglamentarios.\u00a0Con el apoyo de las TIC se ofrece ejemplos de la recopilaci\u00f3n de la documentaci\u00f3n t\u00e9cnica organizadas por documentos generales y legislaci\u00f3n vigente aplicable, manuales, cartas tecnol\u00f3gicas, normas t\u00e9cnicas, registros de mediciones y controles de calidad, levantamiento metrol\u00f3gico y planes de verificaci\u00f3n\/calibraci\u00f3n con las correspondientes certificaciones. Se incluye el Plan de Medidas de Seguridad Radiol\u00f3gica a la pr\u00e1ctica del diagn\u00f3stico y el intervencionismo.\u00a0Se realiza el an\u00e1lisis econ\u00f3mico respecto a recursos financieros, humanos y materiales, con el c\u00e1lculo de los beneficios econ\u00f3micos y sociales con la mejora continua del desempe\u00f1o de la organizaci\u00f3n y su alta competencia.<\/p>\n<p><a href=\"http:\/\/promociondeeventos.sld.cu\/forumcncma2025\/files\/2025\/06\/TRABAJO-DE-FORUM-2025-Metrologia1.pdf\" target=\"_blank\" rel=\"noopener\">Texto completo<\/a>;<\/p>\n<p>3-<a href=\"https:\/\/promociondeeventos.sld.cu\/forumcncma2025\/diseno-de-un-programa-virtual-de-desarrollo-de-competencias-investigativas-en-profesionales-de-la-salud\/\" target=\"_blank\" rel=\"noopener\">Dise\u00f1o de un programa virtual de desarrollo de competencias investigativas en profesionales de la salud<\/a><strong>.<\/strong><\/p>\n<p><strong>Autores: <\/strong>Dra. Maricela Morera P\u00e9rez, M. Sc. Jorge Alberto Silva Valido, Dr. C. Lic. Irene Olimpia Barrios Osuna, Lic. Leandro Rivas Rodr\u00edguez, Lic. Laura Ileana Coroas Gonz\u00e1lez, M. Sc. Lic. Rosa M. Torres Mora, Dr. C. Julieth Su\u00e1rez Oceguera, Ing. Ricardo Nilo Hern\u00e1ndez Castro, Lic. Lourdes Mar\u00eda Serra Otero.<\/p>\n<p><strong>Resumen:<\/strong><\/p>\n<p style=\"text-align: justify\"><strong>Introducci\u00f3n<\/strong>: El desarrollo de competencias investigativas en los programas de posgrado permite la formaci\u00f3n continua de profesionales capaces de abordar y resolver problemas complejos en su \u00e1mbito laboral.\u00a0<strong>Objetivo<\/strong>: Dise\u00f1ar un programa virtual de desarrollo de competencias investigativas para profesionales de la salud no categorizados de un centro quir\u00fargico de tercer nivel de atenci\u00f3n.\u00a0<strong>M\u00e9todos<\/strong>: Investigaci\u00f3n de desarrollo, en el Centro Nacional de Cirug\u00eda de M\u00ednimo Acceso. De febrero a abril del 2025. Se dise\u00f1\u00f3 un programa virtual de desarrollo de competencias investigativas en el posgrado, para su implementaci\u00f3n y evaluaci\u00f3n de su efectividad mediante la aplicaci\u00f3n de una escala validada antes y despu\u00e9s. Esta investigaci\u00f3n forma parte de un proyecto institucional.\u00a0<strong>Resultados<\/strong>: En el periodo que se analiza se realiza la revisi\u00f3n y correcci\u00f3n del programa docente por todos los autores del proyecto, y los profesores responsables de los temas realizaron la entrega del material docente para su revisi\u00f3n antes de ser subidos a la plataforma Moodle, en el sitio destinado para este curso. Cada docente obtuvo su rol de profesor en el curso y se encuentra familiarizado con el trabajo en el aula virtual. Se expone la estructura del curso en los anexos, as\u00ed como la encuesta a utilizar para evaluar la efectividad del programa dise\u00f1ado.\u00a0<strong>Conclusiones<\/strong>: Se dise\u00f1\u00f3 una estrategia de superaci\u00f3n profesional para desarrollar competencias investigativas en profesionales no categorizados, que se encuentra en periodo de montaje en el aula virtual de salud para comenzar la implementaci\u00f3n de su primera edici\u00f3n en julio del 2025.<\/p>\n<p>Texto completo;<\/p>\n<p>4-<a href=\"https:\/\/promociondeeventos.sld.cu\/forumcncma2025\/recurrencia-de-la-displasia-luego-del-tratamiento-endoscopico-con-hybrid-apc-en-el-esofago-de-barrett\/\" target=\"_blank\" rel=\"noopener\">Recurrencia de la displasia luego del tratamiento endosc\u00f3pico con Hybrid-APC en el Es\u00f3fago de Barrett<\/a><strong>.<\/strong><\/p>\n<p style=\"text-align: justify\"><strong>Autores: <\/strong>Dra. Mildred Cecilia Armenteros Torres, Dr. C. Vivianne Mar\u00eda Anido Escobar, Dr. Jorge Luis Garc\u00eda-Menocal Hern\u00e1ndez, Dr.C. Norberto Caridad Alfonso Contino, Dr. Cs. Felipe Neri Pi\u00f1ol Jim\u00e9nez, Dra. Maricela Morera P\u00e9rez.<\/p>\n<p><strong>Resumen:<\/strong><\/p>\n<p style=\"text-align: justify\"><strong>Introducci\u00f3n:<\/strong> Debido al incremento de la incidencia de adenocarcinoma esof\u00e1gico y del riesgo de recurrencia de los pacientes tratados con t\u00e9cnicas endosc\u00f3picas, es necesario mantener y protocolizar una estrecha vigilancia endosc\u00f3pica con tomas de muestras para biopsia.\u00a0<strong>Objetivo:<\/strong> evaluar la recurrencia de la displasia luego del tratamiento endosc\u00f3pico con Hybrid-APC.\u00a0<strong>M\u00e9todo:<\/strong> se realiz\u00f3 una investigaci\u00f3n observacional, descriptiva, de serie de casos en los pacientes clasificados con EB con displasia de bajo grado, despu\u00e9s de un a\u00f1o de haber recibido tratamiento ablativo con Hybrid-APC en el Centro Nacional de Cirug\u00eda de M\u00ednimo Acceso entre enero de 2025 a junio de 2025, con una muestra de 29 pacientes. Se recolectaron los datos generales de pacientes, Se tomar\u00e1n muestras para estudio histol\u00f3gico seg\u00fan Protocolo de Seattle y se reevaluaron resultados endosc\u00f3picos e histol\u00f3gicos al a\u00f1o, a los tres y 5 a\u00f1os de realizado el proceder, en consulta, para valorar erradicaci\u00f3n de la displasia y tasa de recurrencia de la misma. La informaci\u00f3n se proces\u00f3 en el programa estad\u00edstico SPSS, versi\u00f3n 21.\u00a0<strong>Resultados:<\/strong> De un total de 29 pacientes, se reevaluaron 20 y 8 a los tres y 5 a\u00f1os respectivamente. Predomino el sexo masculino en un 62 %, con una edad media de 53. \u00a0Se report\u00f3 bajo \u00edndice de recurrencia de la displasia, se observ\u00f3 en un 0 %, 5 % Y 0 % del total al a\u00f1o, a los 3 y 5 a\u00f1os respectivamente.\u00a0<strong>Conclusiones:<\/strong> Aunque el \u00edndice de recurrencia de la displasia en pacientes tratados con Hybrid-APC fue bajo, es necesaria la adecuada vigilancia endosc\u00f3pica de los mismos.<\/p>\n<p><a href=\"http:\/\/promociondeeventos.sld.cu\/forumcncma2025\/files\/2025\/06\/Forum-de-Ciencia-y-tecnica-CNCMA.pdf\" target=\"_blank\" rel=\"noopener\">Texto completo<\/a>;<\/p>\n<p style=\"text-align: justify\">5-<a href=\"https:\/\/promociondeeventos.sld.cu\/forumcncma2025\/acciones-de-superacion-para-analistas-del-laboratorio-clinico-del-centro-nacional-de-cirugia-de-minimo-acceso\/\" target=\"_blank\" rel=\"noopener\">Acciones de superaci\u00f3n para analistas del Laboratorio cl\u00ednico del Centro Nacional de Cirug\u00eda de M\u00ednimo Acceso<\/a>.<\/p>\n<p style=\"text-align: justify\"><strong>Autores: <\/strong>Lic. Yesenia G\u00f3mez Rodr\u00edguez, Dra. Iyolexis Calzada Medina, Lic. Isabel Madelaine Almeida Zald\u00edvar, Lic. Mar\u00eda del Carmen Artilles Garc\u00eda.<\/p>\n<p><strong>Resumen:<\/strong><\/p>\n<p style=\"text-align: justify\"><strong>Introducci\u00f3n:<\/strong> El analista del laboratorio cl\u00ednico contribuye a la investigaci\u00f3n, la precisi\u00f3n y compromiso con las pruebas diagn\u00f3sticas en los servicios de salud. Es esencial para garantizar que los pacientes reciban la mejor atenci\u00f3n posible; es una figura clave que impacta directamente el valor de la atenci\u00f3n m\u00e9dica. La preparaci\u00f3n de los mismos va a incidir en la calidad del trabajo. Aunque Cuba se rige por la norma ISO 9001:2015 que establece un Sistema de Gesti\u00f3n de Calidad y la Regulaci\u00f3n D03-21 Buenas Pr\u00e1cticas de Laboratorio, espec\u00edfica para calidad en Laboratorios Cl\u00ednicos; es de sumo inter\u00e9s implementar la norma ISO 15189:2023 y que las instituciones est\u00e9n certificadas con esta regulaci\u00f3n. En la actualidad, resulta insuficiente el conocimiento de los analistas sobre la misma y las buenas pr\u00e1cticas, lo que requiere un enfoque multifac\u00e9tico que incluya una consolidaci\u00f3n en cuanto a capacitaci\u00f3n. <strong>Objetivo:<\/strong> El presente trabajo tiene como objetivo proponer acciones para la superaci\u00f3n de los analistas del laboratorio cl\u00ednico del Centro Nacional de Cirug\u00eda de M\u00ednimo Acceso. <strong>M\u00e9todo:<\/strong> Las t\u00e9cnicas y m\u00e9todos cient\u00edficos empleados fueron la observaci\u00f3n cient\u00edfica, revisi\u00f3n documental. <strong>Conclusiones:<\/strong> La propuesta de superaci\u00f3n tributa a la preparaci\u00f3n del laboratorio cl\u00ednico del Centro Nacional de Cirug\u00eda de M\u00ednimo Acceso, para una futura implementaci\u00f3n en la norma cubana ISO 15189:2023 y la certificaci\u00f3n seg\u00fan la Regulaci\u00f3n D03-21 Buenas Pr\u00e1cticas de laboratorio por el Centro de Control Estatal de Medicamentos, Equipos y Dispositivos M\u00e9dicos, lo que constituye un est\u00e1ndar esencial para garantizar la calidad y la competencia t\u00e9cnica.<\/p>\n<p><a href=\"http:\/\/promociondeeventos.sld.cu\/forumcncma2025\/files\/2025\/06\/Trabajo-completo-Forum.pdf\" target=\"_blank\" rel=\"noopener\">Texto completo<\/a>;<\/p>\n","protected":false},"excerpt":{"rendered":"<p>Tribunal No. 4 Presidente: Dra. Lilian Valdivia Garc\u00eda. Miembros: Dra. Arlene Franco Bonal. Lic. Ya\u00edma Dubergel Fabier. Trabajos: 1-Impacto de los servicios bibliotecarios en el centro nacional de cirug\u00eda de m\u00ednimo acceso seg\u00fan los objetivos la agenda 2030. 2013-2023. Autores: Lic. Leandro Rivas Rodr\u00edguez, Lic. Barbara Ontivero Wong, Dra. Maricela Morera P\u00e9rez. Resumen: Introducci\u00f3n: las [&hellip;]<\/p>\n","protected":false},"author":3308,"featured_media":0,"parent":183,"menu_order":0,"comment_status":"closed","ping_status":"closed","template":"","meta":[],"_links":{"self":[{"href":"https:\/\/promociondeeventos.sld.cu\/forumcncma2025\/wp-json\/wp\/v2\/pages\/261"}],"collection":[{"href":"https:\/\/promociondeeventos.sld.cu\/forumcncma2025\/wp-json\/wp\/v2\/pages"}],"about":[{"href":"https:\/\/promociondeeventos.sld.cu\/forumcncma2025\/wp-json\/wp\/v2\/types\/page"}],"author":[{"embeddable":true,"href":"https:\/\/promociondeeventos.sld.cu\/forumcncma2025\/wp-json\/wp\/v2\/users\/3308"}],"replies":[{"embeddable":true,"href":"https:\/\/promociondeeventos.sld.cu\/forumcncma2025\/wp-json\/wp\/v2\/comments?post=261"}],"version-history":[{"count":22,"href":"https:\/\/promociondeeventos.sld.cu\/forumcncma2025\/wp-json\/wp\/v2\/pages\/261\/revisions"}],"predecessor-version":[{"id":547,"href":"https:\/\/promociondeeventos.sld.cu\/forumcncma2025\/wp-json\/wp\/v2\/pages\/261\/revisions\/547"}],"up":[{"embeddable":true,"href":"https:\/\/promociondeeventos.sld.cu\/forumcncma2025\/wp-json\/wp\/v2\/pages\/183"}],"wp:attachment":[{"href":"https:\/\/promociondeeventos.sld.cu\/forumcncma2025\/wp-json\/wp\/v2\/media?parent=261"}],"curies":[{"name":"wp","href":"https:\/\/api.w.org\/{rel}","templated":true}]}}