{"id":26,"date":"2025-05-09T04:23:54","date_gmt":"2025-05-09T04:23:54","guid":{"rendered":"https:\/\/promociondeeventos.sld.cu\/forumcncma2025\/?page_id=26"},"modified":"2025-05-14T18:50:48","modified_gmt":"2025-05-14T18:50:48","slug":"contactos","status":"publish","type":"page","link":"https:\/\/promociondeeventos.sld.cu\/forumcncma2025\/contactos\/","title":{"rendered":"Contactos"},"content":{"rendered":"<p><strong>Editor del Sitio:<\/strong><\/p>\n<p>Lic. Leandro Rivas Rodr\u00edguez \/ Especialista de gesti\u00f3n de informaci\u00f3n en salud (Bibliotecario)<\/p>\n<p><a href=\"mailto:bibliocncma@infomed.sld.cu\">bibliocncma@infomed.sld.cu<\/a><\/p>\n<p><strong>Responsable en Investigaciones:<\/strong><\/p>\n<p>Lic. Laura Ileana Coroa Gonz\u00e1lez \/ Especialista de investigaciones<\/p>\n<p><a href=\"mailto:investigaciones@cce.sld.sld.cu\">investigaciones@cce.sld.sld.cu<\/a><\/p>\n","protected":false},"excerpt":{"rendered":"<p>Editor del Sitio: Lic. Leandro Rivas Rodr\u00edguez \/ Especialista de gesti\u00f3n de informaci\u00f3n en salud (Bibliotecario) bibliocncma@infomed.sld.cu Responsable en Investigaciones: Lic. Laura Ileana Coroa Gonz\u00e1lez \/ Especialista de investigaciones investigaciones@cce.sld.sld.cu<\/p>\n","protected":false},"author":3262,"featured_media":0,"parent":0,"menu_order":0,"comment_status":"closed","ping_status":"closed","template":"","meta":[],"_links":{"self":[{"href":"https:\/\/promociondeeventos.sld.cu\/forumcncma2025\/wp-json\/wp\/v2\/pages\/26"}],"collection":[{"href":"https:\/\/promociondeeventos.sld.cu\/forumcncma2025\/wp-json\/wp\/v2\/pages"}],"about":[{"href":"https:\/\/promociondeeventos.sld.cu\/forumcncma2025\/wp-json\/wp\/v2\/types\/page"}],"author":[{"embeddable":true,"href":"https:\/\/promociondeeventos.sld.cu\/forumcncma2025\/wp-json\/wp\/v2\/users\/3262"}],"replies":[{"embeddable":true,"href":"https:\/\/promociondeeventos.sld.cu\/forumcncma2025\/wp-json\/wp\/v2\/comments?post=26"}],"version-history":[{"count":5,"href":"https:\/\/promociondeeventos.sld.cu\/forumcncma2025\/wp-json\/wp\/v2\/pages\/26\/revisions"}],"predecessor-version":[{"id":125,"href":"https:\/\/promociondeeventos.sld.cu\/forumcncma2025\/wp-json\/wp\/v2\/pages\/26\/revisions\/125"}],"wp:attachment":[{"href":"https:\/\/promociondeeventos.sld.cu\/forumcncma2025\/wp-json\/wp\/v2\/media?parent=26"}],"curies":[{"name":"wp","href":"https:\/\/api.w.org\/{rel}","templated":true}]}}