{"id":232,"date":"2025-05-22T22:32:23","date_gmt":"2025-05-22T22:32:23","guid":{"rendered":"https:\/\/promociondeeventos.sld.cu\/forumcncma2025\/?page_id=232"},"modified":"2025-06-20T18:40:23","modified_gmt":"2025-06-20T18:40:23","slug":"relatoria","status":"publish","type":"page","link":"https:\/\/promociondeeventos.sld.cu\/forumcncma2025\/relatoria\/","title":{"rendered":"Relator\u00eda"},"content":{"rendered":"<p><strong>Informe F\u00f3rum por la Innovaci\u00f3n 2025<\/strong><\/p>\n<p style=\"text-align: justify\">El evento de base del F\u00f3rum por la Innovaci\u00f3n del Centro Nacional de Cirug\u00eda de M\u00ednimo Acceso se realiz\u00f3 entre el 2 y 6 de junio de 2025, sesionando en un espacio virtual creado en CENCOMED, con la participaci\u00f3n de 54 trabajadores.<\/p>\n<p style=\"text-align: justify\">Se inscribieron 19 trabajos, <em>con alto nivel cient\u00edfico-t\u00e9cnico,<\/em> que sesionaron en 4 tribunales. De las ponencias presentadas resultaron premiados: 6 con categor\u00eda de Relevantes, 6 Destacados y 7 Menciones.<\/p>\n<h3 style=\"text-align: justify\"><strong>Los trabajos presentados del centro incluyen las siguientes especialidades:<\/strong><\/h3>\n<ul>\n<li>Cirug\u00eda General<\/li>\n<li>UCI (Unidad Terapia Intensiva)<\/li>\n<li>ORL<\/li>\n<li>Gastroenterolog\u00eda<\/li>\n<li>Imagenolog\u00eda<\/li>\n<li>Enfermer\u00eda<\/li>\n<li>Docencia e investigaci\u00f3n<\/li>\n<li>Metrolog\u00eda<\/li>\n<li>Laboratorio Cl\u00ednico<\/li>\n<li>Esterilizaci\u00f3n<\/li>\n<li>Ciencias de la Informaci\u00f3n (Bibliotecolog\u00eda)<\/li>\n<\/ul>\n<h3 style=\"text-align: justify\"><strong>Los tribunales estuvieron integrados por:<\/strong><\/h3>\n<p><strong><u>Tribunal 1 <\/u><\/strong><\/p>\n<p>Dra. C. Irene Olimpia Barrios Osuna (Presidenta)<\/p>\n<p>Dra. Maricela Morera P\u00e9rez (Miembro)<\/p>\n<p>Dr. Oreste Gonz\u00e1lez Torres (Miembro)<\/p>\n<p><u>\u00a0<\/u><\/p>\n<p><strong><u>Tribunal 2<\/u><\/strong><\/p>\n<p>Dr. C. Vivianne Mar\u00eda Anido Escobar (Presidenta)<\/p>\n<p>Dr. C. Luis Alonso Fern\u00e1ndez (Miembro)<\/p>\n<p>Dra. Daymara Del R\u00edo Baz\u00e1n (Miembro)<\/p>\n<p><u>\u00a0<\/u><\/p>\n<p><strong><u>Tribunal 3<\/u><\/strong><\/p>\n<p>Dr. C. Julieth Su\u00e1rez Oceguera (Presidenta)<\/p>\n<p>M. Sc. Dr. Maykel Quintana Rodr\u00edguez (Miembro)<\/p>\n<p>M. Sc. Lic. Yarileinis Mart\u00ednez Lamelas (Miembro)<\/p>\n<p><u>\u00a0<\/u><\/p>\n<p><strong><u>Tribunal 4<\/u><\/strong><\/p>\n<p>M. Sc. Dra. Lilian Valdivia Garc\u00eda (Presidenta)<\/p>\n<p>Dra. Arlene Franco Bonal (Miembro)<\/p>\n<p>M. Sc. Lic. Ya\u00edma Dubergel Fabier (Miembro)<\/p>\n<h3><strong>Trabajos premiados en las diferentes categor\u00edas:<\/strong><\/h3>\n<p><strong>Trabajos Relevantes F\u00f3rum por la Innovaci\u00f3n. CNCMA. 2025<\/strong><\/p>\n<ol>\n<li><strong>Programa para la gesti\u00f3n y automatizaci\u00f3n del pago por antig\u00fcedad a trabajadores<\/strong>.<\/li>\n<\/ol>\n<p><strong><u>Autores:<\/u><\/strong> T\u00e9c Mildres Pe\u00f1alver Gir\u00f3n, M. Sc. \u00a0Dr. Jorge Alberto Silva Valido.<\/p>\n<ol start=\"2\">\n<li><strong>Cuidados de enfermer\u00eda en la realizaci\u00f3n de biopsia de pr\u00f3stata<\/strong>.<\/li>\n<\/ol>\n<p><strong><u>Autores:<\/u><\/strong> Lic. Enf: Mayte L\u00f3pez Ruiz, Lic. Marlene Felipe Hern\u00e1ndez, Lic. Ana Doris Quesada Roque, Lic. Katiuska Mancebo Limonta, M. Sc. Dr. Maykel Quintana Rodr\u00edguez.<\/p>\n<ol start=\"3\">\n<li style=\"text-align: justify\"><strong>Evaluaci\u00f3n de competencias b\u00e1sicas en cirug\u00eda laparosc\u00f3pica adquiridas por alumnos ayudantes de cirug\u00eda<\/strong>.<\/li>\n<\/ol>\n<p><strong><u>Autores<\/u>:<\/strong> Lic. L\u00e1zara Mileyvis Mart\u00ednez White, Lic. Leandro Rivas Rodr\u00edguez, Lic. Solvey Quesada Lemus, M. Sc. Lic. Yarileynis Mart\u00ednez Lamelas, M. Sc. Jorge Alberto Silva Valido, Dr. C. Lic. Irene Olimpia Barrios Osuna.<\/p>\n<ol start=\"4\">\n<li><strong>Evaluaci\u00f3n de la actitud y habilidades investigativas en profesionales de la salud no categorizados<\/strong>.<\/li>\n<\/ol>\n<p><strong><u>Autores<\/u>:<\/strong> Dra. Maricela Morera P\u00e9rez, M. Sc. Jorge Alberto Silva Valido, M. Sc. Lic. Rosa Mar\u00eda Torres Mora, Dr. C. Lic. Irene Olimpia Barrios Osuna, Lic. Claudia de la O Santana, Lic. Laura Ileana Coroas Gonz\u00e1lez.<\/p>\n<ol start=\"5\">\n<li style=\"text-align: justify\"><strong>Nueva estrategia administrativa para la planificaci\u00f3n de diagnosticadores en Qu\u00edmica Cl\u00ednica, requisitos de las buenas pr\u00e1cticas seg\u00fan regulaci\u00f3n D-03-21. Laboratorio Cl\u00ednico del CNCMA<\/strong>.<\/li>\n<\/ol>\n<p><strong><u>Autores:<\/u><\/strong> Dra. Iyolexis Calzada Medina, Lic. Isabel Madelaine Almeida Zald\u00edvar, Lic. Mar\u00eda del Carmen Artilles Garc\u00eda, Lic. Yesenia G\u00f3mez Rodr\u00edguez, Lic. Amarilys Galardy Castillo, Dra. Naylet Castro Bazart, Lic. Laura Ilena Coroas Gonz\u00e1lez, Dra. Maricela Morera P\u00e9rez<strong>.<\/strong><\/p>\n<ol start=\"6\">\n<li style=\"text-align: justify\"><strong>Dise\u00f1o de un programa virtual de desarrollo de competencias investigativas en profesionales de la salud<\/strong>.<\/li>\n<\/ol>\n<p><strong><u>Autora:<\/u><\/strong> Dra. Maricela Morera P\u00e9rez, M. Sc. Dr.Jos\u00e9 Alberto Silva Valido, Dr. C. Lic. Irene Olimpia Barrios Osuna, Lic. Leandro Rivas Rodr\u00edguez, Lic. Laura Ileana Coroas Gonz\u00e1lez, M. Sc. Lic. Rosa Mar\u00eda Torres Mora, Dra. C. Julieth Suarez Oceguera, Ing. Ricardo Nilo Hern\u00e1ndez Castro, Dra Lourdes Mar\u00eda Serra Otero<\/p>\n<p><strong>Trabajos destacados F\u00f3rum por la Innovaci\u00f3n. CNCMA. 2025<\/strong><\/p>\n<ol>\n<li><strong>Las enfermeras en la docencia e investigaci\u00f3n<\/strong>.<\/li>\n<\/ol>\n<p><strong><u>Autores:<\/u><\/strong> M. Sc. Lic. Yarileyni Mart\u00ednez Lamelas, Lic. L\u00e1zara Mileyvis Mart\u00ednez White, M. Sc. Jorge Alberto Silva Valido, Lic. \u00a0Laura Ileana Coroas Gonz\u00e1lez<strong>.<\/strong><\/p>\n<ol start=\"2\">\n<li style=\"text-align: justify\"><strong>Impacto de la intervenci\u00f3n nutricional preoperatoria en los pacientes con riesgo de desnutrici\u00f3n<\/strong>.<\/li>\n<\/ol>\n<p><strong><u>Autores:<\/u><\/strong> M. Sc. Dra. Lilian Valdivia Garc\u00eda, Dra. Nailet Castro Bazan, Lic. Amarilis Galardy Castillo, Dra. Maricela Morera P\u00e9rez, Dr. C. Lic. Irene Olimpia Barrios Osuna.<\/p>\n<ol start=\"3\">\n<li><strong>Es\u00f3fago diverticulostomia endosc\u00f3pica en el Divert\u00edculo de Zencker<\/strong>.<\/li>\n<\/ol>\n<p><strong><u>Autores<\/u>:<\/strong> Dr. C. Hiram de Zacarias Rodr\u00edguez Blanco, Dr. Adolfo Hidalgo Gonz\u00e1lez, Dr. Orestes Gonz\u00e1lez Torres, Dr. C. Sigifredo de la Caridad Montero Ferrer, Dr. Yosniel Lugo Echevarr\u00eda, Dr. Arturo Fuentes Jim\u00e9nez.<\/p>\n<ol start=\"4\">\n<li><strong>Evaluaci\u00f3n del cumplimiento del protocolo ERAS en cirug\u00eda colorrectal en una unidad de salud<\/strong>.<\/li>\n<\/ol>\n<p><strong><u>Autores:<\/u><\/strong> Dra. Lilian Valdivia Garc\u00eda, M. Sc. Dr. Juan Bautista Oliv\u00e9 Gonz\u00e1lez, M. Sc. Dr. Jorge Gerardo Pereira Fraga, Dr. C. Miguel \u00c1ngel Mart\u00ednez Alfonso, Dra. Maricela Morera P\u00e9rez, Lic. Laura Ileana Coroas Gonz\u00e1lez.<\/p>\n<ol start=\"5\">\n<li><strong>Cirug\u00eda laparosc\u00f3pica electiva en el adulto mayor. Resultados preliminares del primer trimestre del a\u00f1o 2025<\/strong>.<\/li>\n<\/ol>\n<p><strong><u>Autores<\/u>:<\/strong> Dra. Maricela Morera P\u00e9rez, Dr. Yoandry Vasallo Camacho, M. Sc. Jorge Alberto Silva Valido, M. Sc. Dra. Lilian Valdivia Garc\u00eda, M. Sc. Dr. Juan Bautista Oliv\u00e9 Gonz\u00e1lez, Dra. Daymara del Rio Baz\u00e1n, Dr. C. Lic. Irene Olimpia Barrios Osuna, Lic. Laura Ileana Coroas Gonz\u00e1lez.<\/p>\n<ol start=\"6\">\n<li><strong>Impacto de los servicios bibliotecarios en el Centro Nacional de Cirug\u00eda de M\u00ednimo Acceso seg\u00fan los objetivos de la Agenda 2030. 2013-2023<\/strong>.<\/li>\n<\/ol>\n<p><strong><u>Autores<\/u>:<\/strong> Lic. Leandro Rivas Rodr\u00edguez, Lic. B\u00e1rbara Ontivero Wong, Dra Maricela Morera P\u00e9rez.<\/p>\n<p><strong>Trabajos Menci\u00f3n F\u00f3rum por la Innovaci\u00f3n. CNCMA. 2025<\/strong><\/p>\n<ol>\n<li style=\"text-align: justify\"><strong>Pase de visita conjunto de enfermer\u00eda con fines docentes: innovaci\u00f3n del Centro de Cirug\u00eda de M\u00ednimo Acceso<\/strong>.<\/li>\n<\/ol>\n<p><strong><u>Autores<\/u>:<\/strong> Dr. C. Irene Olimpia Barrios Osuna, M. Sc. Lic. Rosa Mar\u00eda Torres Mora.<\/p>\n<ol start=\"2\">\n<li style=\"text-align: justify\"><strong>Hidroenema por tomograf\u00eda computarizada como alternativa diagn\u00f3stica para tumores de colon<\/strong>.<\/li>\n<\/ol>\n<p><strong><u>Autores:<\/u><\/strong> Dr.C. Julieth Su\u00e1rez Oceguera, M. Sc. Andria de la Cruz de O\u00f1a, Dr. C. Yanet Ortega Dugrot, M. Sc. Yandys Salas de la Cruz, Lic. Katiusca Mancebo Limonta<u>.<\/u><\/p>\n<ol start=\"3\">\n<li><strong>Cirug\u00eda laparosc\u00f3pica ginecol\u00f3gica por puerto \u00fanico. Experiencia inicial en el Centro Nacional de Cirug\u00eda de M\u00ednimo Acceso<\/strong>.<\/li>\n<\/ol>\n<p><strong><u>Autores:<\/u><\/strong> Dra. Ang\u00e9lica G\u00e1lvez del Toro, M.Sc. Jorge Gerardo Pereira Fraga, Dr.C. Hiram de Zacarias Rodr\u00edguez Blanco, Dra. Janny Ferras Nievas, Lic. Juan Eduardo Oliv\u00e9 G\u00f3mez, Dr. Yosniel Lugo Echevarr\u00eda, Dr. Frank Abel Acosta Gonz\u00e1lez.<\/p>\n<ol start=\"4\">\n<li><strong>Impacto econ\u00f3mico del re\u00faso en el Centro Nacional de Cirug\u00eda de M\u00ednimo Acceso<\/strong>.<\/li>\n<\/ol>\n<p><strong><u>Autores:<\/u><\/strong> Lic. Marlen Cabrera L\u00f3pez, Dra. Maricela Morera P\u00e9rez, Lic. Dester Guzm\u00e1n P\u00e9rez<\/p>\n<ol start=\"5\">\n<li><strong>Aseguramiento metrol\u00f3gico del CNCMA<\/strong>.<\/li>\n<\/ol>\n<p><strong><u>Autores:<\/u><\/strong> M. Sc. Ing. Mar\u00eda Elena Aguilera Rodr\u00edguez<\/p>\n<ol start=\"6\">\n<li style=\"text-align: justify\"><strong>Acciones de superaci\u00f3n para analistas de Laboratorio Cl\u00ednico del Centro nacional de Cirug\u00eda de M\u00ednimo Acceso<\/strong>.<\/li>\n<\/ol>\n<p><strong><u>Autores<\/u><\/strong>: Lic. Yesenia G\u00f3mez Rodr\u00edguez, Dra. Iyolexis Calzada Medina, Lic. Isabel Madelaine Almeida Zald\u00edvar, Lic. Mar\u00eda del Carmen Artiles Garc\u00eda<\/p>\n<ol start=\"7\">\n<li style=\"text-align: justify\"><strong>Recurrencia de la displasia luego de tratamiento endosc\u00f3pico con Hybrid-APC en el es\u00f3fago Barrett<\/strong>.<\/li>\n<\/ol>\n<p style=\"text-align: justify\"><strong><u>Autores<\/u>:<\/strong> Dra. Mildred Cecilia Armenteros Torres, Dr. C. Vivianne Mar\u00eda Anido Escobar, Dr. Jorge Luis Garc\u00eda Menocal Hern\u00e1ndez, Dr. C. Norberto Caridad Alfonso Contino, Dr. Cs. Felipe Neri Pi\u00f1ol Jim\u00e9nez, Dra. Maricela Morera P\u00e9rez.<\/p>\n<p style=\"text-align: justify\">En la cita participaron m\u00e9dicos especialistas, licenciados en enfermer\u00eda, tecn\u00f3logos de la salud, docentes y trabajadores con ponencias que propiciaron el debate cient\u00edfico-t\u00e9cnico y el intercambio de conocimientos en cuanto a la ciencia y la innovaci\u00f3n entre ponentes, tribunales y trabajadores en general.<\/p>\n<p style=\"text-align: justify\">El programa propici\u00f3 adem\u00e1s importantes aportes a la soluci\u00f3n de problemas, la calidad de los servicios de salud y el posgrado acad\u00e9mico.<\/p>\n","protected":false},"excerpt":{"rendered":"<p>Informe F\u00f3rum por la Innovaci\u00f3n 2025 El evento de base del F\u00f3rum por la Innovaci\u00f3n del Centro Nacional de Cirug\u00eda de M\u00ednimo Acceso se realiz\u00f3 entre el 2 y 6 de junio de 2025, sesionando en un espacio virtual creado en CENCOMED, con la participaci\u00f3n de 54 trabajadores. Se inscribieron 19 trabajos, con alto nivel [&hellip;]<\/p>\n","protected":false},"author":3262,"featured_media":0,"parent":0,"menu_order":0,"comment_status":"closed","ping_status":"closed","template":"","meta":[],"_links":{"self":[{"href":"https:\/\/promociondeeventos.sld.cu\/forumcncma2025\/wp-json\/wp\/v2\/pages\/232"}],"collection":[{"href":"https:\/\/promociondeeventos.sld.cu\/forumcncma2025\/wp-json\/wp\/v2\/pages"}],"about":[{"href":"https:\/\/promociondeeventos.sld.cu\/forumcncma2025\/wp-json\/wp\/v2\/types\/page"}],"author":[{"embeddable":true,"href":"https:\/\/promociondeeventos.sld.cu\/forumcncma2025\/wp-json\/wp\/v2\/users\/3262"}],"replies":[{"embeddable":true,"href":"https:\/\/promociondeeventos.sld.cu\/forumcncma2025\/wp-json\/wp\/v2\/comments?post=232"}],"version-history":[{"count":7,"href":"https:\/\/promociondeeventos.sld.cu\/forumcncma2025\/wp-json\/wp\/v2\/pages\/232\/revisions"}],"predecessor-version":[{"id":622,"href":"https:\/\/promociondeeventos.sld.cu\/forumcncma2025\/wp-json\/wp\/v2\/pages\/232\/revisions\/622"}],"wp:attachment":[{"href":"https:\/\/promociondeeventos.sld.cu\/forumcncma2025\/wp-json\/wp\/v2\/media?parent=232"}],"curies":[{"name":"wp","href":"https:\/\/api.w.org\/{rel}","templated":true}]}}