{"id":228,"date":"2025-05-22T22:30:28","date_gmt":"2025-05-22T22:30:28","guid":{"rendered":"https:\/\/promociondeeventos.sld.cu\/forumcncma2025\/?page_id=228"},"modified":"2025-06-20T19:22:59","modified_gmt":"2025-06-20T19:22:59","slug":"certificados-por-tribunales","status":"publish","type":"page","link":"https:\/\/promociondeeventos.sld.cu\/forumcncma2025\/certificados-por-tribunales\/","title":{"rendered":"Por tribunales"},"content":{"rendered":"<p><a href=\"https:\/\/promociondeeventos.sld.cu\/forumcncma2025\/tribunales\/tribunal-1\/\" target=\"_blank\" rel=\"noopener\"><strong><u>Tribunal 1 <\/u><\/strong><\/a><\/p>\n<p>Dra. C. Irene Olimpia Barrios Osuna (Presidenta) <a href=\"http:\/\/promociondeeventos.sld.cu\/forumcncma2025\/files\/2025\/06\/todos-1-2.pdf\">Certificado<\/a><\/p>\n<p>Dra. Maricela Morera P\u00e9rez (Miembro) <a href=\"http:\/\/promociondeeventos.sld.cu\/forumcncma2025\/files\/2025\/06\/todos-3-2.pdf\">Certificado<\/a><\/p>\n<p>Dr. Oreste Gonz\u00e1lez Torres (Miembro) <a href=\"http:\/\/promociondeeventos.sld.cu\/forumcncma2025\/files\/2025\/06\/todos-2-2.pdf\">Certificado<\/a><\/p>\n<p><u>\u00a0<\/u><\/p>\n<p><a href=\"https:\/\/promociondeeventos.sld.cu\/forumcncma2025\/tribunales\/tribunal-2\/\" target=\"_blank\" rel=\"noopener\"><strong><u>Tribunal 2<\/u><\/strong><\/a><\/p>\n<p>Dr. C. Vivianne Mar\u00eda Anido Escobar (Presidenta) <a href=\"http:\/\/promociondeeventos.sld.cu\/forumcncma2025\/files\/2025\/06\/todos-5-2.pdf\">Certificado<\/a><\/p>\n<p>Dr. C. Luis Alonso Fern\u00e1ndez (Miembro) <a href=\"http:\/\/promociondeeventos.sld.cu\/forumcncma2025\/files\/2025\/06\/todos-4-2.pdf\">Certificado<\/a><\/p>\n<p>Dra. Daymara Del R\u00edo Baz\u00e1n (Miembro) <a href=\"http:\/\/promociondeeventos.sld.cu\/forumcncma2025\/files\/2025\/06\/todos-6-2.pdf\">Certificado<\/a><\/p>\n<p><u>\u00a0<\/u><\/p>\n<p><a href=\"https:\/\/promociondeeventos.sld.cu\/forumcncma2025\/tribunales\/tribunal-3\/\" target=\"_blank\" rel=\"noopener\"><strong><u>Tribunal 3<\/u><\/strong><\/a><\/p>\n<p>Dr. C. Julieth Su\u00e1rez Oceguera (Presidenta) <a href=\"http:\/\/promociondeeventos.sld.cu\/forumcncma2025\/files\/2025\/06\/todos-7-2.pdf\">Certificado<\/a><\/p>\n<p>M. Sc. Dr. Maykel Quintana Rodr\u00edguez (Miembro) <a href=\"http:\/\/promociondeeventos.sld.cu\/forumcncma2025\/files\/2025\/06\/todos-8-2.pdf\">Certificado<\/a><\/p>\n<p>M. Sc. Lic. Yarileini Mart\u00ednez Lamelas (Miembro) <a href=\"http:\/\/promociondeeventos.sld.cu\/forumcncma2025\/files\/2025\/06\/todos-9-2.pdf\">Certificado<\/a><\/p>\n<p><u>\u00a0<\/u><\/p>\n<p><a href=\"https:\/\/promociondeeventos.sld.cu\/forumcncma2025\/tribunales\/tribunal-4\/\" target=\"_blank\" rel=\"noopener\"><strong><u>Tribunal 4<\/u><\/strong><\/a><\/p>\n<p>M. Sc. Dra. Lilian Valdivia Garc\u00eda (Presidenta) <a href=\"http:\/\/promociondeeventos.sld.cu\/forumcncma2025\/files\/2025\/06\/todos-10-2.pdf\">Certificado<\/a><\/p>\n<p>Dra. Arlene Franco Bonal (Miembro) <a href=\"http:\/\/promociondeeventos.sld.cu\/forumcncma2025\/files\/2025\/06\/todos-11-2.pdf\">Certificado<\/a><\/p>\n<p>M. Sc. Lic. Ya\u00edma Dubergel Fabier (Miembro) <a href=\"http:\/\/promociondeeventos.sld.cu\/forumcncma2025\/files\/2025\/06\/todos-12-2.pdf\">Certificado<\/a><\/p>\n","protected":false},"excerpt":{"rendered":"<p>Tribunal 1 Dra. C. Irene Olimpia Barrios Osuna (Presidenta) Certificado Dra. Maricela Morera P\u00e9rez (Miembro) Certificado Dr. Oreste Gonz\u00e1lez Torres (Miembro) Certificado \u00a0 Tribunal 2 Dr. C. Vivianne Mar\u00eda Anido Escobar (Presidenta) Certificado Dr. C. Luis Alonso Fern\u00e1ndez (Miembro) Certificado Dra. Daymara Del R\u00edo Baz\u00e1n (Miembro) Certificado \u00a0 Tribunal 3 Dr. C. Julieth Su\u00e1rez Oceguera [&hellip;]<\/p>\n","protected":false},"author":3262,"featured_media":0,"parent":0,"menu_order":0,"comment_status":"closed","ping_status":"closed","template":"","meta":[],"_links":{"self":[{"href":"https:\/\/promociondeeventos.sld.cu\/forumcncma2025\/wp-json\/wp\/v2\/pages\/228"}],"collection":[{"href":"https:\/\/promociondeeventos.sld.cu\/forumcncma2025\/wp-json\/wp\/v2\/pages"}],"about":[{"href":"https:\/\/promociondeeventos.sld.cu\/forumcncma2025\/wp-json\/wp\/v2\/types\/page"}],"author":[{"embeddable":true,"href":"https:\/\/promociondeeventos.sld.cu\/forumcncma2025\/wp-json\/wp\/v2\/users\/3262"}],"replies":[{"embeddable":true,"href":"https:\/\/promociondeeventos.sld.cu\/forumcncma2025\/wp-json\/wp\/v2\/comments?post=228"}],"version-history":[{"count":9,"href":"https:\/\/promociondeeventos.sld.cu\/forumcncma2025\/wp-json\/wp\/v2\/pages\/228\/revisions"}],"predecessor-version":[{"id":642,"href":"https:\/\/promociondeeventos.sld.cu\/forumcncma2025\/wp-json\/wp\/v2\/pages\/228\/revisions\/642"}],"wp:attachment":[{"href":"https:\/\/promociondeeventos.sld.cu\/forumcncma2025\/wp-json\/wp\/v2\/media?parent=228"}],"curies":[{"name":"wp","href":"https:\/\/api.w.org\/{rel}","templated":true}]}}