{"id":207,"date":"2025-05-22T22:15:35","date_gmt":"2025-05-22T22:15:35","guid":{"rendered":"https:\/\/promociondeeventos.sld.cu\/forumcncma2025\/?page_id=207"},"modified":"2025-06-10T18:49:53","modified_gmt":"2025-06-10T18:49:53","slug":"tribunal-1","status":"publish","type":"page","link":"https:\/\/promociondeeventos.sld.cu\/forumcncma2025\/tribunales\/tribunal-1\/","title":{"rendered":"Tribunal 1"},"content":{"rendered":"<p><strong>Tribunal No. 1 <\/strong><\/p>\n<p><strong>Presidente:<\/strong> Dr. C. Irene Olimpia Barrios Osuna.<\/p>\n<p><strong>Miembros:<\/strong> Dra. Maricela Morera P\u00e9rez.<\/p>\n<p>Dr. Oreste Gonz\u00e1lez Torres.<\/p>\n<p><strong>\u00a0<\/strong><\/p>\n<p style=\"text-align: center\"><strong>Trabajos:<\/strong><\/p>\n<p>1-<strong><a href=\"https:\/\/promociondeeventos.sld.cu\/forumcncma2025\/esofagodiverticulostomia-endoscopica-en-el-diverticulo-de-zencker\/\">Esofagodiverticulostom\u00eda endosc\u00f3pica en el Diverticulo de Zencker<\/a>.<\/strong><\/p>\n<p><strong>Autores: <\/strong>Dr. C. Hiram de Zacarias Rodr\u00edguez Blanco, Dr. Adolfo Hidalgo Gonz\u00e1lez, Dr. Orestes Gonzalez Torres, Dr. C. Sigifredo de la Caridad Montero Ferrer, Dr. Yosniel Lugo Echevarr\u00eda, Dr. Arturo Fuentes Jim\u00e9nez.<\/p>\n<p><strong>Resumen:<\/strong><\/p>\n<p style=\"text-align: justify\"><strong>Introducci\u00f3n:<\/strong> El divert\u00edculo de Zenker es una herniaci\u00f3n de la mucosa y la submucosa esof\u00e1gica a trav\u00e9s de los m\u00fasculos cricofar\u00edngeo y constrictor inferior de la faringe, cuyo s\u00edntoma principal es la disfagia. El diagn\u00f3stico se realiza principalmente por esofagograma y el tratamiento de elecci\u00f3n es la cirug\u00eda que ha evolucionado desde la v\u00eda abierta hasta la endosc\u00f3pica. <strong>Objetivo: <\/strong>Describir los resultados del tratamiento quir\u00fargico del Divert\u00edculo de Zencker, con la realizaci\u00f3n de una Esofagodiverticulostom\u00eda endosc\u00f3pica transoral en el Centro Nacional de Cirug\u00eda de M\u00ednimo Acceso. <strong>M\u00e9todo:<\/strong> Se realiz\u00f3 un estudio descriptivo, ambispectivo y de corte transversal, de una serie consecutiva de 11 casos con diagn\u00f3stico de Divert\u00edculo de Zenker, intervenidos quir\u00fargicamente por v\u00eda endosc\u00f3pica transoral desde abril del 2017 a abril del 2024. <strong>Resultados:<\/strong> Fueron intervenidos quir\u00fargicamente 11 pacientes, en los cuales se llevaron a cabo 12 procedimientos mediante t\u00e9cnica transoral endosc\u00f3pica. Todos los pacientes presentaban disfagia y a todos se les realiz\u00f3 esofagograma con bario. La edad media fue de 68,4 a\u00f1os, la cirug\u00eda fue efectiva en el 90,9 % de los casos y hubo una baja incidencia de complicaciones. <strong>Conclusiones:<\/strong> La Esofagodiverticulostom\u00eda endosc\u00f3pica transoral es una opci\u00f3n terap\u00e9utica a considerar por su alto grado de resolutividad de la disfagia y la seguridad que ofrece al paciente.<\/p>\n<p><a href=\"http:\/\/promociondeeventos.sld.cu\/forumcncma2025\/files\/2025\/06\/Esofagodiverticulostomia-endoscopica-en-el-Diveticulo-de-Zencker-Final.pdf\" target=\"_blank\" rel=\"noopener\">Texto completo<\/a>;<\/p>\n<p>2-<strong><a href=\"https:\/\/promociondeeventos.sld.cu\/forumcncma2025\/impacto-de-la-intervencion-nutricional-preoperatoria-en-los-pacientes-con-riesgo-de-desnutricion\/\">Impacto de la intervenci\u00f3n nutricional preoperatoria en los pacientes con riesgo de desnutrici\u00f3n<\/a>.<\/strong><\/p>\n<p><strong>Autores: <\/strong>M. Sc. Dra. Lilian Valdivia Garc\u00eda, Dra. Nailet Castro Baz\u00e1n, Lic. Amarilis Galardy Castillo, Dra. Maricela Morera P\u00e9rez, Dr. C. Irene Olimpia Barrios Osuna.<\/p>\n<p><strong>Resumen:<\/strong><\/p>\n<p style=\"text-align: justify\"><strong>Introducci\u00f3n<\/strong>: los pacientes con riesgo de desnutrici\u00f3n est\u00e1n predispuestos a la presencia de complicaciones postquir\u00fargicas, lo cual provoca estad\u00edas prolongadas, elevados gastos en insumos y como consecuencia aumento de los costos intrahospitalarios. <strong>Objetivos: <\/strong>conocer el impacto de la intervenci\u00f3n nutricional en los pacientes con riesgo de desnutrici\u00f3n. <strong>M\u00e9todo<\/strong>: se aplic\u00f3 tamizaje nutricional PONS a todos los pacientes que fueron enviados a consulta de nutrici\u00f3n cl\u00ednica preoperatoria para hacer el diagn\u00f3stico del riesgo de desnutrici\u00f3n. La investigaci\u00f3n se realiz\u00f3 de junio 2024 a mayo 2025. <strong>Resultados<\/strong>: 61,3 % de los pacientes que acudieron a la consulta de nutrici\u00f3n presentaron riesgo de desnutrici\u00f3n, recibieron intervenci\u00f3n nutricional 77,4 %, de ellos solo sufrieron complicaciones postoperatorias el 19,3 %, lo que ayud\u00f3 a disminuir estad\u00eda hospitalaria y gastos en insumos. <strong>Conclusiones<\/strong>: la intervenci\u00f3n nutricional preoperatoria en los pacientes con riesgo de desnutrici\u00f3n ayuda a disminuir la presencia de complicaciones.<\/p>\n<p><a href=\"https:\/\/promociondeeventos.sld.cu\/forumcncma2025\/acciones-de-superacion-para-analistas-del-laboratorio-clinico-del-centro-nacional-de-cirugia-de-minimo-acceso-2\/\" target=\"_blank\" rel=\"noopener\">Texto completo<\/a>;<\/p>\n<p>3-<strong><a href=\"https:\/\/promociondeeventos.sld.cu\/forumcncma2025\/cuidados-de-enfermeria-en-la-realizacion-de-biopsia-de-prostata-ecodirigidas\/\">Cuidados de enfermer\u00eda en la realizaci\u00f3n de biopsia de pr\u00f3stata ecodirigidas<\/a>.<\/strong><\/p>\n<p><strong>Autores: <\/strong>Lic. Enf. Mayte L\u00f3pez Ruiz, Lic. Enf. Marlene Felipe Hern\u00e1ndez, Lic. Enf. Ana Doris Quesada Roque, Lic. Enf. Katiuska Mancebo Limonta, M.Sc. Dr. Maykel Quintana Rodr\u00edguez.<\/p>\n<p><strong>Resumen:<\/strong><\/p>\n<p style=\"text-align: justify\"><strong>Introducci\u00f3n. <\/strong>La biopsia de Pr\u00f3stata Ecodirigida es un proceder invasivo \u00a0necesario para el Diagn\u00f3stico de enfermedades de dicho \u00f3rgano y existen diferentes m\u00e9todos de realizaci\u00f3n. En este trabajo tenemos como <strong>Objetivo.<\/strong> Describir la labor de enfermer\u00eda en la realizaci\u00f3n de las biopsias de pr\u00f3stata ecodirigida. <strong>M\u00e9todos.<\/strong> Se hizo un estudio Experimental retrospectivo y de corte longitudinal en el servicio de Imagenolog\u00eda del Centro Nacional de Cirug\u00eda de M\u00ednimo Acceso en el periodo 2021 hasta 2024. <strong>Resultados. <\/strong>Fueron realizadas 468 biopsias, de ellas fueron diagnosticadas 202 con c\u00e1ncer de pr\u00f3stata\u00a0 para un 43 % e Hiperplasia prost\u00e1tica 266 para un 56 % con un total de 13 pacientes con complicaciones, de ellos 10 con Prostatitis aguda e Infecci\u00f3n del tracto urinario para un 2,1 %; 2 con Retenci\u00f3n completa de orina para un 0,4 %, y s\u00f3lo 1 con sangrado rectal para 0,2 %. <strong>Conclusi\u00f3n<\/strong>.\u00a0 La acci\u00f3n conjunta del personal de enfermer\u00eda y sus cuidados antes, durante y despu\u00e9s del proceder, en uni\u00f3n con los especialistas en urolog\u00eda y anestesiolog\u00eda impacta de manera favorable en la recuperaci\u00f3n y posterior evoluci\u00f3n de los pacientes y en el \u00e9xito de la biopsia de pr\u00f3stata ecodirigida.<\/p>\n<p><a href=\"http:\/\/promociondeeventos.sld.cu\/forumcncma2025\/files\/2025\/06\/Trabajo-Maite-Biopsia-Forum-2025.pdf\" target=\"_blank\" rel=\"noopener\">Texto completo<\/a>;<\/p>\n<p>4-<a href=\"https:\/\/promociondeeventos.sld.cu\/forumcncma2025\/programa-para-la-gestion-y-automatizacion-del-pago-por-antiguedad-a-trabajadores\/\">Programa para la gesti\u00f3n y automatizaci\u00f3n del pago por antig\u00fcedad a trabajadores<\/a><strong>. <\/strong><\/p>\n<p><strong>Autores: <\/strong>T\u00e9c. Mildres Pe\u00f1alver Gir\u00f3n, M. Cs. Dr. Jorge Alberto Silva Valido.<\/p>\n<p><strong>Resumen:<\/strong><\/p>\n<p style=\"text-align: justify\">Uno de los aspectos importantes para reconocer la dedicaci\u00f3n y experiencia de los empleados es el pago de la antig\u00fcedad. Este trabajo presenta el desarrollo de un programa para gestionar y automatizar el proceso de c\u00e1lculo y pago de la antig\u00fcedad en nuestro centro, con el objetivo de facilitar y garantizar la precisi\u00f3n en dicho pago y motivar para todo el personal.<\/p>\n<p><a href=\"http:\/\/promociondeeventos.sld.cu\/forumcncma2025\/files\/2025\/06\/JS-Trabajo-Forrum-2025-Recursos-Humanos.pdf\" target=\"_blank\" rel=\"noopener\">Texto completo<\/a>;<\/p>\n<p>5-<strong><a href=\"https:\/\/promociondeeventos.sld.cu\/forumcncma2025\/la-enfermera-en-la-docencia-e-investigacion\/\">La enfermera en la Docencia e Investigaci\u00f3n<\/a>.<\/strong><\/p>\n<p><strong>Autores:\u00a0<\/strong>M. Cs.\u00a0 Yarileynis Mart\u00ednez Lamelas, Lic. Lazara Mileyvis Mart\u00ednez White, M. Cs. Dr. Jorge Alberto Silva Valido, Lic. Laura Ileana Coroas Gonz\u00e1lez.<\/p>\n<p><strong>Resumen:<\/strong><\/p>\n<p style=\"text-align: justify\"><strong>Introducci\u00f3n. <\/strong>Dentro de las funciones que realizan los profesionales de enfermer\u00eda se destacan la administrativa, asistencial, docente e investigativa. Estas dos \u00faltimas constituyen aspectos esenciales que sustentan su desempe\u00f1o e impactan en la calidad de la atenci\u00f3n a los pacientes. <strong>Objetivo.<\/strong> Fomentar la importancia que tienen los profesionales de enfermer\u00eda en la docencia e investigaci\u00f3n.\u00a0 <strong>M\u00e9todos.<\/strong> Se realiz\u00f3 una revisi\u00f3n de la literatura relacionada con el tema utilizando el m\u00e9todo hist\u00f3rico-l\u00f3gico empleando diferentes bases de datos, as\u00ed como an\u00e1lisis de contenido de documentos rectores de la actividad docente e investigativa en salud. <strong>Resultados. <\/strong>El an\u00e1lisis realizado ha permitido fundamentar los aportes de la docencia e investigaci\u00f3n a la pr\u00e1ctica en la profesi\u00f3n de enfermer\u00eda. <strong>Conclusi\u00f3n<\/strong>.\u00a0 La educaci\u00f3n continua y la investigaci\u00f3n ayudan a los enfermeros (as) a mantenerse al tanto de los avances en su campo y apropiarse de las competencias necesarias que le permitan identificar un problema y abordarlo cient\u00edficamente para solucionarlo.<\/p>\n<p><a href=\"http:\/\/promociondeeventos.sld.cu\/forumcncma2025\/files\/2025\/06\/Trabajo-Forum-Yari.pdf\" target=\"_blank\" rel=\"noopener\">Texto completo<\/a>;<\/p>\n","protected":false},"excerpt":{"rendered":"<p>Tribunal No. 1 Presidente: Dr. C. Irene Olimpia Barrios Osuna. Miembros: Dra. Maricela Morera P\u00e9rez. Dr. Oreste Gonz\u00e1lez Torres. \u00a0 Trabajos: 1-Esofagodiverticulostom\u00eda endosc\u00f3pica en el Diverticulo de Zencker. Autores: Dr. C. Hiram de Zacarias Rodr\u00edguez Blanco, Dr. Adolfo Hidalgo Gonz\u00e1lez, Dr. Orestes Gonzalez Torres, Dr. C. Sigifredo de la Caridad Montero Ferrer, Dr. Yosniel Lugo [&hellip;]<\/p>\n","protected":false},"author":3262,"featured_media":0,"parent":183,"menu_order":0,"comment_status":"closed","ping_status":"closed","template":"","meta":[],"_links":{"self":[{"href":"https:\/\/promociondeeventos.sld.cu\/forumcncma2025\/wp-json\/wp\/v2\/pages\/207"}],"collection":[{"href":"https:\/\/promociondeeventos.sld.cu\/forumcncma2025\/wp-json\/wp\/v2\/pages"}],"about":[{"href":"https:\/\/promociondeeventos.sld.cu\/forumcncma2025\/wp-json\/wp\/v2\/types\/page"}],"author":[{"embeddable":true,"href":"https:\/\/promociondeeventos.sld.cu\/forumcncma2025\/wp-json\/wp\/v2\/users\/3262"}],"replies":[{"embeddable":true,"href":"https:\/\/promociondeeventos.sld.cu\/forumcncma2025\/wp-json\/wp\/v2\/comments?post=207"}],"version-history":[{"count":23,"href":"https:\/\/promociondeeventos.sld.cu\/forumcncma2025\/wp-json\/wp\/v2\/pages\/207\/revisions"}],"predecessor-version":[{"id":552,"href":"https:\/\/promociondeeventos.sld.cu\/forumcncma2025\/wp-json\/wp\/v2\/pages\/207\/revisions\/552"}],"up":[{"embeddable":true,"href":"https:\/\/promociondeeventos.sld.cu\/forumcncma2025\/wp-json\/wp\/v2\/pages\/183"}],"wp:attachment":[{"href":"https:\/\/promociondeeventos.sld.cu\/forumcncma2025\/wp-json\/wp\/v2\/media?parent=207"}],"curies":[{"name":"wp","href":"https:\/\/api.w.org\/{rel}","templated":true}]}}