{"id":20,"date":"2025-05-09T04:23:10","date_gmt":"2025-05-09T04:23:10","guid":{"rendered":"https:\/\/promociondeeventos.sld.cu\/forumcncma2025\/?page_id=20"},"modified":"2025-05-22T23:03:15","modified_gmt":"2025-05-22T23:03:15","slug":"convocatoria","status":"publish","type":"page","link":"https:\/\/promociondeeventos.sld.cu\/forumcncma2025\/","title":{"rendered":"Convocatoria"},"content":{"rendered":"<p><img decoding=\"async\" loading=\"lazy\" class=\"aligncenter wp-image-199\" src=\"http:\/\/promociondeeventos.sld.cu\/forumcncma2025\/files\/2025\/05\/FORUM-SLIP-PROMOCIONAL-2025-IDEA.jpg\" alt=\"\" width=\"502\" height=\"186\" srcset=\"https:\/\/promociondeeventos.sld.cu\/forumcncma2025\/files\/2025\/05\/FORUM-SLIP-PROMOCIONAL-2025-IDEA.jpg 502w, https:\/\/promociondeeventos.sld.cu\/forumcncma2025\/files\/2025\/05\/FORUM-SLIP-PROMOCIONAL-2025-IDEA-300x111.jpg 300w, https:\/\/promociondeeventos.sld.cu\/forumcncma2025\/files\/2025\/05\/FORUM-SLIP-PROMOCIONAL-2025-IDEA-250x93.jpg 250w\" sizes=\"(max-width: 502px) 100vw, 502px\" \/><\/p>\n<p>&nbsp;<\/p>\n<p style=\"text-align: center;\"><strong>LLAMAMIENTO AL FORUM DE CIENCIA Y T\u00c9CNICA<\/strong><\/p>\n<p style=\"text-align: justify;\">Este a\u00f1o 2025 est\u00e1 transitando con grandes retos y dificultades para todos nosotros, para todo el pueblo de Cuba, pero muy especialmente para los trabajadores de la Salud, que han mantenido su compromiso con el pueblo y la Revoluci\u00f3n a pesar de la situaci\u00f3n actual.<\/p>\n<p style=\"text-align: justify;\">El centro ha mantenido su capacidad de adaptaci\u00f3n a las circunstancias actuales y el trabajo cient\u00edfico-t\u00e9cnico de sus trabajadores no se ha detenido, sino que se mantiene y supera as\u00ed mismo, lo que est\u00e1 avalado por los reconocimientos obtenidos y la opini\u00f3n de pacientes y familiares.<\/p>\n<p style=\"text-align: justify;\">Estamos conscientes de nuestras responsabilidades y de que estamos llamados a introducir importantes innovaciones tecnol\u00f3gicas y responsabilizados cada vez m\u00e1s con la generalizaci\u00f3n de las novedosas t\u00e9cnicas de m\u00ednimo acceso en nuestro pa\u00eds, as\u00ed como de garantizar la formaci\u00f3n de nuevos especialistas.<\/p>\n<p style=\"text-align: justify;\">El <strong>Evento <\/strong><strong>de Base<\/strong> del <strong>F\u00f3rum<\/strong> <strong>por la Innovaci\u00f3n<\/strong> es el evento cient\u00edfico-t\u00e9cnico m\u00e1s importante que desarrolla el centro cada a\u00f1o ya que participan, no s\u00f3lo los investigadores, sino todas sus enfermeras, t\u00e9cnicos, y obreros, con el af\u00e1n de mostrar resultados, encontrar soluciones, y generalizar los numerosos problemas a que se nos enfrentamos a diario.<\/p>\n<p style=\"text-align: justify;\">Convocamos a <strong>TODOS<\/strong> los trabajadores y estudiantes a participar en el F\u00f3rum de base y enviar sus trabajos.<\/p>\n<p style=\"text-align: right;\"><strong>Comisi\u00f3n F\u00f3rum de Base<\/strong><\/p>\n<p style=\"text-align: right;\"><strong>Centro Nacional de Cirug\u00eda de M\u00ednimo Acceso<\/strong><\/p>\n","protected":false},"excerpt":{"rendered":"<p>&nbsp; LLAMAMIENTO AL FORUM DE CIENCIA Y T\u00c9CNICA Este a\u00f1o 2025 est\u00e1 transitando con grandes retos y dificultades para todos nosotros, para todo el pueblo de Cuba, pero muy especialmente para los trabajadores de la Salud, que han mantenido su compromiso con el pueblo y la Revoluci\u00f3n a pesar de la situaci\u00f3n actual. El centro [&hellip;]<\/p>\n","protected":false},"author":3262,"featured_media":0,"parent":0,"menu_order":0,"comment_status":"closed","ping_status":"closed","template":"","meta":[],"_links":{"self":[{"href":"https:\/\/promociondeeventos.sld.cu\/forumcncma2025\/wp-json\/wp\/v2\/pages\/20"}],"collection":[{"href":"https:\/\/promociondeeventos.sld.cu\/forumcncma2025\/wp-json\/wp\/v2\/pages"}],"about":[{"href":"https:\/\/promociondeeventos.sld.cu\/forumcncma2025\/wp-json\/wp\/v2\/types\/page"}],"author":[{"embeddable":true,"href":"https:\/\/promociondeeventos.sld.cu\/forumcncma2025\/wp-json\/wp\/v2\/users\/3262"}],"replies":[{"embeddable":true,"href":"https:\/\/promociondeeventos.sld.cu\/forumcncma2025\/wp-json\/wp\/v2\/comments?post=20"}],"version-history":[{"count":6,"href":"https:\/\/promociondeeventos.sld.cu\/forumcncma2025\/wp-json\/wp\/v2\/pages\/20\/revisions"}],"predecessor-version":[{"id":249,"href":"https:\/\/promociondeeventos.sld.cu\/forumcncma2025\/wp-json\/wp\/v2\/pages\/20\/revisions\/249"}],"wp:attachment":[{"href":"https:\/\/promociondeeventos.sld.cu\/forumcncma2025\/wp-json\/wp\/v2\/media?parent=20"}],"curies":[{"name":"wp","href":"https:\/\/api.w.org\/{rel}","templated":true}]}}