{"id":183,"date":"2025-05-20T20:52:58","date_gmt":"2025-05-20T20:52:58","guid":{"rendered":"https:\/\/promociondeeventos.sld.cu\/forumcncma2025\/?page_id=183"},"modified":"2025-06-10T19:07:33","modified_gmt":"2025-06-10T19:07:33","slug":"tribunales","status":"publish","type":"page","link":"https:\/\/promociondeeventos.sld.cu\/forumcncma2025\/tribunales\/","title":{"rendered":"Tribunales"},"content":{"rendered":"<p><a href=\"https:\/\/promociondeeventos.sld.cu\/forumcncma2025\/tribunales\/tribunal-1\/\" target=\"_blank\" rel=\"noopener\"><strong><u>Tribunal No 1 <\/u><\/strong><\/a><\/p>\n<p>Dr. C. Irene Olimpia Barrios Osuna (Presidenta)<\/p>\n<p>Dra. Maricela Morera P\u00e9rez (Miembro)<\/p>\n<p>Dr. Oreste Gonz\u00e1lez Torres (Miembro)<\/p>\n<p><u>\u00a0<\/u><\/p>\n<p><a href=\"https:\/\/promociondeeventos.sld.cu\/forumcncma2025\/tribunales\/tribunal-2\/\" target=\"_blank\" rel=\"noopener\"><strong><u>Tribunal No 2<\/u><\/strong><\/a><\/p>\n<p>Dr. C. Vivianne Mar\u00eda Anido Escobar (Presidente)<\/p>\n<p>Dr. C. Luis Alonso Fern\u00e1ndez (Miembro)<\/p>\n<p>Dra. Daymara Del R\u00edo Baz\u00e1n (Miembro)<\/p>\n<p><u>\u00a0<\/u><\/p>\n<p><a href=\"https:\/\/promociondeeventos.sld.cu\/forumcncma2025\/tribunales\/tribunal-3\/\" target=\"_blank\" rel=\"noopener\"><strong><u>Tribunal No 3<\/u><\/strong><\/a><\/p>\n<p>Dr. C. Julieth Su\u00e1rez Oceguera (Presidente)<\/p>\n<p>M. Sc. Dr. Maykel Quintana Rodr\u00edguez (Miembro)<\/p>\n<p>M. Sc. Lic. Yarileyni Mart\u00ednez Lamelas (Miembro)<\/p>\n<p><u>\u00a0<\/u><\/p>\n<p><a href=\"https:\/\/promociondeeventos.sld.cu\/forumcncma2025\/tribunal-4\/\" target=\"_blank\" rel=\"noopener\"><strong><u>Tribunal No 4<\/u>:<\/strong><\/a><\/p>\n<p>Dra. Lilian Valdivia Garc\u00eda (Presidente)<\/p>\n<p>Dra. Arlene Franco Bonal (Miembro)<\/p>\n<p>Lic. Ya\u00edma Dubergel Fabier (Miembro)<\/p>\n<p><u>\u00a0<\/u><\/p>\n<p><a href=\"https:\/\/promociondeeventos.sld.cu\/forumcncma2025\/tribunal-5\/\" target=\"_blank\" rel=\"noopener\"><strong><u>Tribunal No 5<\/u><\/strong><\/a><\/p>\n<p>Dra. C. Irene Olimpia Barrios Osuna (Presidente)<\/p>\n<p>Dr. C. Julieth Su\u00e1rez Oceguera (Miembro)<\/p>\n<p>Lic. Yarileinis Mart\u00ednez Lamelas (Miembro)<\/p>\n","protected":false},"excerpt":{"rendered":"<p>Tribunal No 1 Dr. C. Irene Olimpia Barrios Osuna (Presidenta) Dra. Maricela Morera P\u00e9rez (Miembro) Dr. Oreste Gonz\u00e1lez Torres (Miembro) \u00a0 Tribunal No 2 Dr. C. Vivianne Mar\u00eda Anido Escobar (Presidente) Dr. C. Luis Alonso Fern\u00e1ndez (Miembro) Dra. Daymara Del R\u00edo Baz\u00e1n (Miembro) \u00a0 Tribunal No 3 Dr. C. Julieth Su\u00e1rez Oceguera (Presidente) M. Sc. [&hellip;]<\/p>\n","protected":false},"author":3262,"featured_media":0,"parent":0,"menu_order":0,"comment_status":"closed","ping_status":"closed","template":"","meta":[],"_links":{"self":[{"href":"https:\/\/promociondeeventos.sld.cu\/forumcncma2025\/wp-json\/wp\/v2\/pages\/183"}],"collection":[{"href":"https:\/\/promociondeeventos.sld.cu\/forumcncma2025\/wp-json\/wp\/v2\/pages"}],"about":[{"href":"https:\/\/promociondeeventos.sld.cu\/forumcncma2025\/wp-json\/wp\/v2\/types\/page"}],"author":[{"embeddable":true,"href":"https:\/\/promociondeeventos.sld.cu\/forumcncma2025\/wp-json\/wp\/v2\/users\/3262"}],"replies":[{"embeddable":true,"href":"https:\/\/promociondeeventos.sld.cu\/forumcncma2025\/wp-json\/wp\/v2\/comments?post=183"}],"version-history":[{"count":8,"href":"https:\/\/promociondeeventos.sld.cu\/forumcncma2025\/wp-json\/wp\/v2\/pages\/183\/revisions"}],"predecessor-version":[{"id":527,"href":"https:\/\/promociondeeventos.sld.cu\/forumcncma2025\/wp-json\/wp\/v2\/pages\/183\/revisions\/527"}],"wp:attachment":[{"href":"https:\/\/promociondeeventos.sld.cu\/forumcncma2025\/wp-json\/wp\/v2\/media?parent=183"}],"curies":[{"name":"wp","href":"https:\/\/api.w.org\/{rel}","templated":true}]}}