{"id":176,"date":"2025-05-14T19:53:52","date_gmt":"2025-05-14T19:53:52","guid":{"rendered":"https:\/\/promociondeeventos.sld.cu\/forumcncma2025\/?page_id=176"},"modified":"2025-05-26T14:41:50","modified_gmt":"2025-05-26T14:41:50","slug":"proceso-de-envio-2","status":"publish","type":"page","link":"https:\/\/promociondeeventos.sld.cu\/forumcncma2025\/proceso-de-envio-2\/","title":{"rendered":"Proceso de env\u00edo"},"content":{"rendered":"<p>Se recibir\u00e1n las ponencias en formato Word (V\u00e9ase <a href=\"https:\/\/promociondeeventos.sld.cu\/forumcncma2025\/normas-de-presentacion-de-los-trabajos\/\" target=\"_blank\" rel=\"noopener\">REQUISITOS MINIMOS QUE DEBERAN CUMPLIR LAS PONENCIAS<\/a>) de todos los interesados en participar <span style=\"text-decoration: underline\">hasta el viernes 30 de mayo 2025<\/span>. \u00a0Se deben enviar a <a href=\"mailto:investigaciones@cce.sld.cu\">investigaciones@cce.sld.cu<\/a> \u00a0o personalmente en la oficina de Investigaciones<\/p>\n<p><strong>\u00a0<\/strong><\/p>\n<p style=\"text-align: right\"><strong>Comisi\u00f3n F\u00f3rum de Base<\/strong><\/p>\n","protected":false},"excerpt":{"rendered":"<p>Se recibir\u00e1n las ponencias en formato Word (V\u00e9ase REQUISITOS MINIMOS QUE DEBERAN CUMPLIR LAS PONENCIAS) de todos los interesados en participar hasta el viernes 30 de mayo 2025. \u00a0Se deben enviar a investigaciones@cce.sld.cu \u00a0o personalmente en la oficina de Investigaciones \u00a0 Comisi\u00f3n F\u00f3rum de Base<\/p>\n","protected":false},"author":3308,"featured_media":0,"parent":0,"menu_order":0,"comment_status":"closed","ping_status":"closed","template":"","meta":[],"_links":{"self":[{"href":"https:\/\/promociondeeventos.sld.cu\/forumcncma2025\/wp-json\/wp\/v2\/pages\/176"}],"collection":[{"href":"https:\/\/promociondeeventos.sld.cu\/forumcncma2025\/wp-json\/wp\/v2\/pages"}],"about":[{"href":"https:\/\/promociondeeventos.sld.cu\/forumcncma2025\/wp-json\/wp\/v2\/types\/page"}],"author":[{"embeddable":true,"href":"https:\/\/promociondeeventos.sld.cu\/forumcncma2025\/wp-json\/wp\/v2\/users\/3308"}],"replies":[{"embeddable":true,"href":"https:\/\/promociondeeventos.sld.cu\/forumcncma2025\/wp-json\/wp\/v2\/comments?post=176"}],"version-history":[{"count":3,"href":"https:\/\/promociondeeventos.sld.cu\/forumcncma2025\/wp-json\/wp\/v2\/pages\/176\/revisions"}],"predecessor-version":[{"id":252,"href":"https:\/\/promociondeeventos.sld.cu\/forumcncma2025\/wp-json\/wp\/v2\/pages\/176\/revisions\/252"}],"wp:attachment":[{"href":"https:\/\/promociondeeventos.sld.cu\/forumcncma2025\/wp-json\/wp\/v2\/media?parent=176"}],"curies":[{"name":"wp","href":"https:\/\/api.w.org\/{rel}","templated":true}]}}