{"id":702,"date":"2024-07-25T22:56:59","date_gmt":"2024-07-25T22:56:59","guid":{"rendered":"https:\/\/promociondeeventos.sld.cu\/forumcncma2024\/?page_id=702"},"modified":"2024-07-31T01:03:32","modified_gmt":"2024-07-31T01:03:32","slug":"acidos-biliares-evidencias-actuales","status":"publish","type":"page","link":"https:\/\/promociondeeventos.sld.cu\/forumcncma2024\/acidos-biliares-evidencias-actuales\/","title":{"rendered":"\u00c1cidos Biliares: evidencias actuales"},"content":{"rendered":"<p><strong>Autores:<\/strong><\/p>\n<p style=\"text-align: justify\">Felipe Neri Pi\u00f1ol Jim\u00e9nez; Virginia de los \u00c1ngeles Cap\u00f3 de Paz; Juli\u00e1n Francisco Ru\u00edz Torres; Miguel \u00c1ngel Mart\u00ednez Alfonso; Lourdes Guadalupe Arencibia Flores; Rub\u00e9n Oscar Garc\u00eda Santos; B\u00e1rbaro Germ\u00e1n P\u00e9rez Hern\u00e1ndez; Guillermo Otoya-Moreno, Nilmer Segura Fern\u00e1ndez .<\/p>\n<p>RESUMEN<\/p>\n<p style=\"text-align: justify\"><strong>Introducci\u00f3n: <\/strong>En las ciencias m\u00e9dicas cubanas no existen programas de pre y posgrado que aborden la actualidad y rigor cient\u00edfico requerido las funciones de los \u00e1cidos biliares. <strong>Objetivo: <\/strong>Ofrecer las bases de los contenidos te\u00f3ricos y evidencias cient\u00edficas actualizadas de los \u00e1cidos biliares. <strong>Material- m\u00e9todo: <\/strong>Se realiz\u00f3 una revisi\u00f3n sistem\u00e1tica, cr\u00edtica, en las bases de datos internacionales desde 1990 hasta 2023. <strong>Resultados: <\/strong>se ofrece un enfoque multi y transdiciplinario de lo actualizados de los \u00e1cidos biliares, en diecis\u00e9is cap\u00edtulos, avalada por m\u00e1s de dos mil referencias bibliogr\u00e1ficas cubanas y extranjeras, se integra a la \u201cserie gastroenterolog\u00eda\u201d de la \u201ccolecci\u00f3n ciencias m\u00e9dicas\u201d, pionera en describir el rol de los \u00e1cidos biliares en la COVID-19. Disponible en todas las universidades e instituciones m\u00e9dicas del pa\u00eds y en Infomed. Impacto econ\u00f3mico: la obra influye en elevar el conocimiento cient\u00edfico, el cual act\u00faa directamente en el perfeccionamiento de la atenci\u00f3n del paciente y garantiza un diagn\u00f3stico y tratamiento certero y oportuno con el ahorro de recursos materiales y humanos que significan, en \u00faltima instancia, una reducci\u00f3n en t\u00e9rminos de inversi\u00f3n y costos. Los libros del tema se venden en el mercado internacional en divisas, con esta publicaci\u00f3n se minimizan los gastos por ese concepto en el pa\u00eds. <strong>Conclusiones: <\/strong>referencia obligada para el perfeccionamiento en la formaci\u00f3n de las ciencias b\u00e1sicas biom\u00e9dicas, cl\u00ednicas, quir\u00fargicas y dem\u00e1s especialidades. <strong>Recomendaciones: <\/strong>debe estar disponible como referencia a consultar en todas las ramas de las Ciencias B\u00e1sicas Biom\u00e9dicas y cl\u00ednicas e incorporada a la labor docente, asistencial e investigativa.<\/p>\n<p><strong>Palabras claves: <\/strong>\u00e1cidos biliares; colesterol; ves\u00edcula biliar; homeostasis; receptores; microbiota; disbiosis; cirug\u00eda bari\u00e1trica; pancreatitis; COVID-19, f\u00e1rmacos.<\/p>\n<p><a href=\"http:\/\/promociondeeventos.sld.cu\/forumcncma2024\/files\/2024\/07\/Libro-PinolForum2024.pdf\">Documento Texto Completo<\/a><\/p>\n","protected":false},"excerpt":{"rendered":"<p>Autores: Felipe Neri Pi\u00f1ol Jim\u00e9nez; Virginia de los \u00c1ngeles Cap\u00f3 de Paz; Juli\u00e1n Francisco Ru\u00edz Torres; Miguel \u00c1ngel Mart\u00ednez Alfonso; Lourdes Guadalupe Arencibia Flores; Rub\u00e9n Oscar Garc\u00eda Santos; B\u00e1rbaro Germ\u00e1n P\u00e9rez Hern\u00e1ndez; Guillermo Otoya-Moreno, Nilmer Segura Fern\u00e1ndez . RESUMEN Introducci\u00f3n: En las ciencias m\u00e9dicas cubanas no existen programas de pre y posgrado que aborden la [&hellip;]<\/p>\n","protected":false},"author":3301,"featured_media":0,"parent":0,"menu_order":0,"comment_status":"open","ping_status":"open","template":"","meta":[],"_links":{"self":[{"href":"https:\/\/promociondeeventos.sld.cu\/forumcncma2024\/wp-json\/wp\/v2\/pages\/702"}],"collection":[{"href":"https:\/\/promociondeeventos.sld.cu\/forumcncma2024\/wp-json\/wp\/v2\/pages"}],"about":[{"href":"https:\/\/promociondeeventos.sld.cu\/forumcncma2024\/wp-json\/wp\/v2\/types\/page"}],"author":[{"embeddable":true,"href":"https:\/\/promociondeeventos.sld.cu\/forumcncma2024\/wp-json\/wp\/v2\/users\/3301"}],"replies":[{"embeddable":true,"href":"https:\/\/promociondeeventos.sld.cu\/forumcncma2024\/wp-json\/wp\/v2\/comments?post=702"}],"version-history":[{"count":2,"href":"https:\/\/promociondeeventos.sld.cu\/forumcncma2024\/wp-json\/wp\/v2\/pages\/702\/revisions"}],"predecessor-version":[{"id":706,"href":"https:\/\/promociondeeventos.sld.cu\/forumcncma2024\/wp-json\/wp\/v2\/pages\/702\/revisions\/706"}],"wp:attachment":[{"href":"https:\/\/promociondeeventos.sld.cu\/forumcncma2024\/wp-json\/wp\/v2\/media?parent=702"}],"curies":[{"name":"wp","href":"https:\/\/api.w.org\/{rel}","templated":true}]}}