{"id":640,"date":"2024-07-23T17:01:36","date_gmt":"2024-07-23T17:01:36","guid":{"rendered":"https:\/\/promociondeeventos.sld.cu\/forumcncma2024\/?page_id=640"},"modified":"2024-08-06T09:31:34","modified_gmt":"2024-08-06T14:31:34","slug":"certificados-de-trabajos-premiados","status":"publish","type":"page","link":"https:\/\/promociondeeventos.sld.cu\/forumcncma2024\/certificados-de-trabajos-premiados\/","title":{"rendered":"Certificados de trabajos premiados"},"content":{"rendered":"<p><a href=\"https:\/\/promociondeeventos.sld.cu\/forumcncma2024\/tribunal-no-1\/\"><strong><u>Tribunal No 1 <\/u><\/strong><\/a><\/p>\n<p><strong>Relevantes:<\/strong><\/p>\n<p><a href=\"https:\/\/promociondeeventos.sld.cu\/forumcncma2024\/evolucion-clinica-de-los-pacientes-con-acalasia-esofagica-tratados-con-miotomia-de-heller-dor\/\">1-Evoluci\u00f3n cl\u00ednica de los pacientes con Acalasia esof\u00e1gica tratados con miotom\u00eda de Heller Dor<\/a>.\u00a0\u00a0\u00a0 <a href=\"http:\/\/promociondeeventos.sld.cu\/forumcncma2024\/files\/2024\/07\/Relevante-1.pdf\" target=\"_blank\" rel=\"noopener\">Certificado Relevante<\/a>.<\/p>\n<p>Dra. C. Rosalba Roque Gonz\u00e1lez.<\/p>\n<p>Dra. MSc. Gretell Raquel Hern\u00e1ndez Avil\u00e9s.<\/p>\n<p>Dr. C. Miguel \u00c1ngel Mart\u00ednez Alfonso.<\/p>\n<p>Dra. C. Vivianne Mar\u00eda Anido Escobar.<\/p>\n<p>Dra. Samira Becil Poyato.<\/p>\n<p>Dr. MSc. Jorge Alberto Silva Valido.<\/p>\n<p><a href=\"https:\/\/promociondeeventos.sld.cu\/forumcncma2024\/simpaticotomia-videotoracoscopica-t3-t4-uniportal-en-la-hiperhidrosis-palmar-severa-y-muy-severa\/\">2-Simpaticotom\u00eda videotoracosc\u00f3pica T3-T4 uniportal en la Hiperhidrosis palmar severa y muy severa<\/a>. \u00a0\u00a0 <a href=\"http:\/\/promociondeeventos.sld.cu\/forumcncma2024\/files\/2024\/07\/Relevante-2.pdf\" target=\"_blank\" rel=\"noopener\">Certificado Relevante<\/a>.<strong><br \/>\n<\/strong><\/p>\n<p>Dr. C. Hiram de Zacarias Rodr\u00edguez Blanco.<\/p>\n<p>Dr. C. Sigifredo de la Caridad Montero Ferrer.<\/p>\n<p>Dra. C. Rosalba Roque Gonz\u00e1lez.<\/p>\n<p><strong>Destacados:<\/strong><\/p>\n<p><a href=\"https:\/\/promociondeeventos.sld.cu\/forumcncma2024\/impacto-de-la-pandemia-covid-19-en-la-coledocolitiasis-durante-las-colecistectomias-laparoscopicas-en-el-cncma\/\" target=\"_blank\" rel=\"noopener\">1-Impacto de la pandemia COVID-19 en la coledocolit\u00edasis durante las colecistectom\u00edas laparosc\u00f3picas en el CNCMA<\/a>.\u00a0 <a href=\"http:\/\/promociondeeventos.sld.cu\/forumcncma2024\/files\/2024\/07\/Destacado-1.pdf\" target=\"_blank\" rel=\"noopener\">Certificado Destacados<\/a>.<\/p>\n<p>Dr. Yosniel Lugo Echevarr\u00eda.<\/p>\n<p>Dr. C. Rafael de la Caridad Torres Pe\u00f1a.<\/p>\n<p>Dra. Maricela Morera P\u00e9rez.<\/p>\n<p><a href=\"https:\/\/promociondeeventos.sld.cu\/forumcncma2024\/cirugia-laparoscopica-colorrectal-en-el-adulto-mayor\/\" target=\"_blank\" rel=\"noopener\">2-Cirug\u00eda laparosc\u00f3pica colorrectal en el Adulto Mayor<\/a>.\u00a0 <a href=\"http:\/\/promociondeeventos.sld.cu\/forumcncma2024\/files\/2024\/07\/Destacado-2.pdf\" target=\"_blank\" rel=\"noopener\">Certificado Destacados<\/a>.<\/p>\n<p>Dr. MSc. Mario Lu\u00eds Riguera Mart\u00edn.<\/p>\n<p>Dr. C. Miguel \u00c1ngel Mart\u00ednez Alfonso.<\/p>\n<p>Dr. C. Rafael de la Caridad Torres Pe\u00f1a.<\/p>\n<p>Dr. C. Javier Ernesto Barrera Gonz\u00e1lez.<\/p>\n<p>Dr. MSc: Jorge Gerardo Pereira Fraga.<\/p>\n<p>Dra. Liuba Luisa Arteche Hidalgo.<\/p>\n<p><strong>Menci\u00f3n:<\/strong><\/p>\n<p><a href=\"https:\/\/promociondeeventos.sld.cu\/forumcncma2024\/tratamiento-endoscopico-de-los-meningoencefaloceles-nasales\/\">1-Tratamiento endosc\u00f3pico de los\u00a0 meningoencefaloceles \u00a0nasales<\/a>.\u00a0\u00a0\u00a0 <a href=\"http:\/\/promociondeeventos.sld.cu\/forumcncma2024\/files\/2024\/07\/Mencion-1.pdf\" target=\"_blank\" rel=\"noopener\">Certificado Menci\u00f3n<\/a>.<\/p>\n<p>Dr. C. Luis Alonso Fern\u00e1ndez.<\/p>\n<p>Dra. C. Tania Leyva Mastrapa.<\/p>\n<p><u>\u00a0<\/u><\/p>\n<p><!--more--><\/p>\n<p><a href=\"https:\/\/promociondeeventos.sld.cu\/forumcncma2024\/tribunal-no-2\/\"><strong><u>Tribunal No 2<\/u><\/strong><\/a><\/p>\n<p><strong>Relevantes:<\/strong><\/p>\n<p><a href=\"https:\/\/promociondeeventos.sld.cu\/forumcncma2024\/complicaciones-de-la-cirugia-laparoscopica-urologica-en-un-centro-de-referencia-nacional\/\" target=\"_blank\" rel=\"noopener\">1-Complicaciones de la cirug\u00eda laparosc\u00f3pica urol\u00f3gica en un centro de referencia nacional<\/a>. \u00a0\u00a0 <a href=\"http:\/\/promociondeeventos.sld.cu\/forumcncma2024\/files\/2024\/07\/Relevante-6.pdf\">Certificado Relevante<\/a>.<\/p>\n<p>Dra. C. Tania Gonz\u00e1lez Le\u00f3n.<\/p>\n<p>Dr. MSc. Jorge Alberto Silva Valido.<\/p>\n<p>Dra. Claraliz Garc\u00eda Mart\u00ednez.<\/p>\n<p>Est. Eilen Carol Reyes Gri\u00f1\u00e1n.<\/p>\n<p>Dr. MSc. Maykel Quintana Rodr\u00edguez.<\/p>\n<p>Dr. MSc. Michel Hern\u00e1ndez Campoalegre.<\/p>\n<p>Dr. C. Rafael de la Caridad Torres Pe\u00f1a.<\/p>\n<p><strong>Destacados:<\/strong><\/p>\n<p>1-Da\u00f1o renal en la nefrectom\u00eda laparosc\u00f3pica. \u00a0 <a href=\"http:\/\/promociondeeventos.sld.cu\/forumcncma2024\/files\/2024\/08\/Destacado-7.pdf\" target=\"_blank\" rel=\"noopener\">Certificado Destacado<\/a>.<\/p>\n<p>Dra. C. Tania Gonz\u00e1lez Le\u00f3n.<\/p>\n<p>Dra. MSc. Carmen P\u00e9rez Castro.<\/p>\n<p>Dr. MSc. Jorge Alberto Silva Valido.<\/p>\n<p>Est. Lucy Hern\u00e1ndez Gonz\u00e1lez.<\/p>\n<p>Dr. MSc. Maykel Quintana Rodr\u00edguez.<\/p>\n<p>Dr. MSc. Michel Hern\u00e1ndez Campoalegre.<\/p>\n<p><a href=\"https:\/\/promociondeeventos.sld.cu\/forumcncma2024\/supervivencia-en-la-cirugia-conservadora-de-nefronas-por-carcinoma-renal\/\" target=\"_blank\" rel=\"noopener\">2-Supervivencia en la cirug\u00eda conservadora de nefronas por carcinoma renal<\/a>. \u00a0\u00a0 <a href=\"http:\/\/promociondeeventos.sld.cu\/forumcncma2024\/files\/2024\/07\/Destacado-8.pdf\">Certificado Destacado<\/a>.<\/p>\n<p>Dra. C. Tania Gonz\u00e1lez Le\u00f3n.<\/p>\n<p>Dr. MSc. Jes\u00fas Javier S\u00e1nchez Mata.<\/p>\n<p>Dr. MSc. Michel Hern\u00e1ndez Campoalegre.<\/p>\n<p>Dr. MSc. Maykel Quintana Rodr\u00edguez.<\/p>\n<p>Dr. MSc. Roberto S\u00e1nchez Tamaki.<\/p>\n<p>Dra. Liliam Quelle Santana.<\/p>\n<p><strong>Menci\u00f3n:<\/strong><\/p>\n<p><a href=\"https:\/\/promociondeeventos.sld.cu\/forumcncma2024\/prostatectomia-simple-laparoscopica\/\" target=\"_blank\" rel=\"noopener\">1-Prostatectom\u00eda simple laparosc\u00f3pica<\/a>. \u00a0\u00a0 <a href=\"http:\/\/promociondeeventos.sld.cu\/forumcncma2024\/files\/2024\/07\/Mencion-7.pdf\" target=\"_blank\" rel=\"noopener\">Certificado Menci\u00f3n<\/a>.<\/p>\n<p>Dr. MSc. Maykel Quintana Rodr\u00edguez.<\/p>\n<p>Dra. C. Tania Gonz\u00e1lez Le\u00f3n.<\/p>\n<p>Dr. MSc. Michel Hern\u00e1ndez Campoalegre.<\/p>\n<p>Dr. MSc. Roberto S\u00e1nchez Tamaki.<\/p>\n<p>Dra. Ena Cecilia S\u00e1nchez H\u00e9rnandez.<\/p>\n<p>Dr. MSc. Juan Bautista Oliv\u00e9 Gonz\u00e1lez.<\/p>\n<p><a href=\"https:\/\/promociondeeventos.sld.cu\/forumcncma2024\/consideraciones-oncologicas-de-la-nefroureterectomia-laparoscopica-en-el-tumor-urotelial-del-tracto-urinario-superior\/\" target=\"_blank\" rel=\"noopener\">2-Consideraciones oncol\u00f3gicas de la nefroureterectom\u00eda laparosc\u00f3pica en el tumor urotelial del tracto urinario superior<\/a>.\u00a0\u00a0\u00a0\u00a0 <a href=\"http:\/\/promociondeeventos.sld.cu\/forumcncma2024\/files\/2024\/07\/Mencion-8.pdf\" target=\"_blank\" rel=\"noopener\">Certificado Menci\u00f3n<\/a>.<\/p>\n<p>Dr. MSc. Michel Hern\u00e1ndez Campoalegre.<\/p>\n<p>Dra. C. Tania Gonz\u00e1lez Le\u00f3n.<\/p>\n<p>Dr. MSc. Maykel Quintana Rodr\u00edguez.<\/p>\n<p>Dr. MSc. Roberto S\u00e1nchez Tamaki.<\/p>\n<p>Dra. Maricela Morera P\u00e9rez.<\/p>\n<p>Dra. Ena Cecilia S\u00e1nchez H\u00e9rnandez.<\/p>\n<p>Lic. Yanelis Soto Gonzalez.<\/p>\n<p><u>\u00a0<\/u><\/p>\n<p><!--more--><\/p>\n<p><a href=\"https:\/\/promociondeeventos.sld.cu\/forumcncma2024\/tribunal-no-3\/\"><strong><u>Tribunal No 3<\/u><\/strong><\/a><\/p>\n<p><strong>Relevantes:<\/strong><\/p>\n<p><a href=\"https:\/\/promociondeeventos.sld.cu\/forumcncma2024\/hidroenema-por-tomografia-computarizada-como-alternativa-diagnostica-para-tumores-de-colon\/\" target=\"_blank\" rel=\"noopener\">1-Hidroenema por tomograf\u00eda computarizada como alternativa diagn\u00f3stica para tumores de colon<\/a>. \u00a0 <a href=\"http:\/\/promociondeeventos.sld.cu\/forumcncma2024\/files\/2024\/07\/Relevante-3.pdf\" target=\"_blank\" rel=\"noopener\">Certificado Relevante<\/a>.<\/p>\n<p>Dra. C. Julieth Suarez Oceguera.<\/p>\n<p>Dra. MSc. Andria de la Cruz de O\u00f1a.<\/p>\n<p>Dra. MSc. Yandys Salas de la Cruz.<\/p>\n<p>Lic. Katiusca Mancebo Limonta.<\/p>\n<p>Dra. C. Lic. Yanet Ortega Dugrot.<\/p>\n<p><strong>Destacados:<\/strong><\/p>\n<p><a href=\"https:\/\/promociondeeventos.sld.cu\/forumcncma2024\/la-gestion-de-la-calidad-de-los-pases-de-visita-docentes\/\" target=\"_blank\" rel=\"noopener\">1-La gesti\u00f3n de la calidad de los pases de visita docentes<\/a>. \u00a0\u00a0 <a href=\"http:\/\/promociondeeventos.sld.cu\/forumcncma2024\/files\/2024\/07\/Destacado-3.pdf\" target=\"_blank\" rel=\"noopener\">Certificado Destacados<\/a>.<\/p>\n<p>Dra. C. Irene Olimpia Barrios Osuna.<\/p>\n<p>Dr. C. Luis Alonso Fern\u00e1ndez.<\/p>\n<p>Dra. C. Vivianne Mar\u00eda Anido Escobar.<\/p>\n<p>Dra. Maricela Morera P\u00e9rez.<\/p>\n<p><strong>Menci\u00f3n:<\/strong><\/p>\n<p><a href=\"https:\/\/promociondeeventos.sld.cu\/forumcncma2024\/impacto-economico-de-la-intervencion-nutricional-en-los-pacientes-con-riesgo-de-desnutricion\/\" target=\"_blank\" rel=\"noopener\">1-Impacto econ\u00f3mico de la intervenci\u00f3n nutricional en los pacientes con riesgo de desnutrici\u00f3n<\/a>. \u00a0\u00a0 <a href=\"http:\/\/promociondeeventos.sld.cu\/forumcncma2024\/files\/2024\/07\/Mencion-3.pdf\" target=\"_blank\" rel=\"noopener\">Certificado Menci\u00f3n<\/a>.<\/p>\n<p>Dra. MSc. Lilian Valdivia Garc\u00eda.<\/p>\n<p><a href=\"https:\/\/promociondeeventos.sld.cu\/forumcncma2024\/conocimientos-actitudes-y-practicas-en-bioseguridad-en-trabajadores-expuestos-a-riesgos-biologicos\/\" target=\"_blank\" rel=\"noopener\">2-Conocimientos, actitudes y pr\u00e1cticas en bioseguridad en trabajadores expuestos a riesgos biol\u00f3gicos<\/a>. <a href=\"http:\/\/promociondeeventos.sld.cu\/forumcncma2024\/files\/2024\/07\/Mencion-4.pdf\" target=\"_blank\" rel=\"noopener\">Certificado Menci\u00f3n<\/a>.<\/p>\n<p>Dra. Daimarelis Guerra del Valle.<\/p>\n<p>Dra. C. Susana Solis Solis.<\/p>\n<p>Dra. C. Lic. Yanet Ortega Dugrot.<\/p>\n<p>Dr. MSc. Jorge Alberto Silva Valido.<\/p>\n<p>Lic. Yanet Olivares Giraudy.<\/p>\n<p>Dra. Iyolexis Medina Calzada.<\/p>\n<p><a href=\"https:\/\/promociondeeventos.sld.cu\/forumcncma2024\/bloqueo-de-escalpe-en-la-cirugia-funcional-de-pacientes-con-enfermedad-de-parkinson\/\" target=\"_blank\" rel=\"noopener\">3-Bloqueo de escalpe en la cirug\u00eda funcional de pacientes con enfermedad de parkinson<\/a>.\u00a0\u00a0 <a href=\"http:\/\/promociondeeventos.sld.cu\/forumcncma2024\/files\/2024\/07\/Mencion-5.pdf\">Certificado Menci\u00f3n<\/a>.<\/p>\n<p>Dra. MSc. Isabel P\u00e9rez Fern\u00e1ndez.<\/p>\n<p>Dra. MSc. Sheila Berrillo Batista.<\/p>\n<p>Dr. MSc. Ricardo Vald\u00e9s Llerena.<\/p>\n<p><u>\u00a0<\/u><\/p>\n<p><!--more--><\/p>\n<p><a href=\"https:\/\/promociondeeventos.sld.cu\/forumcncma2024\/tribunal-no-4\/\"><strong><u>Tribunal No 4<\/u>:<\/strong><\/a> (<strong>Para trabajos de estudiantes de medicina<\/strong>)<\/p>\n<p><strong>Destacados:<\/strong><\/p>\n<p><a href=\"https:\/\/promociondeeventos.sld.cu\/forumcncma2024\/angel-arturo-aballi-padre-de-la-pediatria-en-cuba\/\" target=\"_blank\" rel=\"noopener\">1-\u00c1ngel Arturo Aball\u00ed. Padre de la Pediatr\u00eda en Cuba<\/a>.\u00a0\u00a0\u00a0\u00a0 <a href=\"http:\/\/promociondeeventos.sld.cu\/forumcncma2024\/files\/2024\/07\/Destacado-5.pdf\" target=\"_blank\" rel=\"noopener\">Certificado Destacados<\/a>.<strong><br \/>\n<\/strong><\/p>\n<p>Est. Jorge Alejandro Avila Anido.<\/p>\n<p><a href=\"https:\/\/promociondeeventos.sld.cu\/forumcncma2024\/cirugia-laparoscopica-de-las-fistulas-vesico-vaginales-10-anos-de-experiencia\/\" target=\"_blank\" rel=\"noopener\">2-Cirug\u00eda laparosc\u00f3pica de las fistulas v\u00e9sico-vaginales: 10 a\u00f1os de experiencia<\/a>.\u00a0\u00a0\u00a0 <a href=\"http:\/\/promociondeeventos.sld.cu\/forumcncma2024\/files\/2024\/07\/Destacado-4.pdf\" target=\"_blank\" rel=\"noopener\">Certificado Destacados<\/a>.<\/p>\n<p>Est. Lucy Hern\u00e1ndez Gonz\u00e1lez.<\/p>\n<p>Dr. Lenin Fidel Moreno Castro.<\/p>\n<p>Dr. MSc. Maykel Quintana Rodr\u00edguez.<\/p>\n<p>Dr. MSc. Michel Hern\u00e1ndez Campoalegre.<\/p>\n<p>Est. Thalia Torres Torres.<\/p>\n<p>Est. Carlos Maza.<\/p>\n<p>Dr. C. Tania Gonz\u00e1lez Le\u00f3n.<\/p>\n<p><strong>Menci\u00f3n:<\/strong><\/p>\n<p><a href=\"https:\/\/promociondeeventos.sld.cu\/forumcncma2024\/caracterizacion-del-hematoma-subdural-agudo-en-el-servicio-de-urgencias-del-hospital-calixto-garcia\/\" target=\"_blank\" rel=\"noopener\">1-Caracterizaci\u00f3n del Hematoma Subdural Agudo en el servicio de urgencias del Hospital Calixto Garc\u00eda<\/a>.\u00a0\u00a0 <a href=\"http:\/\/promociondeeventos.sld.cu\/forumcncma2024\/files\/2024\/07\/Mencion-6.pdf\" target=\"_blank\" rel=\"noopener\">Certificado Menci\u00f3n<\/a>.<\/p>\n<p>Est. Jorge Alejandro Avila Anido.<\/p>\n<p>Dr. Abel Collazo Sosa.<\/p>\n<p><u>\u00a0<\/u><\/p>\n<p><!--more--><\/p>\n<p><a href=\"https:\/\/promociondeeventos.sld.cu\/forumcncma2024\/tribunal-no-5\/\"><strong><u>Tribunal No 5<\/u><\/strong><\/a><\/p>\n<p><strong>Relevantes:<\/strong><\/p>\n<p><a href=\"https:\/\/promociondeeventos.sld.cu\/forumcncma2024\/acidos-biliares-evidencias-actuales\/\" target=\"_blank\" rel=\"noopener\">1-\u00c1cidos Biliares: evidencias actuales<\/a>.\u00a0\u00a0\u00a0\u00a0 <a href=\"http:\/\/promociondeeventos.sld.cu\/forumcncma2024\/files\/2024\/07\/Relevante-4.pdf\" target=\"_blank\" rel=\"noopener\">Certificado Relevante<\/a>.<\/p>\n<p>Dr. Cs. Felipe Neri Pi\u00f1ol Jim\u00e9nez.<\/p>\n<p>Dr. Cs. Virginia de los \u00c1ngeles Cap\u00f3 de Paz.<\/p>\n<p>Dr. C. Juli\u00e1n Francisco Ruiz Torres.<\/p>\n<p>Dr. C. Miguel \u00c1ngel Mart\u00ednez Alfonso.<\/p>\n<p>Dra. Lourdes Guadalupe Arencibia Flores.<\/p>\n<p>Dr. Rub\u00e9n Oscar Garc\u00eda Santos.<\/p>\n<p>Dr. C. B\u00e1rbaro Germ\u00e1n P\u00e9rez Hern\u00e1ndez.<\/p>\n<p>Dr. Guillermo Otoya-Moreno.<\/p>\n<p>Dr. Nilmer Segura Fern\u00e1ndez.<\/p>\n<p><a href=\"https:\/\/promociondeeventos.sld.cu\/forumcncma2024\/introduccion-y-desarrollo-de-los-estudios-de-motilidad-digestiva-en-el-cncma\/\" target=\"_blank\" rel=\"noopener\">2-Introducci\u00f3n y desarrollo de los estudios de motilidad digestiva en el CNCMA<\/a>.\u00a0\u00a0\u00a0 <a href=\"http:\/\/promociondeeventos.sld.cu\/forumcncma2024\/files\/2024\/07\/Relevante-5.pdf\" target=\"_blank\" rel=\"noopener\">Certificado Relevante<\/a>.<\/p>\n<p>Dra. C. Vivianne Mar\u00eda Anido Escobar.<\/p>\n<p><strong>Destacados:<\/strong><\/p>\n<p><a href=\"https:\/\/promociondeeventos.sld.cu\/forumcncma2024\/terapeutica-endoscopica-en-esofago-enfoque-historico-en-cncma\/\" target=\"_blank\" rel=\"noopener\">1-Terap\u00e9utica endosc\u00f3pica en es\u00f3fago. Enfoque hist\u00f3rico en CNCMA<\/a>.\u00a0\u00a0\u00a0\u00a0\u00a0 <a href=\"http:\/\/promociondeeventos.sld.cu\/forumcncma2024\/files\/2024\/07\/Destacado-6.pdf\" target=\"_blank\" rel=\"noopener\">Certificado Destacados<\/a>.<strong><br \/>\n<\/strong><\/p>\n<p>Dra. Mildred Ceclia Armenteros Torres.<\/p>\n<p>Dra. C. Vivianne Mar\u00eda Anido Escobar.<\/p>\n<p>Dr. C. Norberto Caridad Alfonso Contino.<\/p>\n<p>Dr. Jorge Luis Garc\u00eda-Menocal Hern\u00e1ndez.<\/p>\n<p>Dr. Cs. Felipe Neri Pi\u00f1ol Jim\u00e9nez.<\/p>\n<p><strong>Menci\u00f3n:<\/strong><\/p>\n<p><a href=\"https:\/\/promociondeeventos.sld.cu\/forumcncma2024\/nivel-de-satisfaccion-del-paciente-oncologico-en-la-realizacion-de-la-ultrasonografia-endoscopica\/\" target=\"_blank\" rel=\"noopener\">1-Nivel de satisfacci\u00f3n del paciente oncol\u00f3gico en la realizaci\u00f3n de la ultrasonograf\u00eda endosc\u00f3pica<\/a>.\u00a0\u00a0\u00a0\u00a0\u00a0 <a href=\"http:\/\/promociondeeventos.sld.cu\/forumcncma2024\/files\/2024\/07\/Mencion-2.pdf\" target=\"_blank\" rel=\"noopener\">Certificado Menci\u00f3n<\/a>.<\/p>\n<p>Lic. Claudia Caraballo Sosa.<\/p>\n<p>Lic. Maitee Cepeda Iglesias.<\/p>\n<p><!--more--><\/p>\n<p>&nbsp;<\/p>\n","protected":false},"excerpt":{"rendered":"<p>Tribunal No 1 Relevantes: 1-Evoluci\u00f3n cl\u00ednica de los pacientes con Acalasia esof\u00e1gica tratados con miotom\u00eda de Heller Dor.\u00a0\u00a0\u00a0 Certificado Relevante. Dra. C. Rosalba Roque Gonz\u00e1lez. Dra. MSc. Gretell Raquel Hern\u00e1ndez Avil\u00e9s. Dr. C. Miguel \u00c1ngel Mart\u00ednez Alfonso. Dra. C. Vivianne Mar\u00eda Anido Escobar. Dra. Samira Becil Poyato. Dr. MSc. Jorge Alberto Silva Valido. 2-Simpaticotom\u00eda videotoracosc\u00f3pica [&hellip;]<\/p>\n","protected":false},"author":3301,"featured_media":0,"parent":0,"menu_order":0,"comment_status":"open","ping_status":"open","template":"","meta":[],"_links":{"self":[{"href":"https:\/\/promociondeeventos.sld.cu\/forumcncma2024\/wp-json\/wp\/v2\/pages\/640"}],"collection":[{"href":"https:\/\/promociondeeventos.sld.cu\/forumcncma2024\/wp-json\/wp\/v2\/pages"}],"about":[{"href":"https:\/\/promociondeeventos.sld.cu\/forumcncma2024\/wp-json\/wp\/v2\/types\/page"}],"author":[{"embeddable":true,"href":"https:\/\/promociondeeventos.sld.cu\/forumcncma2024\/wp-json\/wp\/v2\/users\/3301"}],"replies":[{"embeddable":true,"href":"https:\/\/promociondeeventos.sld.cu\/forumcncma2024\/wp-json\/wp\/v2\/comments?post=640"}],"version-history":[{"count":32,"href":"https:\/\/promociondeeventos.sld.cu\/forumcncma2024\/wp-json\/wp\/v2\/pages\/640\/revisions"}],"predecessor-version":[{"id":945,"href":"https:\/\/promociondeeventos.sld.cu\/forumcncma2024\/wp-json\/wp\/v2\/pages\/640\/revisions\/945"}],"wp:attachment":[{"href":"https:\/\/promociondeeventos.sld.cu\/forumcncma2024\/wp-json\/wp\/v2\/media?parent=640"}],"curies":[{"name":"wp","href":"https:\/\/api.w.org\/{rel}","templated":true}]}}