{"id":305,"date":"2024-07-16T15:33:56","date_gmt":"2024-07-16T15:33:56","guid":{"rendered":"https:\/\/promociondeeventos.sld.cu\/forumcncma2024\/?page_id=305"},"modified":"2024-08-01T12:59:46","modified_gmt":"2024-08-01T12:59:46","slug":"impacto-de-la-nefrectomia-laparoscopica-sobre-la-funcion-renal-posoperatoria","status":"publish","type":"page","link":"https:\/\/promociondeeventos.sld.cu\/forumcncma2024\/impacto-de-la-nefrectomia-laparoscopica-sobre-la-funcion-renal-posoperatoria\/","title":{"rendered":"Impacto de la nefrectom\u00eda laparosc\u00f3pica sobre la funci\u00f3n renal posoperatoria"},"content":{"rendered":"<p><strong>Autores:<\/strong><\/p>\n<p>Tania Gonz\u00e1lez Le\u00f3n; Carmen P\u00e9rez Castro; Jorge Alberto Silva Valido; Lucy Hern\u00e1ndez Gonz\u00e1lez; Maykel Quintana Rodr\u00edguez; Michel Hern\u00e1ndez Campoalegre.<\/p>\n<p>RESUMEN<\/p>\n<p style=\"text-align: justify\"><strong>Introducci\u00f3n:<\/strong> La p\u00e9rdida quir\u00fargica de una unidad renal se asocia a enfermedad cr\u00f3nica progresiva y mayor mortalidad, pero este fen\u00f3meno no ha sido suficientemente estudiado. <strong>Objetivo:<\/strong> Determinar la repercusi\u00f3n de la NR y la NS laparosc\u00f3picas sobre la funci\u00f3n renal (FR) posoperatoria. <strong>Material y M\u00e9todos:<\/strong> Estudio observacional, anal\u00edtico, casos y controles. Fueron incluidos 176 pacientes, mayores de 18 a\u00f1os, operados de Nefrectom\u00eda Radical (NR) o simple (NS) mediante abordaje laparosc\u00f3pico, Centro Nacional de Cirug\u00eda de M\u00ednimo Acceso, 2017-2022. Se utilizaron medidas de estad\u00edstica descriptiva, pruebas estad\u00edsticas de comparaci\u00f3n de medias y proporciones. Para identificar variables relacionadas con la FR postoperatoria se realiz\u00f3 an\u00e1lisis estad\u00edstico univariado. <strong>Resultados<\/strong><strong>:<\/strong> Edad media 54,9 \u00b114,1 a\u00f1os, significativamente mayor en la NRL (p=0,00). Las comorbilidades fueron m\u00e1s frecuentes en la NRL (p=0,00). Disminuy\u00f3 el FG posoperatorio (70,33 ml\/min\/1,73m<sup>2<\/sup>) con relaci\u00f3n al FG preoperatorio (72,86 ml\/min\/1,73m<sup>2<\/sup>) (p&lt;0,001), y esta disminuci\u00f3n fue significativamente mayor en la NRL (70,38 ml\/min\/1,73m<sup>2<\/sup>) al comparar con la NSL (71,18 ml\/min\/1,73m<sup>2<\/sup>). El 15,9% de los pacientes nefrectomizados tuvieron alg\u00fan da\u00f1o de la FR y 10,2% evolucionaron a la ERC, con mayor porcentaje despu\u00e9s de la NRL (13,6%) vs NSL (5,5 %) (p=0,3). El sexo masculino (p=0,04) y mayor tiempo quir\u00fargico (p=0,01) se asociaron a da\u00f1o de la FR, independientemente de la nefrectom\u00eda. <strong>Conclusiones:<\/strong> La nefrectom\u00eda provoc\u00f3 p\u00e9rdida de la funci\u00f3n renal posoperatoria, pero la NRL tuvo mayor impacto y conllev\u00f3 a m\u00e1s ERC. El sexo masculino y el mayor tiempo quir\u00fargico tambi\u00e9n se asociaron a da\u00f1o renal posoperatorio.<\/p>\n<p>Palabras clave: ri\u00f1\u00f3n; nefrectom\u00eda; pruebas de funci\u00f3n renal; enfermedad renal cr\u00f3nica; c\u00e1ncer renal; cirug\u00eda; \u00a0 laparoscop\u00eda<\/p>\n<p>&nbsp;<\/p>\n","protected":false},"excerpt":{"rendered":"<p>Autores: Tania Gonz\u00e1lez Le\u00f3n; Carmen P\u00e9rez Castro; Jorge Alberto Silva Valido; Lucy Hern\u00e1ndez Gonz\u00e1lez; Maykel Quintana Rodr\u00edguez; Michel Hern\u00e1ndez Campoalegre. RESUMEN Introducci\u00f3n: La p\u00e9rdida quir\u00fargica de una unidad renal se asocia a enfermedad cr\u00f3nica progresiva y mayor mortalidad, pero este fen\u00f3meno no ha sido suficientemente estudiado. Objetivo: Determinar la repercusi\u00f3n de la NR y la [&hellip;]<\/p>\n","protected":false},"author":3301,"featured_media":0,"parent":0,"menu_order":0,"comment_status":"open","ping_status":"open","template":"","meta":[],"_links":{"self":[{"href":"https:\/\/promociondeeventos.sld.cu\/forumcncma2024\/wp-json\/wp\/v2\/pages\/305"}],"collection":[{"href":"https:\/\/promociondeeventos.sld.cu\/forumcncma2024\/wp-json\/wp\/v2\/pages"}],"about":[{"href":"https:\/\/promociondeeventos.sld.cu\/forumcncma2024\/wp-json\/wp\/v2\/types\/page"}],"author":[{"embeddable":true,"href":"https:\/\/promociondeeventos.sld.cu\/forumcncma2024\/wp-json\/wp\/v2\/users\/3301"}],"replies":[{"embeddable":true,"href":"https:\/\/promociondeeventos.sld.cu\/forumcncma2024\/wp-json\/wp\/v2\/comments?post=305"}],"version-history":[{"count":6,"href":"https:\/\/promociondeeventos.sld.cu\/forumcncma2024\/wp-json\/wp\/v2\/pages\/305\/revisions"}],"predecessor-version":[{"id":893,"href":"https:\/\/promociondeeventos.sld.cu\/forumcncma2024\/wp-json\/wp\/v2\/pages\/305\/revisions\/893"}],"wp:attachment":[{"href":"https:\/\/promociondeeventos.sld.cu\/forumcncma2024\/wp-json\/wp\/v2\/media?parent=305"}],"curies":[{"name":"wp","href":"https:\/\/api.w.org\/{rel}","templated":true}]}}