{"id":3,"date":"2024-07-04T22:08:50","date_gmt":"2024-07-04T22:08:50","guid":{"rendered":"https:\/\/promociondeeventos.sld.cu\/forumcncma2024\/?page_id=3"},"modified":"2024-08-01T18:54:18","modified_gmt":"2024-08-01T18:54:18","slug":"3-2","status":"publish","type":"page","link":"https:\/\/promociondeeventos.sld.cu\/forumcncma2024\/","title":{"rendered":"Convocatoria"},"content":{"rendered":"<p style=\"text-align: justify\"><img decoding=\"async\" loading=\"lazy\" class=\"aligncenter size-full wp-image-156\" src=\"http:\/\/promociondeeventos.sld.cu\/forumcncma2024\/files\/2024\/07\/FORUM-SLIP-PROMOCIONAL-XXX-ANIV.png\" alt=\"\" width=\"900\" height=\"333\" srcset=\"https:\/\/promociondeeventos.sld.cu\/forumcncma2024\/files\/2024\/07\/FORUM-SLIP-PROMOCIONAL-XXX-ANIV.png 900w, https:\/\/promociondeeventos.sld.cu\/forumcncma2024\/files\/2024\/07\/FORUM-SLIP-PROMOCIONAL-XXX-ANIV-300x111.png 300w, https:\/\/promociondeeventos.sld.cu\/forumcncma2024\/files\/2024\/07\/FORUM-SLIP-PROMOCIONAL-XXX-ANIV-768x284.png 768w, https:\/\/promociondeeventos.sld.cu\/forumcncma2024\/files\/2024\/07\/FORUM-SLIP-PROMOCIONAL-XXX-ANIV-250x93.png 250w\" sizes=\"(max-width: 900px) 100vw, 900px\" \/><strong>Estimados colegas:<\/strong><\/p>\n<p style=\"text-align: justify\">Este a\u00f1o 2024 el CNCMA est\u00e1 celebrando el XXX Aniversario de su fundaci\u00f3n, con innumerables resultados cient\u00edficos, t\u00e9cnicos y de innovaci\u00f3n afrontando grandes retos y dificultades, pero manteniendo el compromiso con la salud del pueblo cubano y la Revoluci\u00f3n.<br \/>\nConscientes de nuestras responsabilidades, estamos llamados a introducir importantes innovaciones tecnol\u00f3gicas y responsabilizados cada vez m\u00e1s con la generalizaci\u00f3n de las novedosas t\u00e9cnicas de m\u00ednimo acceso en nuestro pa\u00eds, as\u00ed como de garantizar la formaci\u00f3n de nuevos especialistas.<br \/>\nEl <strong>F\u00f3rum de Base<\/strong> es el evento cient\u00edfico-t\u00e9cnico m\u00e1s importante que desarrolla el centro cada a\u00f1o ya en \u00e9l participan no solo los investigadores, sino todas sus enfermeras, t\u00e9cnicos, y obreros, con el af\u00e1n de mostrar resultados, encontrar soluciones, y generalizar los numerosos problemas a que se nos enfrentamos a diario.<\/p>\n<p style=\"text-align: justify\"><a href=\"https:\/\/promociondeeventos.sld.cu\/forumcncma2024\/cronograma-de-forum\/\">Convocamos<\/a> a <strong>TODOS<\/strong> los trabajadores y estudiantes a participar en el F\u00f3rum de base y <a href=\"mailto:investigaciones@cce.sld.cu\">enviar sus trabajos<\/a>.<\/p>\n<p style=\"text-align: center\">Comisi\u00f3n F\u00f3rum de Base<br \/>\nCNCMA<\/p>\n<p><img decoding=\"async\" loading=\"lazy\" class=\"aligncenter wp-image-88\" src=\"http:\/\/promociondeeventos.sld.cu\/forumcncma2024\/files\/2024\/07\/ATOMO-ESTRUCTURA.png\" alt=\"\" width=\"69\" height=\"55\" \/><\/p>\n<p style=\"text-align: center\"><a href=\"http:\/\/promociondeeventos.sld.cu\/forumcncma2024\/files\/2024\/07\/Convocatoria-Forum-de-Base-2024.-CNCMA-JS.pdf\">Convocatoria al Forum de Ciencia y T\u00e9cnica e Innovaci\u00f3n T\u00e9cnologica de Base 2024<\/a>.<\/p>\n<p style=\"text-align: center\"><a href=\"http:\/\/promociondeeventos.sld.cu\/forumcncma2024\/files\/2024\/07\/Convocatoria-Forum-de-Base-2024.-CNCMA-JS.pdf\">Modalidad Virtual.<\/a><\/p>\n<h2 style=\"text-align: center\"><strong><a href=\"http:\/\/promociondeeventos.sld.cu\/forumcncma2024\/files\/2024\/07\/Relatoria-Forum-CNCMA-2024.pdf\" target=\"_blank\" rel=\"noopener\"><span style=\"text-decoration: underline\">Relator\u00eda del Forum. Documento en PDF<\/span><\/a><\/strong><\/h2>\n<h2 style=\"text-align: center\">Nota:<\/h2>\n<p style=\"text-align: justify\">Hola a los visitantes y participantes del evento. El colectivo de trabajo y el comit\u00e9 organizador, les convoca a que emitan sus criterios sobre el evento y el sitio para conocer detalles sobre el mismo.<\/p>\n<p style=\"text-align: justify\">Si les ha gustado el sitio y sentido satisfecho con la organizaci\u00f3n y participaci\u00f3n en el evento. Exhortamos que comenten en el espacio dedicado a los <a href=\"https:\/\/promociondeeventos.sld.cu\/forumcncma2024\/comentarios-del-evento-y-el-sitio\/\" target=\"_blank\" rel=\"noopener\">comentarios del evento y del sitio<\/a> en el bloque lateral derecho del sitio. \u00a0(SOBRE LOS TRABAJOS).<\/p>\n<p style=\"text-align: justify\">Gracias.<\/p>\n","protected":false},"excerpt":{"rendered":"<p>Estimados colegas: Este a\u00f1o 2024 el CNCMA est\u00e1 celebrando el XXX Aniversario de su fundaci\u00f3n, con innumerables resultados cient\u00edficos, t\u00e9cnicos y de innovaci\u00f3n afrontando grandes retos y dificultades, pero manteniendo el compromiso con la salud del pueblo cubano y la Revoluci\u00f3n. Conscientes de nuestras responsabilidades, estamos llamados a introducir importantes innovaciones tecnol\u00f3gicas y responsabilizados cada [&hellip;]<\/p>\n","protected":false},"author":3262,"featured_media":0,"parent":0,"menu_order":0,"comment_status":"closed","ping_status":"closed","template":"","meta":[],"_links":{"self":[{"href":"https:\/\/promociondeeventos.sld.cu\/forumcncma2024\/wp-json\/wp\/v2\/pages\/3"}],"collection":[{"href":"https:\/\/promociondeeventos.sld.cu\/forumcncma2024\/wp-json\/wp\/v2\/pages"}],"about":[{"href":"https:\/\/promociondeeventos.sld.cu\/forumcncma2024\/wp-json\/wp\/v2\/types\/page"}],"author":[{"embeddable":true,"href":"https:\/\/promociondeeventos.sld.cu\/forumcncma2024\/wp-json\/wp\/v2\/users\/3262"}],"replies":[{"embeddable":true,"href":"https:\/\/promociondeeventos.sld.cu\/forumcncma2024\/wp-json\/wp\/v2\/comments?post=3"}],"version-history":[{"count":24,"href":"https:\/\/promociondeeventos.sld.cu\/forumcncma2024\/wp-json\/wp\/v2\/pages\/3\/revisions"}],"predecessor-version":[{"id":908,"href":"https:\/\/promociondeeventos.sld.cu\/forumcncma2024\/wp-json\/wp\/v2\/pages\/3\/revisions\/908"}],"wp:attachment":[{"href":"https:\/\/promociondeeventos.sld.cu\/forumcncma2024\/wp-json\/wp\/v2\/media?parent=3"}],"curies":[{"name":"wp","href":"https:\/\/api.w.org\/{rel}","templated":true}]}}