{"id":295,"date":"2024-07-16T14:48:44","date_gmt":"2024-07-16T14:48:44","guid":{"rendered":"https:\/\/promociondeeventos.sld.cu\/forumcncma2024\/?page_id=295"},"modified":"2024-08-22T15:42:09","modified_gmt":"2024-08-22T20:42:09","slug":"prostatectomia-simple-laparoscopica","status":"publish","type":"page","link":"https:\/\/promociondeeventos.sld.cu\/forumcncma2024\/prostatectomia-simple-laparoscopica\/","title":{"rendered":"Prostatectom\u00eda simple laparosc\u00f3pica"},"content":{"rendered":"<p><strong>Autores:<\/strong><\/p>\n<p>Maykel Quintana Rodr\u00edguez; Tania Gonz\u00e1lez Le\u00f3n; Michel Hern\u00e1ndez Campoalegre; Roberto S\u00e1nchez Tamaki; Ena Cecilia S\u00e1nchez; Juan Bautista Oliv\u00e9 Gonz\u00e1lez.<\/p>\n<p>RESUMEN<\/p>\n<p style=\"text-align: justify\"><strong>Introducci\u00f3n:<\/strong> para la enucleaci\u00f3n de la gl\u00e1ndula prost\u00e1tica se ha introducido la cirug\u00eda laparosc\u00f3pica para pr\u00f3statas mayores de 80 gramos. <strong>Objetivo:<\/strong> evaluar los resultados de la prostatectom\u00eda simple laparosc\u00f3pica en el tratamiento de la Hiperplasia Prost\u00e1tica. <strong>Metodolog\u00eda:<\/strong> estudio retrospectivo de desarrollo tecnol\u00f3gico en el CNCMA. El universo estuvo constituido por los operados de Hiperplasia prost\u00e1tica entre el 2019-2023 y la muestra por 25 pacientes que cumplieron los criterios de selecci\u00f3n. Se realiz\u00f3 una t\u00e9cnica de prostatectom\u00eda simple laparosc\u00f3pica extraperitoneal. Se utiliz\u00f3 el programa estad\u00edstico IBM-SPSS versi\u00f3n 26 de Windows para el an\u00e1lisis de los datos. Se utilizaron medidas de tendencia central y dispersi\u00f3n, frecuencias absolutas y relativas, Ji cuadrado y test de student p\u02c20,005. <strong>Resultados:<\/strong> predomin\u00f3 significativamente (p=0,016) el grupo de pacientes \u00a0\u00a0entre 60-69 a\u00f1os (60%), los \u00a0sobrepeso (48%), los pacientes con comorbilidades (64%), ASA II (68%; p=0,00), los pacientes con retenci\u00f3n de orina (52,0%; p=0,00), el volumen prost\u00e1tico &gt;100ml (p=0,00) y el puntaje IPSS medio fue 32,6. El sangrado medio, el tiempo quir\u00fargico y la estancia hospitalaria fue 380 ml; 188 min; 6,1 d\u00edas, respectivamente. Se produjeron complicaciones en el 32 %, de baja gravedad y al asociarse a la edad, tiempo quir\u00fargico, volumen prost\u00e1tico y el estado f\u00edsico no\u00a0\u00a0 fue significativo (p&gt;0,5). El \u00e9xito de la cirug\u00eda fue alto, pero los pacientes con l\u00f3bulo medio requirieron una resecci\u00f3n transuretral. <strong>Conclusiones:<\/strong> la prostatectom\u00eda simple laparosc\u00f3pica mostr\u00f3 resultados satisfactorios como alternativa para el tratamiento quir\u00fargico de gl\u00e1ndulas prost\u00e1ticas de gran volumen.<\/p>\n<p><a href=\"http:\/\/promociondeeventos.sld.cu\/forumcncma2024\/files\/2024\/07\/Forum-2024-Dr.Maykel.pdf\" target=\"_blank\" rel=\"noopener\">Documento Texto Completo<\/a><\/p>\n","protected":false},"excerpt":{"rendered":"<p>Autores: Maykel Quintana Rodr\u00edguez; Tania Gonz\u00e1lez Le\u00f3n; Michel Hern\u00e1ndez Campoalegre; Roberto S\u00e1nchez Tamaki; Ena Cecilia S\u00e1nchez; Juan Bautista Oliv\u00e9 Gonz\u00e1lez. RESUMEN Introducci\u00f3n: para la enucleaci\u00f3n de la gl\u00e1ndula prost\u00e1tica se ha introducido la cirug\u00eda laparosc\u00f3pica para pr\u00f3statas mayores de 80 gramos. Objetivo: evaluar los resultados de la prostatectom\u00eda simple laparosc\u00f3pica en el tratamiento de la [&hellip;]<\/p>\n","protected":false},"author":3301,"featured_media":0,"parent":0,"menu_order":0,"comment_status":"open","ping_status":"open","template":"","meta":[],"_links":{"self":[{"href":"https:\/\/promociondeeventos.sld.cu\/forumcncma2024\/wp-json\/wp\/v2\/pages\/295"}],"collection":[{"href":"https:\/\/promociondeeventos.sld.cu\/forumcncma2024\/wp-json\/wp\/v2\/pages"}],"about":[{"href":"https:\/\/promociondeeventos.sld.cu\/forumcncma2024\/wp-json\/wp\/v2\/types\/page"}],"author":[{"embeddable":true,"href":"https:\/\/promociondeeventos.sld.cu\/forumcncma2024\/wp-json\/wp\/v2\/users\/3301"}],"replies":[{"embeddable":true,"href":"https:\/\/promociondeeventos.sld.cu\/forumcncma2024\/wp-json\/wp\/v2\/comments?post=295"}],"version-history":[{"count":5,"href":"https:\/\/promociondeeventos.sld.cu\/forumcncma2024\/wp-json\/wp\/v2\/pages\/295\/revisions"}],"predecessor-version":[{"id":973,"href":"https:\/\/promociondeeventos.sld.cu\/forumcncma2024\/wp-json\/wp\/v2\/pages\/295\/revisions\/973"}],"wp:attachment":[{"href":"https:\/\/promociondeeventos.sld.cu\/forumcncma2024\/wp-json\/wp\/v2\/media?parent=295"}],"curies":[{"name":"wp","href":"https:\/\/api.w.org\/{rel}","templated":true}]}}