{"id":20,"date":"2024-07-04T22:24:06","date_gmt":"2024-07-04T22:24:06","guid":{"rendered":"https:\/\/promociondeeventos.sld.cu\/forumcncma2024\/?page_id=20"},"modified":"2024-07-05T20:03:58","modified_gmt":"2024-07-05T20:03:58","slug":"normas-de-presentacion-de-los-trabajos","status":"publish","type":"page","link":"https:\/\/promociondeeventos.sld.cu\/forumcncma2024\/normas-de-presentacion-de-los-trabajos\/","title":{"rendered":"Normas de presentaci\u00f3n de los trabajos"},"content":{"rendered":"<p>Seg\u00fan las modalidades:<\/p>\n<p style=\"text-align: justify\"><strong>Ponencias.<\/strong> <span style=\"text-decoration: underline\">Requerimientos m\u00ednimos<\/span>:<br \/>\nTendr\u00e1n una estructura que permitan ser analizadas sin problemas por el jurado del evento. Por lo tanto, es imprescindible que en el contenido de las mismas no deje de contemplarse lo siguiente:<br \/>\n<strong>1-PORTADA.<\/strong>&#8211; Deben aparecer los siguientes datos:<br \/>\n-Nombre del evento. (F\u00f3rum de Ciencia y T\u00e9cnica 2024).<br \/>\n-T\u00edtulo del trabajo.- Nombres y, apellidos de los autores y coautores.<br \/>\n&#8211; Centro de procedencia, Organismo y Municipio.<br \/>\n<strong>2. \u00cdNDICE.<\/strong>&#8211; Ofrece en orden de aparici\u00f3n los t\u00edtulos y n\u00famero de la p\u00e1gina de los puntos se\u00f1alados.<br \/>\n<strong>3. RESUMEN.<\/strong>&#8211; El resumen del trabajo se presentar\u00e1 en una sola hoja, con cuya parte superior se escribir\u00e1 la palabra RESUMEN. Este debe ser breve y concreto (no mayor de 250 palabras) y reflejar\u00e1 el contenido del trabajo, se\u00f1alando: los objetivos, m\u00e9todos empleados, materiales utilizados, resultados obtenidos y conclusiones fundamentales. Debe contener adem\u00e1s, en qu\u00e9 etapa de aplicaci\u00f3n se encuentra el trabajo.<br \/>\n<strong>4. INTRODUCCI\u00d3N.<\/strong>&#8211; Incluye los antecedentes y objetivos del trabajo.<br \/>\n<strong>5. DESARROLLO.<\/strong>&#8211; Debe recoger en cuantas cuartillas como sean necesarias, los materiales utilizados para la realizaci\u00f3n del trabajo, agregando los m\u00e9todos empleados, fundamentando el tipo de tecnolog\u00eda, su actualidad y novedad.<br \/>\n<strong>6. VALORACI\u00d3N ECON\u00d3MICA Y APORTE SOCIAL.<\/strong>&#8211; Debe aparecer el c\u00e1lculo de los costos y la utilidad de los materiales empleados y si sustituyen importaciones; si eleva la calidad, la productividad del trabajo o los dem\u00e1s indicadores en el campo de la eficiencia, si incrementa los fondos exportables y si reporta beneficios de car\u00e1cter social.<br \/>\n<strong>7.CONCLUSIONES Y RECOMENDACIONES.<\/strong>&#8211; Recoge los resultados finales del trabajo y las experiencias adquiridas en su realizaci\u00f3n, as\u00ed como las sugerencias para la continuidad y perfeccionamiento del mismo. El beneficio social, al medio ambiente, el beneficio t\u00e9cnico, productivo, etc.<\/p>\n<p style=\"text-align: justify\"><strong>8. BIBLIOGRAF\u00cdA.<\/strong>&#8211; Se expone el listado de toda la bibliografia consultada, incluyendo la Base de Datos del F\u00f3rum.<\/p>\n<p style=\"text-align: justify\"><strong>9. ANEXOS.<\/strong>&#8211; Deben aparecer los planos, croquis, esquemas, fotos, etc. que puedan ilustrar mejor el resultado.<\/p>\n<p>&nbsp;<\/p>\n","protected":false},"excerpt":{"rendered":"<p>Seg\u00fan las modalidades: Ponencias. Requerimientos m\u00ednimos: Tendr\u00e1n una estructura que permitan ser analizadas sin problemas por el jurado del evento. Por lo tanto, es imprescindible que en el contenido de las mismas no deje de contemplarse lo siguiente: 1-PORTADA.&#8211; Deben aparecer los siguientes datos: -Nombre del evento. (F\u00f3rum de Ciencia y T\u00e9cnica 2024). -T\u00edtulo del [&hellip;]<\/p>\n","protected":false},"author":3262,"featured_media":0,"parent":0,"menu_order":0,"comment_status":"closed","ping_status":"closed","template":"","meta":[],"_links":{"self":[{"href":"https:\/\/promociondeeventos.sld.cu\/forumcncma2024\/wp-json\/wp\/v2\/pages\/20"}],"collection":[{"href":"https:\/\/promociondeeventos.sld.cu\/forumcncma2024\/wp-json\/wp\/v2\/pages"}],"about":[{"href":"https:\/\/promociondeeventos.sld.cu\/forumcncma2024\/wp-json\/wp\/v2\/types\/page"}],"author":[{"embeddable":true,"href":"https:\/\/promociondeeventos.sld.cu\/forumcncma2024\/wp-json\/wp\/v2\/users\/3262"}],"replies":[{"embeddable":true,"href":"https:\/\/promociondeeventos.sld.cu\/forumcncma2024\/wp-json\/wp\/v2\/comments?post=20"}],"version-history":[{"count":4,"href":"https:\/\/promociondeeventos.sld.cu\/forumcncma2024\/wp-json\/wp\/v2\/pages\/20\/revisions"}],"predecessor-version":[{"id":79,"href":"https:\/\/promociondeeventos.sld.cu\/forumcncma2024\/wp-json\/wp\/v2\/pages\/20\/revisions\/79"}],"wp:attachment":[{"href":"https:\/\/promociondeeventos.sld.cu\/forumcncma2024\/wp-json\/wp\/v2\/media?parent=20"}],"curies":[{"name":"wp","href":"https:\/\/api.w.org\/{rel}","templated":true}]}}