{"id":114,"date":"2024-07-08T06:25:02","date_gmt":"2024-07-08T06:25:02","guid":{"rendered":"https:\/\/promociondeeventos.sld.cu\/forumcncma2024\/?page_id=114"},"modified":"2024-07-23T15:37:42","modified_gmt":"2024-07-23T15:37:42","slug":"tribunal-no-1","status":"publish","type":"page","link":"https:\/\/promociondeeventos.sld.cu\/forumcncma2024\/tribunal-no-1\/","title":{"rendered":"Tribunal No.1"},"content":{"rendered":"<p><strong>Tribunal No. 1 <\/strong><\/p>\n<p><strong><span style=\"text-decoration: underline\">Presidente<\/span>:<\/strong> Dr. C. Vivianne Mar\u00eda Anido Escobar.\u00a0 <a href=\"http:\/\/promociondeeventos.sld.cu\/forumcncma2024\/files\/2024\/07\/Certificados-Tribunales-1.pdf\" target=\"_blank\" rel=\"noopener\">Certificado<\/a><\/p>\n<p><strong><span style=\"text-decoration: underline\">Miembros<\/span>:<\/strong> Dr. Juan Bautista Oliv\u00e9 Gonz\u00e1lez. <a href=\"http:\/\/promociondeeventos.sld.cu\/forumcncma2024\/files\/2024\/07\/Certificados-Tribunales-2.pdf\" target=\"_blank\" rel=\"noopener\">Certificado<\/a><\/p>\n<p>Dra. Lilian Valdivia Garc\u00eda. <a href=\"http:\/\/promociondeeventos.sld.cu\/forumcncma2024\/files\/2024\/07\/Certificados-Tribunales-3.pdf\" target=\"_blank\" rel=\"noopener\">Certificado<\/a><\/p>\n<p><strong><span style=\"text-decoration: underline\">Suplente<\/span>:<\/strong> Dr. C. Rafael de la Caridad Torres Pe\u00f1a. <a href=\"http:\/\/promociondeeventos.sld.cu\/forumcncma2024\/files\/2024\/07\/Certificados-Tribunales-4.pdf\" target=\"_blank\" rel=\"noopener\">Certificado<\/a><\/p>\n<p style=\"text-align: center\"><strong><span style=\"text-decoration: underline\">Trabajos<\/span>:<\/strong><\/p>\n<p><strong>1-<a href=\"https:\/\/promociondeeventos.sld.cu\/forumcncma2024\/evolucion-clinica-de-los-pacientes-con-acalasia-esofagica-tratados-con-miotomia-de-heller-dor\/\">Evoluci\u00f3n cl\u00ednica de los pacientes con Acalasia esof\u00e1gica tratados con miotom\u00eda de Heller Dor<\/a><\/strong>.<\/p>\n<p style=\"text-align: justify\">La Clasificaci\u00f3n de Chicago de los trastornos motores esof\u00e1gicos reclasifica la acalasia en tres subtipos. La importancia cl\u00ednica de esta clasificaci\u00f3n es que permite predecir la evoluci\u00f3n cl\u00ednica de los pacientes en relaci\u00f3n al tratamiento. <strong>Objetivo general:<\/strong> evaluar la evoluci\u00f3n cl\u00ednica posoperatoria de los pacientes con acalasia esof\u00e1gica seg\u00fan los subtipos manom\u00e9tricos. <strong>Material y m\u00e9todos:<\/strong> Se realiz\u00f3 un estudio observacional anal\u00edtico de cohorte. Los s\u00edntomas (disfagia, p\u00e9rdida de peso, dolor retroesternal y regurgitaci\u00f3n) se evaluaron mediante la puntuaci\u00f3n de Eckardt. El tratamiento se consider\u00f3 exitoso si la puntuaci\u00f3n de Eckardt era 3 o menos. <strong>Resultado:<\/strong> Se incluy\u00f3 en el estudio a 149 pacientes con diagn\u00f3stico de acalasia por manometr\u00eda esof\u00e1gica de alta resoluci\u00f3n (n = 58 (39 %), subtipo 1, n = 61 (41 %) subtipo 2 y n = 30 (20 %), subtipo 3) dentro del periodo de enero 2017 a diciembre 2022. Despu\u00e9s de un periodo de seguimiento m\u00ednimo de 1 a\u00f1os hasta 5 a\u00f1os. El \u00e9xito del tratamiento fue mayor en los pacientes con subtipo I (58\/100 %) y subtipo II (58\/95 %) con respecto al subtipo III (30\/100 %). Solo 3 (4,9 %) pacientes tuvieron fallo del tratamiento y estaban dentro del subtipo II. Sin embargo, se considera que que los resultados obtenidos no est\u00e1n influenciados por el subtipo manom\u00e9trico (c<sup>2<\/sup>= 4.38, p= 0.11. <strong>Conclusiones:<\/strong> los subtipos manom\u00e9tricos de acalasia esof\u00e1gica no influyen en la evoluci\u00f3n cl\u00ednica de los pacientes a los que se les realiz\u00f3 Cardiomiotomia de Heller m\u00e1s fundoplicatura de Dor. El \u00e9xito del tratamiento quir\u00fargico fue similar entre los pacientes con diferentes subtipos manom\u00e9tricos.<\/p>\n<p style=\"text-align: justify\"><a href=\"http:\/\/promociondeeventos.sld.cu\/forumcncma2024\/files\/2024\/07\/ROQUEG-FORUM2024.pdf\" target=\"_blank\" rel=\"noopener\">Documento PDF<\/a>; <a href=\"http:\/\/promociondeeventos.sld.cu\/forumcncma2024\/files\/2024\/07\/Participantes-todos-1.pdf\" target=\"_blank\" rel=\"noopener\">Certificado de Participaci\u00f3n<\/a><\/p>\n<p style=\"text-align: justify\"><!--more--><\/p>\n<p><strong>2-<a href=\"https:\/\/promociondeeventos.sld.cu\/forumcncma2024\/tratamiento-endoscopico-de-los-meningoencefaloceles-nasales\/\">Tratamiento endosc\u00f3pico de los\u00a0 meningoencefaloceles \u00a0nasales<\/a>.\u00a0<\/strong><\/p>\n<p style=\"text-align: justify\">El meningo-encefalocele nasal es una lesi\u00f3n infrecuente que\u00a0 corresponde a una herniaci\u00f3n de las meninges y enc\u00e9falo hacia la regi\u00f3n naso-sinusal a trav\u00e9s de un defecto \u00f3seo en la base del cr\u00e1neo. <strong>Objetivo:<\/strong> Describir la experiencia en el tratamiento\u00a0 endosc\u00f3pico y reparaci\u00f3n de los meningo-encefaloceles nasales. <strong>Material y M\u00e9todo:<\/strong> Se revisaron los diferentes abordajes endosc\u00f3picos y t\u00e9cnicas de reparaci\u00f3n del defecto craneal en 64 pacientes con meningo-encefaloceles nasales\u00a0 tratados en CNCMA entre marzo 2011 y marzo 2024. <strong>Resultados:<\/strong> 59 pacientes \u00e9xito en 1ra cirug\u00eda. (92%), 6 pacientes recidiva y re intervenci\u00f3n. 4 pacientes \u00e9xito en 2da cirug\u00eda. 2 pacientes fallidos despu\u00e9s de re intervenci\u00f3n fue necesario colocar una derivaci\u00f3n lumbo-peritoneal. \u00cdndice de \u00e9xito global fue 97 %. <strong>Conclusiones:<\/strong> Un diagn\u00f3stico correcto permite seleccionar el mejor tratamiento, abordaje quir\u00fargico adecuado e injerto a utilizar. El abordaje multidisciplinario a esta enfermedad es esencial para tener unos buenos resultados.<\/p>\n<p><a href=\"http:\/\/promociondeeventos.sld.cu\/forumcncma2024\/files\/2024\/07\/Meningoceles-Nasales.-Alonso.pdf\" target=\"_blank\" rel=\"noopener\">Documento PDF<\/a>; <a href=\"http:\/\/promociondeeventos.sld.cu\/forumcncma2024\/files\/2024\/07\/Participantes-todos-2.pdf\" target=\"_blank\" rel=\"noopener\">Certificado de Participaci\u00f3n<\/a><\/p>\n<p><!--more--><\/p>\n<p><strong>3-<a href=\"https:\/\/promociondeeventos.sld.cu\/forumcncma2024\/simpaticotomia-videotoracoscopica-t3-t4-uniportal-en-la-hiperhidrosis-palmar-severa-y-muy-severa\/\">Simpaticotom\u00eda videotoracosc\u00f3pica T3-T4 uniportal en la Hiperhidrosis palmar severa y muy severa<\/a>.\u00a0<\/strong><\/p>\n<p style=\"text-align: justify\"><strong>Introducci\u00f3n<\/strong>: La simpaticotom\u00eda videotoracosc\u00f3pica es una t\u00e9cnica quir\u00fargica empleada en el tratamiento de la hiperhidrosis primaria. <strong>Objetivo<\/strong>: Evaluar los resultados de la simpaticotom\u00eda videotoracosc\u00f3pica uniportal a nivel T3-T4 en pacientes con hiperhidrosis palmar severa y muy severa. <strong>Material y m\u00e9todo:<\/strong> Se realiz\u00f3 un estudio observacional, descriptivo, prospectivo en el Centro Nacional de Cirug\u00eda de M\u00ednimo Acceso desde enero 2014 a diciembre 2018. Se incluyeron 108 pacientes, se evaluaron variables relacionadas con la cirug\u00eda y se aplic\u00f3 el cuestionario espec\u00edfico de Ribas Milanez para medir la calidad de vida relacionada con la salud. Se utilizaron t\u00e9cnicas estad\u00edsticas descriptivas de la investigaci\u00f3n. <strong>Resultados:<\/strong> La cirug\u00eda logr\u00f3 mejor\u00eda cl\u00ednica en el 99,0 % de los pacientes, con una incidencia de complicaciones intraoperatorias del 5,8 % y posoperatorias del 1,9 %; apareci\u00f3 sudoraci\u00f3n compensatoria en el 39,4 %. La calidad de vida era muy mala en el 95,2 % de los pacientes; despu\u00e9s de la cirug\u00eda se modific\u00f3 a mucho mejor en el 93,3 %. El 85,6 % de los pacientes estuvo totalmente satisfecho. <strong>Conclusiones:<\/strong> La simpaticotom\u00eda es efectiva, segura y logra mejorar la calidad de vida relacionada con la salud, con un alto nivel de satisfacci\u00f3n.<\/p>\n<p><a href=\"http:\/\/promociondeeventos.sld.cu\/forumcncma2024\/files\/2024\/07\/HIRAM-FORUM-2024.pdf\" target=\"_blank\" rel=\"noopener\">Documento PDF<\/a>; <a href=\"http:\/\/promociondeeventos.sld.cu\/forumcncma2024\/files\/2024\/07\/Participantes-todos-3.pdf\" target=\"_blank\" rel=\"noopener\">Certificado de Participaci\u00f3n<\/a><\/p>\n<p><!--more--><\/p>\n<p><strong>4-<a href=\"https:\/\/promociondeeventos.sld.cu\/forumcncma2024\/impacto-de-la-pandemia-covid-19-en-la-coledocolitiasis-durante-las-colecistectomias-laparoscopicas-en-el-cncma\/\" target=\"_blank\" rel=\"noopener\">Impacto de la pandemia COVID-19 en la coledocolit\u00edasis durante las colecistectom\u00edas laparosc\u00f3picas en el CNCMA<\/a>.\u00a0<\/strong><\/p>\n<p style=\"text-align: justify\"><strong>Introducci\u00f3n<\/strong>: La simpaticotom\u00eda videotoracosc\u00f3pica es una t\u00e9cnica quir\u00fargica empleada en el tratamiento de la hiperhidrosis primaria. <strong>Objetivo<\/strong>: Evaluar los resultados de la simpaticotom\u00eda videotoracosc\u00f3pica uniportal a nivel T3-T4 en pacientes con hiperhidrosis palmar severa y muy severa. <strong>Material y m\u00e9todo:<\/strong> Se realiz\u00f3 un estudio observacional, descriptivo, prospectivo en el Centro Nacional de Cirug\u00eda de M\u00ednimo Acceso desde enero 2014 a diciembre 2018. Se incluyeron 108 pacientes, se evaluaron variables relacionadas con la cirug\u00eda y se aplic\u00f3 el cuestionario espec\u00edfico de Ribas Milanez para medir la calidad de vida relacionada con la salud. Se utilizaron t\u00e9cnicas estad\u00edsticas descriptivas de la investigaci\u00f3n. <strong>Resultados:<\/strong> La cirug\u00eda logr\u00f3 mejor\u00eda cl\u00ednica en el 99,0 % de los pacientes, con una incidencia de complicaciones intraoperatorias del 5,8 % y posoperatorias del 1,9 %; apareci\u00f3 sudoraci\u00f3n compensatoria en el 39,4 %. La calidad de vida era muy mala en el 95,2 % de los pacientes; despu\u00e9s de la cirug\u00eda se modific\u00f3 a mucho mejor en el 93,3 %. El 85,6 % de los pacientes estuvo totalmente satisfecho. <strong>Conclusiones:<\/strong> La simpaticotom\u00eda es efectiva, segura y logra mejorar la calidad de vida relacionada con la salud, con un alto nivel de satisfacci\u00f3n.<\/p>\n<p><a href=\"http:\/\/promociondeeventos.sld.cu\/forumcncma2024\/files\/2024\/07\/Forum-CNCMA-Dr.-LUGO.pdf\" target=\"_blank\" rel=\"noopener\">Documento PDF<\/a>; <a href=\"http:\/\/promociondeeventos.sld.cu\/forumcncma2024\/files\/2024\/07\/Participantes-todos-4.pdf\" target=\"_blank\" rel=\"noopener\">Certificado de Participaci\u00f3n<\/a><\/p>\n<p><!--more--><\/p>\n<p><strong>5-<a href=\"https:\/\/promociondeeventos.sld.cu\/forumcncma2024\/cirugia-laparoscopica-colorrectal-en-el-adulto-mayor\/\" target=\"_blank\" rel=\"noopener\">Cirug\u00eda laparosc\u00f3pica colorrectal en el Adulto Mayor<\/a>.\u00a0<\/strong><\/p>\n<p style=\"text-align: justify\"><strong>Objetivo:<\/strong> Determinar resultados de la cirug\u00eda laparosc\u00f3pica en las enfermedades colorrectales en el adulto mayor.<strong> M\u00e9todo:<\/strong> Investigaci\u00f3n observacional, descriptiva, de corte transversal, para determinar resultados de la cirug\u00eda laparosc\u00f3pica en las enfermedades colorrectales en el adulto mayor, per\u00edodo enero de 2016 a diciembre de 2020, en el Centro Nacional de Cirug\u00eda de M\u00ednimo Acceso. Universo investigativo constituido por 206 pacientes, coincidiendo con la muestra y seleccionado por criterios de inclusi\u00f3n:\u00a0 adulto mayor, enfermedad colorrectal intervenido por cirug\u00eda laparosc\u00f3pica. Se revisaron historias cl\u00ednicas, llenado de la planilla de recolecci\u00f3n e incluidas variables como la edad, sexo, antecedentes patol\u00f3gicos personales, complicaciones quir\u00fargicas, indice conversi\u00f3n, mortalidad. En el an\u00e1lisis de los datos, se utilizaron medidas de resumen para variables cuantitativas y cualitativas (n\u00famero y %) y media poblacional, el uso del procesador Excel 2019, programa SSPSS 25.0. Se cumpli\u00f3 con los principios de la \u00e9tica m\u00e9dica para investigaciones en seres humanos y la aprobaci\u00f3n del comit\u00e9 de \u00e9tica m\u00e9dica institucional. <strong>Resultados: <\/strong>Predominio de edades entre 65-74 a\u00f1os (57,2 %) y del sexo femenino en el 56,8 %. Diagn\u00f3stico de c\u00e1ncer en 93,2 %. El \u00edndice de conversi\u00f3n 1,4 %, las complicaciones transoperatorias 0,9 % y posoperatorias en 20,8 % con una mortalidad de 3,8 %. <strong>Conclusiones:<\/strong> La cirug\u00eda laparosc\u00f3pica colorrectal en el adulto mayor constituye una opci\u00f3n efectiva, con un m\u00ednimo de complicaciones y recuperaci\u00f3n a corto plazo.<\/p>\n<p><a href=\"http:\/\/promociondeeventos.sld.cu\/forumcncma2024\/files\/2024\/07\/MARIO-Forum2024.pdf\" target=\"_blank\" rel=\"noopener\">Documento PDF<\/a>; <a href=\"http:\/\/promociondeeventos.sld.cu\/forumcncma2024\/files\/2024\/07\/Participantes-todos-5.pdf\" target=\"_blank\" rel=\"noopener\">Certificado de Participaci\u00f3n<\/a><\/p>\n<p><!--more--><\/p>\n<p>&nbsp;<\/p>\n","protected":false},"excerpt":{"rendered":"<p>Tribunal No. 1 Presidente: Dr. C. Vivianne Mar\u00eda Anido Escobar.\u00a0 Certificado Miembros: Dr. Juan Bautista Oliv\u00e9 Gonz\u00e1lez. Certificado Dra. Lilian Valdivia Garc\u00eda. Certificado Suplente: Dr. C. Rafael de la Caridad Torres Pe\u00f1a. Certificado Trabajos: 1-Evoluci\u00f3n cl\u00ednica de los pacientes con Acalasia esof\u00e1gica tratados con miotom\u00eda de Heller Dor. La Clasificaci\u00f3n de Chicago de los trastornos [&hellip;]<\/p>\n","protected":false},"author":3301,"featured_media":0,"parent":0,"menu_order":0,"comment_status":"open","ping_status":"open","template":"","meta":[],"_links":{"self":[{"href":"https:\/\/promociondeeventos.sld.cu\/forumcncma2024\/wp-json\/wp\/v2\/pages\/114"}],"collection":[{"href":"https:\/\/promociondeeventos.sld.cu\/forumcncma2024\/wp-json\/wp\/v2\/pages"}],"about":[{"href":"https:\/\/promociondeeventos.sld.cu\/forumcncma2024\/wp-json\/wp\/v2\/types\/page"}],"author":[{"embeddable":true,"href":"https:\/\/promociondeeventos.sld.cu\/forumcncma2024\/wp-json\/wp\/v2\/users\/3301"}],"replies":[{"embeddable":true,"href":"https:\/\/promociondeeventos.sld.cu\/forumcncma2024\/wp-json\/wp\/v2\/comments?post=114"}],"version-history":[{"count":49,"href":"https:\/\/promociondeeventos.sld.cu\/forumcncma2024\/wp-json\/wp\/v2\/pages\/114\/revisions"}],"predecessor-version":[{"id":505,"href":"https:\/\/promociondeeventos.sld.cu\/forumcncma2024\/wp-json\/wp\/v2\/pages\/114\/revisions\/505"}],"wp:attachment":[{"href":"https:\/\/promociondeeventos.sld.cu\/forumcncma2024\/wp-json\/wp\/v2\/media?parent=114"}],"curies":[{"name":"wp","href":"https:\/\/api.w.org\/{rel}","templated":true}]}}