{"id":107,"date":"2024-07-08T06:01:17","date_gmt":"2024-07-08T06:01:17","guid":{"rendered":"https:\/\/promociondeeventos.sld.cu\/forumcncma2024\/?page_id=107"},"modified":"2024-07-08T19:47:38","modified_gmt":"2024-07-08T19:47:38","slug":"cronograma-de-forum","status":"publish","type":"page","link":"https:\/\/promociondeeventos.sld.cu\/forumcncma2024\/cronograma-de-forum\/","title":{"rendered":"Cronograma de Forum"},"content":{"rendered":"<p><strong>Cronograma para Forum 2024<\/strong><\/p>\n<p><strong>\u00a0<\/strong><\/p>\n<ul>\n<li><strong>Publicaci\u00f3n Convocatoria: 2 de julio 2024<\/strong><\/li>\n<li><strong><a href=\"mailto:investigaciones@cce.sld.cu\">Recepci\u00f3n de los trabajos<\/a>: Del 3 de julio hasta el 12 de julio 2024 <\/strong><\/li>\n<li><strong>Revisi\u00f3n de los trabajos y an\u00e1lisis por el tribunal: Del 12 de julio al 18 julio 2024<\/strong><\/li>\n<li><strong>Publicaci\u00f3n de los resultados: 19 de julio 2024<\/strong><\/li>\n<\/ul>\n<p><strong>\u00a0<\/strong><\/p>\n<p><strong>\u00a0<\/strong><\/p>\n<p><strong>Los trabajos recibidos ser\u00e1n ubicados en el <a href=\"https:\/\/aulavirtual.sld.cu\/course\/view.php?id=627\">aula virtual de Salud<\/a> y en la p\u00e1gina de <a href=\"https:\/\/promociondeeventos.sld.cu\/forumcncma2024\/tribunales\/\">eventos<\/a> de INFOMED (CENCOMED) para su visualizaci\u00f3n. <\/strong><\/p>\n","protected":false},"excerpt":{"rendered":"<p>Cronograma para Forum 2024 \u00a0 Publicaci\u00f3n Convocatoria: 2 de julio 2024 Recepci\u00f3n de los trabajos: Del 3 de julio hasta el 12 de julio 2024 Revisi\u00f3n de los trabajos y an\u00e1lisis por el tribunal: Del 12 de julio al 18 julio 2024 Publicaci\u00f3n de los resultados: 19 de julio 2024 \u00a0 \u00a0 Los trabajos recibidos [&hellip;]<\/p>\n","protected":false},"author":3301,"featured_media":0,"parent":0,"menu_order":0,"comment_status":"closed","ping_status":"closed","template":"","meta":[],"_links":{"self":[{"href":"https:\/\/promociondeeventos.sld.cu\/forumcncma2024\/wp-json\/wp\/v2\/pages\/107"}],"collection":[{"href":"https:\/\/promociondeeventos.sld.cu\/forumcncma2024\/wp-json\/wp\/v2\/pages"}],"about":[{"href":"https:\/\/promociondeeventos.sld.cu\/forumcncma2024\/wp-json\/wp\/v2\/types\/page"}],"author":[{"embeddable":true,"href":"https:\/\/promociondeeventos.sld.cu\/forumcncma2024\/wp-json\/wp\/v2\/users\/3301"}],"replies":[{"embeddable":true,"href":"https:\/\/promociondeeventos.sld.cu\/forumcncma2024\/wp-json\/wp\/v2\/comments?post=107"}],"version-history":[{"count":5,"href":"https:\/\/promociondeeventos.sld.cu\/forumcncma2024\/wp-json\/wp\/v2\/pages\/107\/revisions"}],"predecessor-version":[{"id":169,"href":"https:\/\/promociondeeventos.sld.cu\/forumcncma2024\/wp-json\/wp\/v2\/pages\/107\/revisions\/169"}],"wp:attachment":[{"href":"https:\/\/promociondeeventos.sld.cu\/forumcncma2024\/wp-json\/wp\/v2\/media?parent=107"}],"curies":[{"name":"wp","href":"https:\/\/api.w.org\/{rel}","templated":true}]}}