{"id":26,"date":"2022-10-17T15:00:27","date_gmt":"2022-10-17T15:00:27","guid":{"rendered":"http:\/\/promociondeeventos.sld.cu\/flap2022en\/?page_id=26"},"modified":"2022-10-17T15:00:27","modified_gmt":"2022-10-17T15:00:27","slug":"confirmed-invited-speakers","status":"publish","type":"page","link":"https:\/\/promociondeeventos.sld.cu\/flap2022en\/confirmed-invited-speakers\/","title":{"rendered":"Confirmed Invited Speakers"},"content":{"rendered":"<p>Speakers, Institution, Country<br \/>\nJos\u00e9 Angel Portal Miranda, Minister of Public Health, Cuba<br \/>\nJorge P\u00e9rez Avila, IPK, Cuba<br \/>\nMaria G. Guzm\u00e1n, IPK, Cuba<br \/>\nVivian Kour\u00ed Cardella, IPK, Cuba<br \/>\nL\u00e1zara Rojas Rivero, IPK, Cuba<br \/>\nAntonio V\u00e1zquez Perera, IPK, Cuba<br \/>\nJose Moya, OPS, Cuba<br \/>\nWilliam Sear, NIAID, USA<\/p>\n","protected":false},"excerpt":{"rendered":"<p>Speakers, Institution, Country Jos\u00e9 Angel Portal Miranda, Minister of Public Health, Cuba Jorge P\u00e9rez Avila, IPK, Cuba Maria G. Guzm\u00e1n, IPK, Cuba Vivian Kour\u00ed Cardella, IPK, Cuba L\u00e1zara Rojas Rivero, IPK, Cuba Antonio V\u00e1zquez Perera, IPK, Cuba Jose Moya, OPS, Cuba William Sear, NIAID, USA<\/p>\n","protected":false},"author":3205,"featured_media":0,"parent":0,"menu_order":0,"comment_status":"closed","ping_status":"open","template":"","meta":[],"_links":{"self":[{"href":"https:\/\/promociondeeventos.sld.cu\/flap2022en\/wp-json\/wp\/v2\/pages\/26"}],"collection":[{"href":"https:\/\/promociondeeventos.sld.cu\/flap2022en\/wp-json\/wp\/v2\/pages"}],"about":[{"href":"https:\/\/promociondeeventos.sld.cu\/flap2022en\/wp-json\/wp\/v2\/types\/page"}],"author":[{"embeddable":true,"href":"https:\/\/promociondeeventos.sld.cu\/flap2022en\/wp-json\/wp\/v2\/users\/3205"}],"replies":[{"embeddable":true,"href":"https:\/\/promociondeeventos.sld.cu\/flap2022en\/wp-json\/wp\/v2\/comments?post=26"}],"version-history":[{"count":1,"href":"https:\/\/promociondeeventos.sld.cu\/flap2022en\/wp-json\/wp\/v2\/pages\/26\/revisions"}],"predecessor-version":[{"id":27,"href":"https:\/\/promociondeeventos.sld.cu\/flap2022en\/wp-json\/wp\/v2\/pages\/26\/revisions\/27"}],"wp:attachment":[{"href":"https:\/\/promociondeeventos.sld.cu\/flap2022en\/wp-json\/wp\/v2\/media?parent=26"}],"curies":[{"name":"wp","href":"https:\/\/api.w.org\/{rel}","templated":true}]}}