{"id":13,"date":"2022-10-17T14:39:55","date_gmt":"2022-10-17T14:39:55","guid":{"rendered":"http:\/\/promociondeeventos.sld.cu\/flap2022en\/?page_id=13"},"modified":"2022-10-17T14:40:00","modified_gmt":"2022-10-17T14:40:00","slug":"international-scientific-committee","status":"publish","type":"page","link":"https:\/\/promociondeeventos.sld.cu\/flap2022en\/international-scientific-committee\/","title":{"rendered":"International Scientific Committee"},"content":{"rendered":"<ul>\n<li>Alejandro Luquetti, Brazil<\/li>\n<li>Ana Flisser Steinbruch, Mexico<\/li>\n<li>Antonieta Rojas de Arias, Paraguay<\/li>\n<li>Azael Salda\u00f1a, Panama<\/li>\n<li>Catalina Alba, Argentina<\/li>\n<li>Felipe Guhl Nannetti, Colombia<\/li>\n<li>Juan David Ramirez, Colombia<\/li>\n<li>Maria Mireya Mu\u00f1oz Arza, Panama<\/li>\n<li>Rina Kaminsky, Honduras<\/li>\n<li>Santiago Mart\u00ednez Calvillo, Mexico<\/li>\n<li>Sergio Cimerman, Brazil<\/li>\n<li>Werner Apt, Chile<\/li>\n<\/ul>\n","protected":false},"excerpt":{"rendered":"<p>Alejandro Luquetti, Brazil Ana Flisser Steinbruch, Mexico Antonieta Rojas de Arias, Paraguay Azael Salda\u00f1a, Panama Catalina Alba, Argentina Felipe Guhl Nannetti, Colombia Juan David Ramirez, Colombia Maria Mireya Mu\u00f1oz Arza, Panama Rina Kaminsky, Honduras Santiago Mart\u00ednez Calvillo, Mexico Sergio Cimerman, Brazil Werner Apt, Chile<\/p>\n","protected":false},"author":3205,"featured_media":0,"parent":0,"menu_order":0,"comment_status":"closed","ping_status":"open","template":"","meta":[],"_links":{"self":[{"href":"https:\/\/promociondeeventos.sld.cu\/flap2022en\/wp-json\/wp\/v2\/pages\/13"}],"collection":[{"href":"https:\/\/promociondeeventos.sld.cu\/flap2022en\/wp-json\/wp\/v2\/pages"}],"about":[{"href":"https:\/\/promociondeeventos.sld.cu\/flap2022en\/wp-json\/wp\/v2\/types\/page"}],"author":[{"embeddable":true,"href":"https:\/\/promociondeeventos.sld.cu\/flap2022en\/wp-json\/wp\/v2\/users\/3205"}],"replies":[{"embeddable":true,"href":"https:\/\/promociondeeventos.sld.cu\/flap2022en\/wp-json\/wp\/v2\/comments?post=13"}],"version-history":[{"count":1,"href":"https:\/\/promociondeeventos.sld.cu\/flap2022en\/wp-json\/wp\/v2\/pages\/13\/revisions"}],"predecessor-version":[{"id":14,"href":"https:\/\/promociondeeventos.sld.cu\/flap2022en\/wp-json\/wp\/v2\/pages\/13\/revisions\/14"}],"wp:attachment":[{"href":"https:\/\/promociondeeventos.sld.cu\/flap2022en\/wp-json\/wp\/v2\/media?parent=13"}],"curies":[{"name":"wp","href":"https:\/\/api.w.org\/{rel}","templated":true}]}}