{"id":10,"date":"2022-10-17T14:38:14","date_gmt":"2022-10-17T14:38:14","guid":{"rendered":"http:\/\/promociondeeventos.sld.cu\/flap2022en\/?page_id=10"},"modified":"2022-10-17T14:38:22","modified_gmt":"2022-10-17T14:38:22","slug":"honorary-committee","status":"publish","type":"page","link":"https:\/\/promociondeeventos.sld.cu\/flap2022en\/honorary-committee\/","title":{"rendered":"Honorary Committee"},"content":{"rendered":"<ul>\n<li>Prof. Jos\u00e9 \u00c1ngel Portal Miranda<\/li>\n<li>Prof. Yanaris L\u00f3pez Almaguer<\/li>\n<li>Prof. Nereyda Cantelar de Francisco<\/li>\n<li>Prof. Lorenzo Jorge P\u00e9rez \u00c1vila<\/li>\n<\/ul>\n","protected":false},"excerpt":{"rendered":"<p>Prof. Jos\u00e9 \u00c1ngel Portal Miranda Prof. Yanaris L\u00f3pez Almaguer Prof. Nereyda Cantelar de Francisco Prof. Lorenzo Jorge P\u00e9rez \u00c1vila<\/p>\n","protected":false},"author":3205,"featured_media":0,"parent":0,"menu_order":0,"comment_status":"closed","ping_status":"open","template":"","meta":[],"_links":{"self":[{"href":"https:\/\/promociondeeventos.sld.cu\/flap2022en\/wp-json\/wp\/v2\/pages\/10"}],"collection":[{"href":"https:\/\/promociondeeventos.sld.cu\/flap2022en\/wp-json\/wp\/v2\/pages"}],"about":[{"href":"https:\/\/promociondeeventos.sld.cu\/flap2022en\/wp-json\/wp\/v2\/types\/page"}],"author":[{"embeddable":true,"href":"https:\/\/promociondeeventos.sld.cu\/flap2022en\/wp-json\/wp\/v2\/users\/3205"}],"replies":[{"embeddable":true,"href":"https:\/\/promociondeeventos.sld.cu\/flap2022en\/wp-json\/wp\/v2\/comments?post=10"}],"version-history":[{"count":1,"href":"https:\/\/promociondeeventos.sld.cu\/flap2022en\/wp-json\/wp\/v2\/pages\/10\/revisions"}],"predecessor-version":[{"id":11,"href":"https:\/\/promociondeeventos.sld.cu\/flap2022en\/wp-json\/wp\/v2\/pages\/10\/revisions\/11"}],"wp:attachment":[{"href":"https:\/\/promociondeeventos.sld.cu\/flap2022en\/wp-json\/wp\/v2\/media?parent=10"}],"curies":[{"name":"wp","href":"https:\/\/api.w.org\/{rel}","templated":true}]}}