{"id":80,"date":"2022-08-17T17:39:58","date_gmt":"2022-08-17T17:39:58","guid":{"rendered":"http:\/\/promociondeeventos.sld.cu\/flap2022\/?page_id=80"},"modified":"2022-08-17T17:40:33","modified_gmt":"2022-08-17T17:40:33","slug":"trabajos","status":"publish","type":"page","link":"https:\/\/promociondeeventos.sld.cu\/flap2022\/trabajos\/","title":{"rendered":"Trabajos"},"content":{"rendered":"<p><strong><span style=\"text-decoration: underline\">REQUISITOS PARA LA PRESENTACI\u00d3N DE TRABAJOS<\/span><\/strong><\/p>\n<p><strong>Para participar en el Congreso XXVI Congreso de la Federaci\u00f3n Latinoamericana de Parasitolog\u00eda (FLAP), XV Congreso Centroamericano y del Caribe de Parasitolog\u00eda y Medicina Tropical (ACACPMT), X Congreso Cubano de Microbiolog\u00eda y Parasitolog\u00eda, VII Congreso Nacional de Medicina Tropical, VII Seminario Internacional sobre la Infecci\u00f3n por el VIH y el Sida en Cuba<\/strong>, usted deber\u00e1 enviar el Resumen de su trabajo completo al Comit\u00e9 Cient\u00edfico. El Comit\u00e9 Cient\u00edfico se reserva el derecho de seleccionar los trabajos que se presentar\u00e1n en el evento.<\/p>\n<p>Usar una hoja tama\u00f1o carta con m\u00e1rgenes de 2,5cm a cada lado.<\/p>\n<p>El resumen de trabajo debe de estructurarse de acuerdo al orden siguiente:<\/p>\n<ul>\n<li><strong>T\u00edtulo del trabajo: <\/strong>en may\u00fasculas y negritas<\/li>\n<li><strong>Autor(es)<\/strong>: comenzando por el primer apellido, seguido de coma y el nombre. Cuando sea m\u00e1s de un autor, se usar\u00e1 punto y coma para separar los nombres. Debe subrayarse el autor para la presentaci\u00f3n del trabajo.<\/li>\n<li><strong>Afiliaci\u00f3n: <\/strong>Indicar el centro de trabajo de los autores y pa\u00eds. Si son varios, indicar con un n\u00famero super\u00edndice.<\/li>\n<li><strong>Correo electr\u00f3nico de contacto:<\/strong> Escribir una direcci\u00f3n de e-mail para la correspondencia con el autor responsable del trabajo.<\/li>\n<li><strong>Texto:<\/strong> Se escribir\u00e1 en min\u00fasculas, usando el tama\u00f1o 12 de la letra Arial a interlineado 1. <strong><span style=\"text-decoration: underline\">Extensi\u00f3n: no m\u00e1s de 250 palabras.<\/span><\/strong> Se escribir\u00e1 el contenido del resumen sin repetir el t\u00edtulo del trabajo y ajust\u00e1ndose al siguiente esquema estructurado: Introducci\u00f3n, Material y m\u00e9todos, Resultados, Conclusiones. No se pueden incluir tablas o una figura. Deber\u00e1n evitarse aquellas abreviaturas no explicadas. Respetar las nomenclaturas para nombres cient\u00edficos. Para las cifras deber\u00e1n usarse n\u00fameros, abreviaturas y s\u00edmbolos de uso internacional.<\/li>\n<li><strong>Palabras claves <\/strong>(no pueden coincidir con el t\u00edtulo del resumen).<\/li>\n<\/ul>\n<p><strong>Aspectos importantes: <\/strong><\/p>\n<p>Todo trabajo sometido a consideraci\u00f3n deber\u00e1 ser in\u00e9dito y estar relacionado con la tem\u00e1tica del Congreso. Posterior a la fecha l\u00edmite de recepci\u00f3n y de manera oportuna, a trav\u00e9s de correo electr\u00f3nico, se har\u00e1 saber al autor \/ presentador del trabajo su respectiva aceptaci\u00f3n ya sea en formato de cartel o de presentaci\u00f3n oral. Esta decisi\u00f3n estar\u00e1 a cargo del Comit\u00e9 Cient\u00edfico.<\/p>\n<p>Para que los trabajos aceptados por el Comit\u00e9 Cient\u00edfico sean incluidos definitivamente en el programa, se deber\u00e1 incluir la inscripci\u00f3n al Congreso de al menos el autor o presentador responsable.<\/p>\n<p>Para cada presentaci\u00f3n en cartel (p\u00f3ster) se dispondr\u00e1 de un espacio de 1,0 x 1,5 metros. Queda a juicio del autor \/ presentador la est\u00e9tica del mismo (materiales, colores, tipo de texto, cantidad de figuras y cuadros, etc.), respetando los l\u00edmites del espacio asignado. No obstante la libertad de formato, el cartel deber\u00e1 incluir las partes visibles siguientes: t\u00edtulo, autor(es), introducci\u00f3n \/ objetivos, materiales y m\u00e9todos, resultados y conclusiones.<\/p>\n<p>Podr\u00e1 incluirse un resumen en idioma ingl\u00e9s si el autor \/ presentador lo prefiere.<\/p>\n<p>Frente a cualquier duda, pregunta o dificultad en el env\u00edo de su resumen contactar a <a href=\"mailto:flaphabana2022@ipk.sld.cu\">flaphabana2022@ipk.sld.cu<\/a><\/p>\n","protected":false},"excerpt":{"rendered":"<p>REQUISITOS PARA LA PRESENTACI\u00d3N DE TRABAJOS Para participar en el Congreso XXVI Congreso de la Federaci\u00f3n Latinoamericana de Parasitolog\u00eda (FLAP), XV Congreso Centroamericano y del Caribe de Parasitolog\u00eda y Medicina Tropical (ACACPMT), X Congreso Cubano de Microbiolog\u00eda y Parasitolog\u00eda, VII Congreso Nacional de Medicina Tropical, VII Seminario Internacional sobre la Infecci\u00f3n por el VIH y [&hellip;]<\/p>\n","protected":false},"author":3257,"featured_media":0,"parent":0,"menu_order":0,"comment_status":"closed","ping_status":"open","template":"","meta":[],"_links":{"self":[{"href":"https:\/\/promociondeeventos.sld.cu\/flap2022\/wp-json\/wp\/v2\/pages\/80"}],"collection":[{"href":"https:\/\/promociondeeventos.sld.cu\/flap2022\/wp-json\/wp\/v2\/pages"}],"about":[{"href":"https:\/\/promociondeeventos.sld.cu\/flap2022\/wp-json\/wp\/v2\/types\/page"}],"author":[{"embeddable":true,"href":"https:\/\/promociondeeventos.sld.cu\/flap2022\/wp-json\/wp\/v2\/users\/3257"}],"replies":[{"embeddable":true,"href":"https:\/\/promociondeeventos.sld.cu\/flap2022\/wp-json\/wp\/v2\/comments?post=80"}],"version-history":[{"count":1,"href":"https:\/\/promociondeeventos.sld.cu\/flap2022\/wp-json\/wp\/v2\/pages\/80\/revisions"}],"predecessor-version":[{"id":82,"href":"https:\/\/promociondeeventos.sld.cu\/flap2022\/wp-json\/wp\/v2\/pages\/80\/revisions\/82"}],"wp:attachment":[{"href":"https:\/\/promociondeeventos.sld.cu\/flap2022\/wp-json\/wp\/v2\/media?parent=80"}],"curies":[{"name":"wp","href":"https:\/\/api.w.org\/{rel}","templated":true}]}}