{"id":74,"date":"2022-08-17T17:34:44","date_gmt":"2022-08-17T17:34:44","guid":{"rendered":"http:\/\/promociondeeventos.sld.cu\/flap2022\/?page_id=74"},"modified":"2022-08-26T12:00:49","modified_gmt":"2022-08-26T12:00:49","slug":"cuotas-de-inscripcion-y-pagos","status":"publish","type":"page","link":"https:\/\/promociondeeventos.sld.cu\/flap2022\/cuotas-de-inscripcion-y-pagos\/","title":{"rendered":"Cuotas de Inscripci\u00f3n y Pagos"},"content":{"rendered":"<p><strong>Participantes extranjeros:<\/strong> 200.00 USD<\/p>\n<p>Incluye: Delegado \/ ponente \/ estudiante de pregrado: acreditaci\u00f3n \/ acceso a todas las actividades cient\u00edficas programadas virtuales\/ certificado digital de participaci\u00f3n en el evento.<\/p>\n<p>Para el pago del registro online:\u00a0 <a href=\"http:\/\/flap2022.cubagrouplanner.com\/\" target=\"_blank\">http:\/\/flap2022.cubagrouplanner.com\/<\/a><\/p>\n<p>Para cualquier duda con el pago contactar\u00a0 <a href=\"mailto:fraga@ipk.sld.cu\" target=\"_blank\">fraga@ipk.sld.cu<\/a><\/p>\n<p><strong>Participantes cubanos:<\/strong> 300.00 CUP<\/p>\n<p>Forma de pago de los servicios en Cuba: Cuota al d\u00eda para afiliados de la Sociedad Cubana de Microbiolog\u00eda y Parasitolog\u00eda (SCMP*) u otras sociedades pertenecientes al Consejo de Sociedades Cient\u00edficas del MINSAP.<\/p>\n<p>Incluye: Acreditaci\u00f3n \/ acceso virtual a todas las actividades cient\u00edficas programadas \/ Certificado digital de participaci\u00f3n en el evento.<\/p>\n<p>El pago se realizara a trav\u00e9s de los cap\u00edtulos provinciales en cada provincia.<\/p>\n<p>Los interesados no afiliados a la Sociedad Cubana de Microbiolog\u00eda y Parasitolog\u00eda deben contactar a Dra. Dora Ginorio, <a href=\"mailto:dginorio@ipk.sld.cu\">dginorio@ipk.sld.cu<\/a><\/p>\n","protected":false},"excerpt":{"rendered":"<p>Participantes extranjeros: 200.00 USD Incluye: Delegado \/ ponente \/ estudiante de pregrado: acreditaci\u00f3n \/ acceso a todas las actividades cient\u00edficas programadas virtuales\/ certificado digital de participaci\u00f3n en el evento. Para el pago del registro online:\u00a0 http:\/\/flap2022.cubagrouplanner.com\/ Para cualquier duda con el pago contactar\u00a0 fraga@ipk.sld.cu Participantes cubanos: 300.00 CUP Forma de pago de los servicios en [&hellip;]<\/p>\n","protected":false},"author":3257,"featured_media":0,"parent":0,"menu_order":0,"comment_status":"closed","ping_status":"open","template":"","meta":[],"_links":{"self":[{"href":"https:\/\/promociondeeventos.sld.cu\/flap2022\/wp-json\/wp\/v2\/pages\/74"}],"collection":[{"href":"https:\/\/promociondeeventos.sld.cu\/flap2022\/wp-json\/wp\/v2\/pages"}],"about":[{"href":"https:\/\/promociondeeventos.sld.cu\/flap2022\/wp-json\/wp\/v2\/types\/page"}],"author":[{"embeddable":true,"href":"https:\/\/promociondeeventos.sld.cu\/flap2022\/wp-json\/wp\/v2\/users\/3257"}],"replies":[{"embeddable":true,"href":"https:\/\/promociondeeventos.sld.cu\/flap2022\/wp-json\/wp\/v2\/comments?post=74"}],"version-history":[{"count":3,"href":"https:\/\/promociondeeventos.sld.cu\/flap2022\/wp-json\/wp\/v2\/pages\/74\/revisions"}],"predecessor-version":[{"id":90,"href":"https:\/\/promociondeeventos.sld.cu\/flap2022\/wp-json\/wp\/v2\/pages\/74\/revisions\/90"}],"wp:attachment":[{"href":"https:\/\/promociondeeventos.sld.cu\/flap2022\/wp-json\/wp\/v2\/media?parent=74"}],"curies":[{"name":"wp","href":"https:\/\/api.w.org\/{rel}","templated":true}]}}