{"id":67,"date":"2022-08-17T17:17:31","date_gmt":"2022-08-17T17:17:31","guid":{"rendered":"http:\/\/promociondeeventos.sld.cu\/flap2022\/?page_id=67"},"modified":"2022-09-23T03:12:38","modified_gmt":"2022-09-23T03:12:38","slug":"resumenes","status":"publish","type":"page","link":"https:\/\/promociondeeventos.sld.cu\/flap2022\/resumenes\/","title":{"rendered":"Res\u00famenes"},"content":{"rendered":"<p><strong><span style=\"text-decoration: underline\">ENV\u00cdO DE RES\u00daMENES:<\/span><\/strong><\/p>\n<p>Fecha l\u00edmite para env\u00edo de res\u00famenes: <strong>15 de octubre de 2022<\/strong> (delegados nacionales y extranjeros).<\/p>\n<p>Los res\u00famenes deben ser enviados al correo electr\u00f3nico <a href=\"mailto:congresoflap.resumen@ipk.sld.cu\">congresoflap.resumen@ipk.sld.cu<\/a> desde el 20 de agosto de 2022. Pasada la fecha l\u00edmite de recepci\u00f3n de los res\u00famenes no se garantiza la participaci\u00f3n en el congreso ni la publicaci\u00f3n del mismo en las memorias del evento.<\/p>\n<p>Para cualquier duda, pregunta o dificultad en el env\u00edo de resumen contactar a <a href=\"mailto:flaphabana2022@ipk.sld.cu\">flaphabana2022@ipk.sld.cu<\/a><\/p>\n<p>Descargar: <a title=\"Plantilla-resumenes-FLAP-2022\" href=\"http:\/\/promociondeeventos.sld.cu\/flap2022\/files\/2022\/09\/Plantilla-resumenes-FLAP-2022.docm\" target=\"_blank\">Planilla para env\u00edo de res\u00famenes<\/a><\/p>\n","protected":false},"excerpt":{"rendered":"<p>ENV\u00cdO DE RES\u00daMENES: Fecha l\u00edmite para env\u00edo de res\u00famenes: 15 de octubre de 2022 (delegados nacionales y extranjeros). Los res\u00famenes deben ser enviados al correo electr\u00f3nico congresoflap.resumen@ipk.sld.cu desde el 20 de agosto de 2022. Pasada la fecha l\u00edmite de recepci\u00f3n de los res\u00famenes no se garantiza la participaci\u00f3n en el congreso ni la publicaci\u00f3n del [&hellip;]<\/p>\n","protected":false},"author":3257,"featured_media":0,"parent":0,"menu_order":0,"comment_status":"closed","ping_status":"open","template":"","meta":[],"_links":{"self":[{"href":"https:\/\/promociondeeventos.sld.cu\/flap2022\/wp-json\/wp\/v2\/pages\/67"}],"collection":[{"href":"https:\/\/promociondeeventos.sld.cu\/flap2022\/wp-json\/wp\/v2\/pages"}],"about":[{"href":"https:\/\/promociondeeventos.sld.cu\/flap2022\/wp-json\/wp\/v2\/types\/page"}],"author":[{"embeddable":true,"href":"https:\/\/promociondeeventos.sld.cu\/flap2022\/wp-json\/wp\/v2\/users\/3257"}],"replies":[{"embeddable":true,"href":"https:\/\/promociondeeventos.sld.cu\/flap2022\/wp-json\/wp\/v2\/comments?post=67"}],"version-history":[{"count":6,"href":"https:\/\/promociondeeventos.sld.cu\/flap2022\/wp-json\/wp\/v2\/pages\/67\/revisions"}],"predecessor-version":[{"id":101,"href":"https:\/\/promociondeeventos.sld.cu\/flap2022\/wp-json\/wp\/v2\/pages\/67\/revisions\/101"}],"wp:attachment":[{"href":"https:\/\/promociondeeventos.sld.cu\/flap2022\/wp-json\/wp\/v2\/media?parent=67"}],"curies":[{"name":"wp","href":"https:\/\/api.w.org\/{rel}","templated":true}]}}