{"id":6,"date":"2022-08-03T15:37:54","date_gmt":"2022-08-03T15:37:54","guid":{"rendered":"http:\/\/promociondeeventos.sld.cu\/flap2022\/?page_id=6"},"modified":"2022-10-13T15:33:59","modified_gmt":"2022-10-13T15:33:59","slug":"organizan-y-auspician","status":"publish","type":"page","link":"https:\/\/promociondeeventos.sld.cu\/flap2022\/organizan-y-auspician\/","title":{"rendered":"Organizan y Auspician"},"content":{"rendered":"<p>Ministerio de Salud P\u00fablica de Cuba (MINSAP)<\/p>\n<p>Sociedad Cubana de Microbiolog\u00eda y Parasitolog\u00eda (SCMP)<\/p>\n<p>Instituto de Medicina Tropical \u201cPedro Kour\u00ed\u201d (IPK)<\/p>\n<p>Organizaci\u00f3n Panamericana de la Salud (OPS)\/ Organizaci\u00f3n Mundial de la Salud (OMS)<\/p>\n<p>Consejo Nacional de Sociedades Cient\u00edficas de la Salud (CNSCS)<\/p>\n<p>Roche<\/p>\n<p>Biolab<\/p>\n","protected":false},"excerpt":{"rendered":"<p>Ministerio de Salud P\u00fablica de Cuba (MINSAP) Sociedad Cubana de Microbiolog\u00eda y Parasitolog\u00eda (SCMP) Instituto de Medicina Tropical \u201cPedro Kour\u00ed\u201d (IPK) Organizaci\u00f3n Panamericana de la Salud (OPS)\/ Organizaci\u00f3n Mundial de la Salud (OMS) Consejo Nacional de Sociedades Cient\u00edficas de la Salud (CNSCS) Roche Biolab<\/p>\n","protected":false},"author":3205,"featured_media":0,"parent":0,"menu_order":0,"comment_status":"closed","ping_status":"open","template":"","meta":[],"_links":{"self":[{"href":"https:\/\/promociondeeventos.sld.cu\/flap2022\/wp-json\/wp\/v2\/pages\/6"}],"collection":[{"href":"https:\/\/promociondeeventos.sld.cu\/flap2022\/wp-json\/wp\/v2\/pages"}],"about":[{"href":"https:\/\/promociondeeventos.sld.cu\/flap2022\/wp-json\/wp\/v2\/types\/page"}],"author":[{"embeddable":true,"href":"https:\/\/promociondeeventos.sld.cu\/flap2022\/wp-json\/wp\/v2\/users\/3205"}],"replies":[{"embeddable":true,"href":"https:\/\/promociondeeventos.sld.cu\/flap2022\/wp-json\/wp\/v2\/comments?post=6"}],"version-history":[{"count":4,"href":"https:\/\/promociondeeventos.sld.cu\/flap2022\/wp-json\/wp\/v2\/pages\/6\/revisions"}],"predecessor-version":[{"id":108,"href":"https:\/\/promociondeeventos.sld.cu\/flap2022\/wp-json\/wp\/v2\/pages\/6\/revisions\/108"}],"wp:attachment":[{"href":"https:\/\/promociondeeventos.sld.cu\/flap2022\/wp-json\/wp\/v2\/media?parent=6"}],"curies":[{"name":"wp","href":"https:\/\/api.w.org\/{rel}","templated":true}]}}