{"id":141,"date":"2022-10-17T17:39:53","date_gmt":"2022-10-17T17:39:53","guid":{"rendered":"http:\/\/promociondeeventos.sld.cu\/flap2022\/?page_id=141"},"modified":"2022-10-28T02:45:04","modified_gmt":"2022-10-28T02:45:04","slug":"poster","status":"publish","type":"page","link":"https:\/\/promociondeeventos.sld.cu\/flap2022\/poster\/","title":{"rendered":"P\u00f3ster"},"content":{"rendered":"<div class=\"pad\">\n<div class=\"pad\">\n<h1 class=\"entry-title\">Normas de presentaci\u00f3n<\/h1>\n<\/div>\n<p>\u2022 Texto del resumen estructurado en: T\u00edtulo, Autor\/es, Palabras Clave, Introducci\u00f3n, Objetivos, Material y M\u00e9todo, Resultados, Discusi\u00f3n o Conclusiones y Bibliograf\u00eda\u2022 T\u00edtulo (no m\u00e1s de 16 palabras)<\/p>\n<p>\u2022 Autor\/es, (M\u00e1ximo 10 autores por resumen y se deben aportar los siguientes datos: nombre completo, email, y afiliaci\u00f3n para poder hacer el env\u00edo de los certificados correspondientes)<\/p>\n<p>\u2022 Palabras Clave (no m\u00e1s de cinco)<\/p>\n<p>\u2022 El resumen (sin incluir t\u00edtulos, autores y afiliaci\u00f3n) no puede superar las 400 palabras. En el caso de querer adjuntar una tabla o gr\u00e1fico, no podr\u00e1 superar las 300 palabras.<\/p>\n<p>\u2022 El autor que presente la suscripci\u00f3n (en caso de ser aceptada) deber\u00e1 estar inscrito en el curso. Caracter\u00edsticas de los p\u00f3steres:<\/p>\n<p>\u2022 Los p\u00f3steres deben ser trabajos de una sola p\u00e1gina, estructurados de forma sint\u00e9tica, sencilla y visual.<\/p>\n<p>\u2022 En el resumen deben aparecer todos los \u00edtems del resumen enviado anteriormente.<\/p>\n<p>\u2022 Se recomienda que tengan 30 % de elementos gr\u00e1ficos e im\u00e1genes y 70 % de texto.<\/p>\n<p>\u2022 Los p\u00f3steres se presentar\u00e1n en formato vertical, tama\u00f1o aproximado DINa4 (4:3, en color y con la suficiente visualizaci\u00f3n e informaci\u00f3n del trabajo que se aporta en el resumen.<\/p>\n<p>\u2022 La presentaci\u00f3n del p\u00f3ster se realizar\u00e1 en formato PDF, y con un tama\u00f1o no mayor de 5 Megabytes. Para presentar la bibliograf\u00eda, puedes a\u00f1adir un c\u00f3digo QR, que est\u00e9 enlazado con la bibliograf\u00eda utilizada.<\/p>\n<p>\u2022 Los p\u00f3steres aprobados podran ser consultados en el siguiente enlace: <a href=\"http:\/\/promociondeeventos.sld.cu\/flap2022\/sesion-de-poster\/\" target=\"_blank\">Consultar<\/a><\/p>\n<\/div>\n","protected":false},"excerpt":{"rendered":"<p>Normas de presentaci\u00f3n \u2022 Texto del resumen estructurado en: T\u00edtulo, Autor\/es, Palabras Clave, Introducci\u00f3n, Objetivos, Material y M\u00e9todo, Resultados, Discusi\u00f3n o Conclusiones y Bibliograf\u00eda\u2022 T\u00edtulo (no m\u00e1s de 16 palabras) \u2022 Autor\/es, (M\u00e1ximo 10 autores por resumen y se deben aportar los siguientes datos: nombre completo, email, y afiliaci\u00f3n para poder hacer el env\u00edo de [&hellip;]<\/p>\n","protected":false},"author":3257,"featured_media":0,"parent":0,"menu_order":0,"comment_status":"closed","ping_status":"open","template":"","meta":[],"_links":{"self":[{"href":"https:\/\/promociondeeventos.sld.cu\/flap2022\/wp-json\/wp\/v2\/pages\/141"}],"collection":[{"href":"https:\/\/promociondeeventos.sld.cu\/flap2022\/wp-json\/wp\/v2\/pages"}],"about":[{"href":"https:\/\/promociondeeventos.sld.cu\/flap2022\/wp-json\/wp\/v2\/types\/page"}],"author":[{"embeddable":true,"href":"https:\/\/promociondeeventos.sld.cu\/flap2022\/wp-json\/wp\/v2\/users\/3257"}],"replies":[{"embeddable":true,"href":"https:\/\/promociondeeventos.sld.cu\/flap2022\/wp-json\/wp\/v2\/comments?post=141"}],"version-history":[{"count":5,"href":"https:\/\/promociondeeventos.sld.cu\/flap2022\/wp-json\/wp\/v2\/pages\/141\/revisions"}],"predecessor-version":[{"id":156,"href":"https:\/\/promociondeeventos.sld.cu\/flap2022\/wp-json\/wp\/v2\/pages\/141\/revisions\/156"}],"wp:attachment":[{"href":"https:\/\/promociondeeventos.sld.cu\/flap2022\/wp-json\/wp\/v2\/media?parent=141"}],"curies":[{"name":"wp","href":"https:\/\/api.w.org\/{rel}","templated":true}]}}