{"id":12,"date":"2022-04-01T18:17:10","date_gmt":"2022-04-01T18:17:10","guid":{"rendered":"http:\/\/promociondeeventos.sld.cu\/finlayinmemoriam2022\/?page_id=12"},"modified":"2022-04-05T15:53:26","modified_gmt":"2022-04-05T15:53:26","slug":"tematicas","status":"publish","type":"page","link":"https:\/\/promociondeeventos.sld.cu\/finlayinmemoriam2022\/tematicas\/","title":{"rendered":"Tem\u00e1ticas"},"content":{"rendered":"<p>1-Encuesta Nacional de Parasitismo Intestinal<br \/>\n2- Parasitosis aut\u00f3ctonas<br \/>\n3. Parasitosis ex\u00f3ticas para Cuba<br \/>\n4- Zoonosis Parasitarias<br \/>\n5- Salud P\u00fablica Veterinaria<br \/>\n6- Validaci\u00f3n y aplicaci\u00f3n de Encuestas en Parasitolog\u00eda<br \/>\n7-\u00a0 Control Sanitario Internacional en parasitolog\u00eda<br \/>\n8-\u00a0 Diagn\u00f3stico de entidades parasitarias<br \/>\n9- Programas de Vigilancia de las principales parasitosis en Cuba e Informatizaci\u00f3n como parte<br \/>\nde la vigilancia<br \/>\n10-\u00a0 Ambiente, Clima y Parasitosis<br \/>\n11- Farmacoterapia y Medicina natural y tradicional antiparasitaria<br \/>\nSesiones interactivas<br \/>\n&#8211;Debilidades en los laboratorios de la red para el diagn\u00f3stico de enfermedades parasitarias<br \/>\n&#8211;Control de Calidad en la Red de Laboratorios de Parasitolog\u00eda<\/p>\n","protected":false},"excerpt":{"rendered":"<p>1-Encuesta Nacional de Parasitismo Intestinal 2- Parasitosis aut\u00f3ctonas 3. Parasitosis ex\u00f3ticas para Cuba 4- Zoonosis Parasitarias 5- Salud P\u00fablica Veterinaria 6- Validaci\u00f3n y aplicaci\u00f3n de Encuestas en Parasitolog\u00eda 7-\u00a0 Control Sanitario Internacional en parasitolog\u00eda 8-\u00a0 Diagn\u00f3stico de entidades parasitarias 9- Programas de Vigilancia de las principales parasitosis en Cuba e Informatizaci\u00f3n como parte de la [&hellip;]<\/p>\n","protected":false},"author":3262,"featured_media":0,"parent":0,"menu_order":0,"comment_status":"closed","ping_status":"open","template":"","meta":[],"_links":{"self":[{"href":"https:\/\/promociondeeventos.sld.cu\/finlayinmemoriam2022\/wp-json\/wp\/v2\/pages\/12"}],"collection":[{"href":"https:\/\/promociondeeventos.sld.cu\/finlayinmemoriam2022\/wp-json\/wp\/v2\/pages"}],"about":[{"href":"https:\/\/promociondeeventos.sld.cu\/finlayinmemoriam2022\/wp-json\/wp\/v2\/types\/page"}],"author":[{"embeddable":true,"href":"https:\/\/promociondeeventos.sld.cu\/finlayinmemoriam2022\/wp-json\/wp\/v2\/users\/3262"}],"replies":[{"embeddable":true,"href":"https:\/\/promociondeeventos.sld.cu\/finlayinmemoriam2022\/wp-json\/wp\/v2\/comments?post=12"}],"version-history":[{"count":2,"href":"https:\/\/promociondeeventos.sld.cu\/finlayinmemoriam2022\/wp-json\/wp\/v2\/pages\/12\/revisions"}],"predecessor-version":[{"id":37,"href":"https:\/\/promociondeeventos.sld.cu\/finlayinmemoriam2022\/wp-json\/wp\/v2\/pages\/12\/revisions\/37"}],"wp:attachment":[{"href":"https:\/\/promociondeeventos.sld.cu\/finlayinmemoriam2022\/wp-json\/wp\/v2\/media?parent=12"}],"curies":[{"name":"wp","href":"https:\/\/api.w.org\/{rel}","templated":true}]}}