{"id":10,"date":"2022-04-01T18:16:50","date_gmt":"2022-04-01T18:16:50","guid":{"rendered":"http:\/\/promociondeeventos.sld.cu\/finlayinmemoriam2022\/?page_id=10"},"modified":"2022-04-05T15:52:45","modified_gmt":"2022-04-05T15:52:45","slug":"organizan-y-auspician","status":"publish","type":"page","link":"https:\/\/promociondeeventos.sld.cu\/finlayinmemoriam2022\/organizan-y-auspician\/","title":{"rendered":"Organizan y auspician"},"content":{"rendered":"<p>Sociedad Cubana de Microbiolog\u00eda y Parasitolog\u00eda (SCMP)<\/p>\n<p>Dpto. Parasitolog\u00eda-IPK<\/p>\n<p>CIDR<\/p>\n","protected":false},"excerpt":{"rendered":"<p>Sociedad Cubana de Microbiolog\u00eda y Parasitolog\u00eda (SCMP) Dpto. Parasitolog\u00eda-IPK CIDR<\/p>\n","protected":false},"author":3262,"featured_media":0,"parent":0,"menu_order":0,"comment_status":"closed","ping_status":"open","template":"","meta":[],"_links":{"self":[{"href":"https:\/\/promociondeeventos.sld.cu\/finlayinmemoriam2022\/wp-json\/wp\/v2\/pages\/10"}],"collection":[{"href":"https:\/\/promociondeeventos.sld.cu\/finlayinmemoriam2022\/wp-json\/wp\/v2\/pages"}],"about":[{"href":"https:\/\/promociondeeventos.sld.cu\/finlayinmemoriam2022\/wp-json\/wp\/v2\/types\/page"}],"author":[{"embeddable":true,"href":"https:\/\/promociondeeventos.sld.cu\/finlayinmemoriam2022\/wp-json\/wp\/v2\/users\/3262"}],"replies":[{"embeddable":true,"href":"https:\/\/promociondeeventos.sld.cu\/finlayinmemoriam2022\/wp-json\/wp\/v2\/comments?post=10"}],"version-history":[{"count":2,"href":"https:\/\/promociondeeventos.sld.cu\/finlayinmemoriam2022\/wp-json\/wp\/v2\/pages\/10\/revisions"}],"predecessor-version":[{"id":36,"href":"https:\/\/promociondeeventos.sld.cu\/finlayinmemoriam2022\/wp-json\/wp\/v2\/pages\/10\/revisions\/36"}],"wp:attachment":[{"href":"https:\/\/promociondeeventos.sld.cu\/finlayinmemoriam2022\/wp-json\/wp\/v2\/media?parent=10"}],"curies":[{"name":"wp","href":"https:\/\/api.w.org\/{rel}","templated":true}]}}