{"id":81,"date":"2026-01-19T18:15:29","date_gmt":"2026-01-19T18:15:29","guid":{"rendered":"https:\/\/promociondeeventos.sld.cu\/finlay2026\/?page_id=81"},"modified":"2026-01-20T19:14:59","modified_gmt":"2026-01-20T19:14:59","slug":"comite-cientifico","status":"publish","type":"page","link":"https:\/\/promociondeeventos.sld.cu\/finlay2026\/comite-cientifico\/","title":{"rendered":"Comit\u00e9 Cient\u00edfico"},"content":{"rendered":"<p><strong>Presidente<\/strong><\/p>\n<p>Dr. Fidel Nu\u00f1ez Fern\u00e1ndez<\/p>\n<p>Correo electr\u00f3nico:<a href=\"mailto:fan@infomed.sld.cu\" target=\"_blank\" rel=\"noopener\">fan@infomed.sld.cu<\/a><\/p>\n<p><strong>Miembros<\/strong><\/p>\n<p>Dr. Rigoberto Fimia Duarte<br \/>\nCorreo electr\u00f3nico: <a href=\"mailto:rigoberto.fimia66@gmail.com\" target=\"_blank\" rel=\"noopener\">rigoberto.fimia66@gmail.com<\/a><\/p>\n<p>Dr. Amilcar Duquesne Alderete<br \/>\nCorreo electr\u00f3nico: <a href=\"mailto:amilcarduquesne@gmail.com\" target=\"_blank\" rel=\"noopener\">amilcarduquesne@gmail.com<\/a><\/p>\n","protected":false},"excerpt":{"rendered":"<p>Presidente Dr. Fidel Nu\u00f1ez Fern\u00e1ndez Correo electr\u00f3nico:fan@infomed.sld.cu Miembros Dr. Rigoberto Fimia Duarte Correo electr\u00f3nico: rigoberto.fimia66@gmail.com Dr. Amilcar Duquesne Alderete Correo electr\u00f3nico: amilcarduquesne@gmail.com<\/p>\n","protected":false},"author":3257,"featured_media":0,"parent":0,"menu_order":0,"comment_status":"closed","ping_status":"closed","template":"","meta":[],"_links":{"self":[{"href":"https:\/\/promociondeeventos.sld.cu\/finlay2026\/wp-json\/wp\/v2\/pages\/81"}],"collection":[{"href":"https:\/\/promociondeeventos.sld.cu\/finlay2026\/wp-json\/wp\/v2\/pages"}],"about":[{"href":"https:\/\/promociondeeventos.sld.cu\/finlay2026\/wp-json\/wp\/v2\/types\/page"}],"author":[{"embeddable":true,"href":"https:\/\/promociondeeventos.sld.cu\/finlay2026\/wp-json\/wp\/v2\/users\/3257"}],"replies":[{"embeddable":true,"href":"https:\/\/promociondeeventos.sld.cu\/finlay2026\/wp-json\/wp\/v2\/comments?post=81"}],"version-history":[{"count":4,"href":"https:\/\/promociondeeventos.sld.cu\/finlay2026\/wp-json\/wp\/v2\/pages\/81\/revisions"}],"predecessor-version":[{"id":102,"href":"https:\/\/promociondeeventos.sld.cu\/finlay2026\/wp-json\/wp\/v2\/pages\/81\/revisions\/102"}],"wp:attachment":[{"href":"https:\/\/promociondeeventos.sld.cu\/finlay2026\/wp-json\/wp\/v2\/media?parent=81"}],"curies":[{"name":"wp","href":"https:\/\/api.w.org\/{rel}","templated":true}]}}