{"id":76,"date":"2026-01-19T18:02:00","date_gmt":"2026-01-19T18:02:00","guid":{"rendered":"https:\/\/promociondeeventos.sld.cu\/finlay2026\/?page_id=76"},"modified":"2026-01-19T18:14:59","modified_gmt":"2026-01-19T18:14:59","slug":"comite-organizador","status":"publish","type":"page","link":"https:\/\/promociondeeventos.sld.cu\/finlay2026\/comite-organizador\/","title":{"rendered":"Comit\u00e9 Organizador"},"content":{"rendered":"<p><strong>Presidente<br \/>\n<\/strong>-Dr.C. Luis Enrique Jerez Puebla<br \/>\nCorreo electr\u00f3nico: <a href=\"mailto:ljerezp@ipk.sld.cu\" target=\"_blank\" rel=\"noopener\">ljerezp@ipk.sld.cu<\/a><\/p>\n<p><strong>Vicepresidente<\/strong><\/p>\n<p>-Dr. Gerson Portilla Bustamante<\/p>\n<p>Correo electr\u00f3nico: <a href=\"mailto:gersonportillabustamante@gmail.com\" target=\"_blank\" rel=\"noopener\">gersonportillabustamante@gmail.com<\/a><\/p>\n<p><strong>Miembros<br \/>\n<\/strong>-Dra. Dora Ginorio Gavito<br \/>\nCorreo electr\u00f3nico: <a href=\"mailto:dginorio@ipk.sld.cu\" target=\"_blank\" rel=\"noopener\">dginorio@ipk.sld.cu<\/a><br \/>\n-Dra. L\u00e1zara Rojas Rivero<br \/>\nCorreo electr\u00f3nico: <a href=\"mailto:lrojas@ipk.sld.cu\" target=\"_blank\" rel=\"noopener\">lrojas@ipk.sld.cu<\/a><br \/>\n-Dra. Lianet Monzote Fidalgo<\/p>\n<p>Correo electr\u00f3nico: <a href=\"mailto:monzote@ipk.sld.cu\" target=\"_blank\" rel=\"noopener\">monzote@ipk.sld.cu<\/a><\/p>\n<p>-Dra. Annia Fong Gonz\u00e1lez<br \/>\nCorreo electr\u00f3nico: <a href=\"mailto:anniafg@ipk.sld.cu\" target=\"_blank\" rel=\"noopener\">anniafg@ipk.sld.cu<\/a><\/p>\n","protected":false},"excerpt":{"rendered":"<p>Presidente -Dr.C. Luis Enrique Jerez Puebla Correo electr\u00f3nico: ljerezp@ipk.sld.cu Vicepresidente -Dr. Gerson Portilla Bustamante Correo electr\u00f3nico: gersonportillabustamante@gmail.com Miembros -Dra. Dora Ginorio Gavito Correo electr\u00f3nico: dginorio@ipk.sld.cu -Dra. L\u00e1zara Rojas Rivero Correo electr\u00f3nico: lrojas@ipk.sld.cu -Dra. Lianet Monzote Fidalgo Correo electr\u00f3nico: monzote@ipk.sld.cu -Dra. Annia Fong Gonz\u00e1lez Correo electr\u00f3nico: anniafg@ipk.sld.cu<\/p>\n","protected":false},"author":3257,"featured_media":0,"parent":0,"menu_order":0,"comment_status":"closed","ping_status":"closed","template":"","meta":[],"_links":{"self":[{"href":"https:\/\/promociondeeventos.sld.cu\/finlay2026\/wp-json\/wp\/v2\/pages\/76"}],"collection":[{"href":"https:\/\/promociondeeventos.sld.cu\/finlay2026\/wp-json\/wp\/v2\/pages"}],"about":[{"href":"https:\/\/promociondeeventos.sld.cu\/finlay2026\/wp-json\/wp\/v2\/types\/page"}],"author":[{"embeddable":true,"href":"https:\/\/promociondeeventos.sld.cu\/finlay2026\/wp-json\/wp\/v2\/users\/3257"}],"replies":[{"embeddable":true,"href":"https:\/\/promociondeeventos.sld.cu\/finlay2026\/wp-json\/wp\/v2\/comments?post=76"}],"version-history":[{"count":4,"href":"https:\/\/promociondeeventos.sld.cu\/finlay2026\/wp-json\/wp\/v2\/pages\/76\/revisions"}],"predecessor-version":[{"id":80,"href":"https:\/\/promociondeeventos.sld.cu\/finlay2026\/wp-json\/wp\/v2\/pages\/76\/revisions\/80"}],"wp:attachment":[{"href":"https:\/\/promociondeeventos.sld.cu\/finlay2026\/wp-json\/wp\/v2\/media?parent=76"}],"curies":[{"name":"wp","href":"https:\/\/api.w.org\/{rel}","templated":true}]}}