{"id":2,"date":"2025-12-11T00:50:33","date_gmt":"2025-12-11T00:50:33","guid":{"rendered":"https:\/\/promociondeeventos.sld.cu\/finlay2026\/?page_id=2"},"modified":"2026-04-29T12:47:52","modified_gmt":"2026-04-29T12:47:52","slug":"pagina-ejemplo","status":"publish","type":"page","link":"https:\/\/promociondeeventos.sld.cu\/finlay2026\/","title":{"rendered":"Convocatoria"},"content":{"rendered":"<p>&nbsp;<\/p>\n<table style=\"border-collapse: collapse;width: 100%\">\n<tbody>\n<tr>\n<td style=\"width: 50%\"><img decoding=\"async\" loading=\"lazy\" class=\"aligncenter wp-image-61\" src=\"http:\/\/promociondeeventos.sld.cu\/finlay2026\/files\/2025\/12\/FinlayV.jpg\" alt=\"\" width=\"225\" height=\"218\" \/><\/td>\n<\/tr>\n<\/tbody>\n<\/table>\n<p style=\"text-align: center\"><strong>Distinguidos colegas y amigos:<\/strong><\/p>\n<p>Nos sentimos muy honrados al darle la bienvenida al V Taller de Parasitolog\u00eda \u00abCarlos M. Finlay in <em>Memoriam<\/em>\u00bb en la Ciudad de Camag\u00fcey. Este Taller se desarrollar\u00e1 entre los d\u00edas 17 al 20 de noviembre de 2026.<\/p>\n<p>Este evento permitir\u00e1 promover el fruct\u00edfero intercambio cient\u00edfico, las experiencias y resultados alcanzados entre todos los profesionales de la Parasitolog\u00eda M\u00e9dica a nivel de la red nacional de Salud, adem\u00e1s de importantes tem\u00e1ticas de la Parasitolog\u00eda Veterinaria y de componentes ambientales que influyen en la diseminaci\u00f3n de las enfermedades parasitarias. Se expondr\u00e1 lo m\u00e1s actualizado de estos temas en simposios, plenarias, mesas redondas, talleres y conferencias, as\u00ed como tambi\u00e9n se organizar\u00e1n sesiones para la presentaci\u00f3n de temas libres.<\/p>\n<p>Por estas razones, nos sentiremos altamente honrados con su presencia. Los invitamos cordialmente a disfrutar de este singular encuentro, que ser\u00e1 sin duda, una gran experiencia para todos<\/p>\n<p>El evento ahora tendr\u00e1 lugar en el marco del \u00a8<strong><em>IV Encuentro Internacional sobre Organismos Vectores con Incidencia en la Transmisi\u00f3n de Entidades Zoon\u00f3ticas y al X Taller Internacional sobre Cambio Clim\u00e1tico y Salud\u00a8, <\/em><\/strong>con sede en Topes de Collantes, Santi Spiritus.<\/p>\n<p><strong>Las capacidades presenciales est\u00e1n cubiertas, pero a\u00fan existen capacidades para poster electr\u00f3nicos.<br \/>\n<\/strong><\/p>\n","protected":false},"excerpt":{"rendered":"<p>&nbsp; Distinguidos colegas y amigos: Nos sentimos muy honrados al darle la bienvenida al V Taller de Parasitolog\u00eda \u00abCarlos M. Finlay in Memoriam\u00bb en la Ciudad de Camag\u00fcey. Este Taller se desarrollar\u00e1 entre los d\u00edas 17 al 20 de noviembre de 2026. Este evento permitir\u00e1 promover el fruct\u00edfero intercambio cient\u00edfico, las experiencias y resultados alcanzados [&hellip;]<\/p>\n","protected":false},"author":3257,"featured_media":0,"parent":0,"menu_order":0,"comment_status":"closed","ping_status":"open","template":"","meta":[],"_links":{"self":[{"href":"https:\/\/promociondeeventos.sld.cu\/finlay2026\/wp-json\/wp\/v2\/pages\/2"}],"collection":[{"href":"https:\/\/promociondeeventos.sld.cu\/finlay2026\/wp-json\/wp\/v2\/pages"}],"about":[{"href":"https:\/\/promociondeeventos.sld.cu\/finlay2026\/wp-json\/wp\/v2\/types\/page"}],"author":[{"embeddable":true,"href":"https:\/\/promociondeeventos.sld.cu\/finlay2026\/wp-json\/wp\/v2\/users\/3257"}],"replies":[{"embeddable":true,"href":"https:\/\/promociondeeventos.sld.cu\/finlay2026\/wp-json\/wp\/v2\/comments?post=2"}],"version-history":[{"count":19,"href":"https:\/\/promociondeeventos.sld.cu\/finlay2026\/wp-json\/wp\/v2\/pages\/2\/revisions"}],"predecessor-version":[{"id":124,"href":"https:\/\/promociondeeventos.sld.cu\/finlay2026\/wp-json\/wp\/v2\/pages\/2\/revisions\/124"}],"wp:attachment":[{"href":"https:\/\/promociondeeventos.sld.cu\/finlay2026\/wp-json\/wp\/v2\/media?parent=2"}],"curies":[{"name":"wp","href":"https:\/\/api.w.org\/{rel}","templated":true}]}}