{"id":15,"date":"2025-12-11T01:14:20","date_gmt":"2025-12-11T01:14:20","guid":{"rendered":"https:\/\/promociondeeventos.sld.cu\/finlay2026\/?page_id=15"},"modified":"2025-12-11T01:14:32","modified_gmt":"2025-12-11T01:14:32","slug":"perfil-de-los-participantes","status":"publish","type":"page","link":"https:\/\/promociondeeventos.sld.cu\/finlay2026\/perfil-de-los-participantes\/","title":{"rendered":"Perfil de los participantes"},"content":{"rendered":"<p>M\u00e9dicos Parasit\u00f3logos, Licenciados en Microbiolog\u00eda, M\u00e9dicos Veterinarios, M\u00e9dicos Generales Integrales y todos los profesionales y t\u00e9cnicos de la salud involucrados en la asistencia e investigaci\u00f3n de temas parasitol\u00f3gicos.<\/p>\n<p><strong>Idioma oficial<\/strong>: Espa\u00f1ol<\/p>\n","protected":false},"excerpt":{"rendered":"<p>M\u00e9dicos Parasit\u00f3logos, Licenciados en Microbiolog\u00eda, M\u00e9dicos Veterinarios, M\u00e9dicos Generales Integrales y todos los profesionales y t\u00e9cnicos de la salud involucrados en la asistencia e investigaci\u00f3n de temas parasitol\u00f3gicos. Idioma oficial: Espa\u00f1ol<\/p>\n","protected":false},"author":4,"featured_media":0,"parent":0,"menu_order":0,"comment_status":"closed","ping_status":"closed","template":"","meta":[],"_links":{"self":[{"href":"https:\/\/promociondeeventos.sld.cu\/finlay2026\/wp-json\/wp\/v2\/pages\/15"}],"collection":[{"href":"https:\/\/promociondeeventos.sld.cu\/finlay2026\/wp-json\/wp\/v2\/pages"}],"about":[{"href":"https:\/\/promociondeeventos.sld.cu\/finlay2026\/wp-json\/wp\/v2\/types\/page"}],"author":[{"embeddable":true,"href":"https:\/\/promociondeeventos.sld.cu\/finlay2026\/wp-json\/wp\/v2\/users\/4"}],"replies":[{"embeddable":true,"href":"https:\/\/promociondeeventos.sld.cu\/finlay2026\/wp-json\/wp\/v2\/comments?post=15"}],"version-history":[{"count":1,"href":"https:\/\/promociondeeventos.sld.cu\/finlay2026\/wp-json\/wp\/v2\/pages\/15\/revisions"}],"predecessor-version":[{"id":16,"href":"https:\/\/promociondeeventos.sld.cu\/finlay2026\/wp-json\/wp\/v2\/pages\/15\/revisions\/16"}],"wp:attachment":[{"href":"https:\/\/promociondeeventos.sld.cu\/finlay2026\/wp-json\/wp\/v2\/media?parent=15"}],"curies":[{"name":"wp","href":"https:\/\/api.w.org\/{rel}","templated":true}]}}