{"id":114,"date":"2026-04-29T12:31:52","date_gmt":"2026-04-29T12:31:52","guid":{"rendered":"https:\/\/promociondeeventos.sld.cu\/finlay2026\/?page_id=114"},"modified":"2026-04-29T12:35:59","modified_gmt":"2026-04-29T12:35:59","slug":"resumenes","status":"publish","type":"page","link":"https:\/\/promociondeeventos.sld.cu\/finlay2026\/resumenes\/","title":{"rendered":"Res\u00famenes"},"content":{"rendered":"<p>Solicitamos por esta v\u00eda el env\u00edo de los res\u00famenes <strong>antes del <em>20 de abril<\/em><\/strong> con vistas a lograr incluir los trabajos del \u00a8Finlay in memoriam\u00a8 en el Libro Resumen del gran evento. n\u00famero especial de la revista \u201cThe Biologist (Lima)\u201d ISSN: 1816\u00a0 0719 (versi\u00f3n Impresa), ISSN: 1994-9073 (versi\u00f3n en L\u00ednea<\/p>\n<p>El ejemplo de las nomas para la publicaci\u00f3n se explica a continuaci\u00f3n:<\/p>\n<p><strong>EJEMPLO DE RESUMEN\u00a0\u00a0\u00a0 <\/strong><\/p>\n<p>ECOLOGICAL STUDY OF BIRD COMMUNITIES IN CUBANACAN PROTECTED AREA, VILLA CLARA, CUBA<\/p>\n<p>ESTUDIO ECOL\u00d3GICO DE COMUNIDADES DE AVES EN EL \u00c1REA PROTEGIDA CUBANAC\u00c1N, VILLA CLARA, CUBA<\/p>\n<p>Yolepsy Castillo Fleites1; Rafael Armi\u00f1ana- Garc\u00eda1; Rigoberto Fimia-Durte2; Pedro Ramos C\u00f3rdova1 &amp;\u00a0 Alejandro Mart\u00ednez Machado1<\/p>\n<p>1*Universidad Central \u00abMarta Abreu\u00bb de Las Villas, Villa Clara, Cuba. E-mail: ycfleites@uclv.cu, rarminana@uclv.cu,\u00a0 pramos@uclv.cu<\/p>\n<p>2Facultad de Tecnolog\u00eda de la Salud y Enfermer\u00eda (FTSE). Universidad de Ciencias M\u00e9dicas de Villa Clara (UCM-VC), Cuba.\u00a0 E-mail: rigobertofd@infomed.sld.cu<\/p>\n<p>ABSTRACT\u00a0\u00a0 In the research, an ecological study of bird communities is carried out in the Cubanac\u00e1n Protected Area, located in the province of Villa Clara in the Republic of Cuba, in the months of June and July. Ornithological work was carried out in an area with xeromorphic shrub plant formation, on serpentine soil. For the data collection, the area was sampled by the linear transepts method, two in total, with a length of 250 m and a width of 15 m on both sides of the observer. A total of 4 counts were made in the months of June and July, which were executed by the visual and auditory method, supported by a binocular. The data obtained were quantified and the different ecological indexes were applied. In the study area, 22 species of birds belong to 12 families of 8 orders, where the best represented order is Passeriformes with 5 families and 10 species. Of the total number of birds reported, 2 genera (25%), 5 species (53.8%) and 10 subspecies (14.0%) are endemic. In the plant formation, 7 trophic guilds are distinguished for the month of June and July. A density of 59.25 individuals \/ ha was obtained for the month of June, being 53.93 for the month of July The similarity index obtained for both months was 70%, very similar to that obtained in this formation for other months. The diversity for both months was 2.22 and 2.52 respectively, with the same level of richness for the months of June and July 13.0. Fairness varied very little 0.79 for the month of June and 0. 88, for the month of July, so the distribution of the number of individuals is fairly uniform.<\/p>\n<p><strong>Keywords:<\/strong> bird fauna \u2013 Cubanacan Protected Area \u2013 trophic guilds \u2013 xeromorph scrub<\/p>\n<p>RESUMEN\u00a0 En la investigaci\u00f3n se realiza un estudio ecol\u00f3gico de comunidades de aves en el \u00c1rea Protegida Cubanac\u00e1n, enclavada en la provincia de Villa Clara en la Rep\u00fablica de Cuba, en los meses de junio y julio. Los trabajos ornitol\u00f3gicos se realizaron en una zona con formaci\u00f3n vegetal matorral xeromorfo, sobre suelo de serpentinas.<\/p>\n<p>Para la toma de los datos, el \u00e1rea se muestre\u00f3 por el m\u00e9todo de transeptos lineales, dos en total, con una longitud de 250 m y una anchura de 15 m a ambos lados del observador. Se realizaron un total de 4 conteos en los meses de junio y julio, que fueron ejecutados por el m\u00e9todo visual y auditivo, apoyados por un binocular. Los datos obtenidos se cuantificaron y se aplicaron los diferentes \u00edndices ecol\u00f3gicos. En la zona de estudio habitan 22 especies de aves pertenecientes a 12 familias de 8 \u00f3rdenes, donde el orden mejor representado es Paseriformes con 5 familias y 10 especies. Del total de aves reportadas 2 g\u00e9neros (25%), 5 especies (53,8%) y 10 subespecies (14,0%), son end\u00e9micos. En la formaci\u00f3n vegetal se distinguen 7 gremios tr\u00f3ficos para el mes de junio y julio respectivamente. Se obtuvo una densidad de 59,25 individuos\/ha para el mes de junio, siendo 53,93 para el mes de julio. El \u00edndice de similitud obtenido para ambos meses fue de 70%, muy similar al obtenido en esta formaci\u00f3n para otros meses del a\u00f1o. La diversidad para ambos meses fue de 2,22 y 2,52 respectivamente, siendo la riqueza igual para los meses de junio y julio 13,0. La equitatividad vari\u00f3 muy poco 0,79, para el mes de junio y 0,88, para el mes de julio, por lo que la distribuci\u00f3n del n\u00famero de individuos es bastante uniforme.<\/p>\n<p><strong>Palabras clave<\/strong>: avifauna \u2013 \u00c1rea Protegida Cubanac\u00e1n \u2013 gremios tr\u00f3ficos \u2013 matorral xeromorfo<\/p>\n<p><strong>Recomendaciones para la confecci\u00f3n del resumen <\/strong><\/p>\n<p>El tipo de letra recomendable es Time New Roman, Arial Normal y Cambria, con tama\u00f1o 12 puntos y escritos los RESUMENES en formato de texto Microsoft Word.<\/p>\n<p>**Los res\u00famenes deben ser enviados solamente por correo electr\u00f3nico a: rigoberto.fimia66@gmail.com. Todas las comunicaciones se realizar\u00e1n a los correos electr\u00f3nicos que hayan escrito en \u00e9l envi\u00f3 del resumen. Aseg\u00farese de escribirlos correctamente.\u00a0 Deber\u00e1 se\u00f1alar con un asterisco (*) al autor principal, quien es el responsable de la ejecuci\u00f3n del trabajo.<\/p>\n<p>**Deber\u00e1 chequear que est\u00e9n incluidos TODOS los participantes en el trabajo, ya que despu\u00e9s de haber enviado el resumen ser\u00e1 imposible agregar, eliminar o cambiar autores.\u00a0\u00a0 *\u00danicamente podr\u00e1n presentarse en el evento los trabajos cuyos autores (principal o responsable) hayan cubierto la cuota de inscripci\u00f3n correspondiente, que ser\u00edan 300 cup<\/p>\n<p>Muchas gracias<\/p>\n<p>Comit\u00e9 Organizador V Taller \u00a8Finlay in memoriam\u00a8<\/p>\n","protected":false},"excerpt":{"rendered":"<p>Solicitamos por esta v\u00eda el env\u00edo de los res\u00famenes antes del 20 de abril con vistas a lograr incluir los trabajos del \u00a8Finlay in memoriam\u00a8 en el Libro Resumen del gran evento. n\u00famero especial de la revista \u201cThe Biologist (Lima)\u201d ISSN: 1816\u00a0 0719 (versi\u00f3n Impresa), ISSN: 1994-9073 (versi\u00f3n en L\u00ednea El ejemplo de las nomas [&hellip;]<\/p>\n","protected":false},"author":3257,"featured_media":0,"parent":0,"menu_order":0,"comment_status":"closed","ping_status":"closed","template":"","meta":[],"_links":{"self":[{"href":"https:\/\/promociondeeventos.sld.cu\/finlay2026\/wp-json\/wp\/v2\/pages\/114"}],"collection":[{"href":"https:\/\/promociondeeventos.sld.cu\/finlay2026\/wp-json\/wp\/v2\/pages"}],"about":[{"href":"https:\/\/promociondeeventos.sld.cu\/finlay2026\/wp-json\/wp\/v2\/types\/page"}],"author":[{"embeddable":true,"href":"https:\/\/promociondeeventos.sld.cu\/finlay2026\/wp-json\/wp\/v2\/users\/3257"}],"replies":[{"embeddable":true,"href":"https:\/\/promociondeeventos.sld.cu\/finlay2026\/wp-json\/wp\/v2\/comments?post=114"}],"version-history":[{"count":1,"href":"https:\/\/promociondeeventos.sld.cu\/finlay2026\/wp-json\/wp\/v2\/pages\/114\/revisions"}],"predecessor-version":[{"id":116,"href":"https:\/\/promociondeeventos.sld.cu\/finlay2026\/wp-json\/wp\/v2\/pages\/114\/revisions\/116"}],"wp:attachment":[{"href":"https:\/\/promociondeeventos.sld.cu\/finlay2026\/wp-json\/wp\/v2\/media?parent=114"}],"curies":[{"name":"wp","href":"https:\/\/api.w.org\/{rel}","templated":true}]}}