{"id":109,"date":"2026-04-29T12:23:49","date_gmt":"2026-04-29T12:23:49","guid":{"rendered":"https:\/\/promociondeeventos.sld.cu\/finlay2026\/?page_id=109"},"modified":"2026-04-29T12:23:49","modified_gmt":"2026-04-29T12:23:49","slug":"poster-electronico","status":"publish","type":"page","link":"https:\/\/promociondeeventos.sld.cu\/finlay2026\/poster-electronico\/","title":{"rendered":"P\u00f3ster electr\u00f3nico"},"content":{"rendered":"<p>Los mismos deber\u00e1n ser confeccionados de la siguiente forma:<\/p>\n<p>Formato Power Point.<\/p>\n<ul>\n<li>El fondo debe ser blanco o colores muy claros y letras en negro.<\/li>\n<li>Abrir el cuadro de di\u00e1logo \u00abConfigurar p\u00e1gina\u00bb, para ello, hacer click en el men\u00fa \u00abArchivo\u00bb y seleccionar la opci\u00f3n \u00abConfigurar P\u00e1gina\u00bb. Si se dispone de PowerPoint 2007, hacer click en la pesta\u00f1a \u00abDise\u00f1o\u00bb y despu\u00e9s en \u00abConfigurar P\u00e1gina\u00bb. Se indicar\u00e1n las <strong>dimensiones del cartel especificadas, 50 cm de ancho por 66 cm de alto<\/strong>. Una vez realizadas estas operaciones se puede comenzar a dise\u00f1ar el cartel de la manera que lo considere m\u00e1s conveniente. Donde debe contener las siguientes secciones:<\/li>\n<li><strong><u>T\u00edtulo:<\/u><\/strong> Letra negrita, y no m\u00e1s de 15 palabras, sin abreviaturas y sin punto final.<\/li>\n<li><strong><u>Autores:<\/u><\/strong> Nombre y apellidos separados por coma. Subraye el autor principal<\/li>\n<li><strong>Introducci\u00f3n:<\/strong><\/li>\n<li><strong>Objetivos <\/strong><\/li>\n<li><strong>Materiales y M\u00e9todos<\/strong>: Lo m\u00e1s significativo, que permitan el cumplimiento del objetivo propuesto, de ser posible, ilustrados en forma de esquemas o diagramas.<\/li>\n<li><strong>Resultados:<\/strong> S\u00f3lo los principales, que se pueden reflejar en tabla, gr\u00e1ficos o textos sintetizados y que respondan al objetivo presentado.<\/li>\n<li><strong>Conclusiones:<\/strong> las m\u00e1s significativas, de forma tal que no se repitan los resultados y que respondan al cumplimiento del objetivo propuesto.<\/li>\n<li><strong>No se plasma la discusi\u00f3n<\/strong>, <strong>ni las referencias bibliogr\u00e1ficas.<\/strong><\/li>\n<li><strong>Toda la presentaci\u00f3n deber\u00e1 quedar expuesta en una sola diapositiva<\/strong>.<\/li>\n<li>Cada poster tendr\u00e1 <strong>5 minutos<\/strong> <strong>con la explicaci\u00f3n grabada<\/strong> directamente en el PowerPoint para ser exhibido en el evento. Y ser\u00e1 enviado del 3 al 6 de noviembre a Dr. C. Luis E. Jerez Puebla<\/li>\n<\/ul>\n<p>Email: <a href=\"mailto:ljerezp@ipk.sld.cu\">ljerezp@ipk.sld.cu<\/a> o Dra. Dora Ginorio Gavito M. Sc. E-mail: <a href=\"mailto:dginorio@ipk.sld.cu\" target=\"_blank\" rel=\"noopener\">dginorio@ipk.sld.cu<\/a><\/p>\n","protected":false},"excerpt":{"rendered":"<p>Los mismos deber\u00e1n ser confeccionados de la siguiente forma: Formato Power Point. El fondo debe ser blanco o colores muy claros y letras en negro. Abrir el cuadro de di\u00e1logo \u00abConfigurar p\u00e1gina\u00bb, para ello, hacer click en el men\u00fa \u00abArchivo\u00bb y seleccionar la opci\u00f3n \u00abConfigurar P\u00e1gina\u00bb. Si se dispone de PowerPoint 2007, hacer click en [&hellip;]<\/p>\n","protected":false},"author":3257,"featured_media":0,"parent":0,"menu_order":0,"comment_status":"closed","ping_status":"closed","template":"","meta":[],"_links":{"self":[{"href":"https:\/\/promociondeeventos.sld.cu\/finlay2026\/wp-json\/wp\/v2\/pages\/109"}],"collection":[{"href":"https:\/\/promociondeeventos.sld.cu\/finlay2026\/wp-json\/wp\/v2\/pages"}],"about":[{"href":"https:\/\/promociondeeventos.sld.cu\/finlay2026\/wp-json\/wp\/v2\/types\/page"}],"author":[{"embeddable":true,"href":"https:\/\/promociondeeventos.sld.cu\/finlay2026\/wp-json\/wp\/v2\/users\/3257"}],"replies":[{"embeddable":true,"href":"https:\/\/promociondeeventos.sld.cu\/finlay2026\/wp-json\/wp\/v2\/comments?post=109"}],"version-history":[{"count":1,"href":"https:\/\/promociondeeventos.sld.cu\/finlay2026\/wp-json\/wp\/v2\/pages\/109\/revisions"}],"predecessor-version":[{"id":111,"href":"https:\/\/promociondeeventos.sld.cu\/finlay2026\/wp-json\/wp\/v2\/pages\/109\/revisions\/111"}],"wp:attachment":[{"href":"https:\/\/promociondeeventos.sld.cu\/finlay2026\/wp-json\/wp\/v2\/media?parent=109"}],"curies":[{"name":"wp","href":"https:\/\/api.w.org\/{rel}","templated":true}]}}