{"id":8,"date":"2025-07-10T15:37:13","date_gmt":"2025-07-10T15:37:13","guid":{"rendered":"https:\/\/promociondeeventos.sld.cu\/fascioliasis2025\/?page_id=8"},"modified":"2025-07-10T15:37:13","modified_gmt":"2025-07-10T15:37:13","slug":"comite-organizador","status":"publish","type":"page","link":"https:\/\/promociondeeventos.sld.cu\/fascioliasis2025\/comite-organizador\/","title":{"rendered":"Comit\u00e9 Organizador"},"content":{"rendered":"<p><em>Prof. Zhaily Gonz\u00e1lez Rodr\u00edguez (Presidente); zhaily@ipk.sld.cu<\/em><\/p>\n<p><em>Prof. Dora Enma Ginorio Gavito (Vicepresidente); <a href=\"mailto:dginorio@ipk.sld.cu\">dginorio@ipk.sld.cu<\/a> <\/em><\/p>\n<p><em>Lic. Ainadys Garciga Mesa (Vicepresidente); ainady.mesa@ipk.sld.cu<\/em><\/p>\n<p><strong><em>Miembros <\/em><\/strong><\/p>\n<p><em>Prof. Yusaima Gonz\u00e1lez Arrebato (MINSAP)<\/em><\/p>\n<p><em>Prof. Marta Castro Peraza (IPK)<\/em><\/p>\n<p><em>Prof. Angel Arturo Escobedo Carbonell (Hospital Pedi\u00e1trico Pedro Borr\u00e1s Astorga)<\/em><\/p>\n<p><em>Tec. Jorge Ra\u00fal Campos D\u00edaz (IPK)<\/em><\/p>\n<p><em>Prof. Rafmary Rodr\u00edguez Fern\u00e1ndez (MINAG, La Habana)<\/em><\/p>\n<p><em>Prof. Pedro Rafael Casanova Arias (IPK)<\/em><\/p>\n","protected":false},"excerpt":{"rendered":"<p>Prof. Zhaily Gonz\u00e1lez Rodr\u00edguez (Presidente); zhaily@ipk.sld.cu Prof. Dora Enma Ginorio Gavito (Vicepresidente); dginorio@ipk.sld.cu Lic. Ainadys Garciga Mesa (Vicepresidente); ainady.mesa@ipk.sld.cu Miembros Prof. Yusaima Gonz\u00e1lez Arrebato (MINSAP) Prof. Marta Castro Peraza (IPK) Prof. Angel Arturo Escobedo Carbonell (Hospital Pedi\u00e1trico Pedro Borr\u00e1s Astorga) Tec. Jorge Ra\u00fal Campos D\u00edaz (IPK) Prof. Rafmary Rodr\u00edguez Fern\u00e1ndez (MINAG, La Habana) Prof. Pedro [&hellip;]<\/p>\n","protected":false},"author":4,"featured_media":0,"parent":0,"menu_order":0,"comment_status":"closed","ping_status":"closed","template":"","meta":[],"_links":{"self":[{"href":"https:\/\/promociondeeventos.sld.cu\/fascioliasis2025\/wp-json\/wp\/v2\/pages\/8"}],"collection":[{"href":"https:\/\/promociondeeventos.sld.cu\/fascioliasis2025\/wp-json\/wp\/v2\/pages"}],"about":[{"href":"https:\/\/promociondeeventos.sld.cu\/fascioliasis2025\/wp-json\/wp\/v2\/types\/page"}],"author":[{"embeddable":true,"href":"https:\/\/promociondeeventos.sld.cu\/fascioliasis2025\/wp-json\/wp\/v2\/users\/4"}],"replies":[{"embeddable":true,"href":"https:\/\/promociondeeventos.sld.cu\/fascioliasis2025\/wp-json\/wp\/v2\/comments?post=8"}],"version-history":[{"count":1,"href":"https:\/\/promociondeeventos.sld.cu\/fascioliasis2025\/wp-json\/wp\/v2\/pages\/8\/revisions"}],"predecessor-version":[{"id":9,"href":"https:\/\/promociondeeventos.sld.cu\/fascioliasis2025\/wp-json\/wp\/v2\/pages\/8\/revisions\/9"}],"wp:attachment":[{"href":"https:\/\/promociondeeventos.sld.cu\/fascioliasis2025\/wp-json\/wp\/v2\/media?parent=8"}],"curies":[{"name":"wp","href":"https:\/\/api.w.org\/{rel}","templated":true}]}}