{"id":6,"date":"2025-07-10T15:36:02","date_gmt":"2025-07-10T15:36:02","guid":{"rendered":"https:\/\/promociondeeventos.sld.cu\/fascioliasis2025\/?page_id=6"},"modified":"2025-07-10T15:36:02","modified_gmt":"2025-07-10T15:36:02","slug":"comite-cientifico","status":"publish","type":"page","link":"https:\/\/promociondeeventos.sld.cu\/fascioliasis2025\/comite-cientifico\/","title":{"rendered":"Comit\u00e9 Cient\u00edfico"},"content":{"rendered":"<p><em>Prof. Zhaily Gonz\u00e1lez Rodr\u00edguez (presidente); \u00a0<a href=\"mailto:zhaily@ipk.sld.cu\">zhaily@ipk.sld.cu<\/a>\u00a0 \u00a0<\/em><\/p>\n<p><em>Prof. Lianet Monzote Fidalgo; (vicepresidente); <a href=\"mailto:monzote@ipk.sld.cu%20%20\">monzote@ipk.sld.cu\u00a0 <\/a><\/em><\/p>\n<p><em>Prof. Luis Enrique Jerez Puebla (vicepresidente); <a href=\"mailto:ljerezp@ipk.sld.cu\">ljerezp@ipk.sld.cu<\/a>\u00a0 \u00a0<\/em><\/p>\n<p><strong><em>\u00a0<\/em><\/strong><strong>Miembros:<\/strong><\/p>\n<p><em>\u00a0Prof. L\u00e1zara Rojas Rivero (IPK)<\/em><\/p>\n<p><em>Prof. Luis Fonte Galindo (IPK)<\/em><\/p>\n<p><em>Prof. Jorge Fraga Nodarse (IPK)<\/em><\/p>\n<p><em>Prof. Ana Margarita Obreg\u00f3n (IPK)<\/em><\/p>\n<p><em>Prof. Rafael Llanes Caballero (IPK)<\/em><\/p>\n<p><em>Prof. Fidel A Nu\u00f1ez Fern\u00e1ndez (ELAM)<\/em><\/p>\n<p><em>Prof. Roberto Ca\u00f1ete Villafranca (CPHM; Provincia Matanzas)<\/em><\/p>\n<p><em>\u00a0<\/em><\/p>\n","protected":false},"excerpt":{"rendered":"<p>Prof. Zhaily Gonz\u00e1lez Rodr\u00edguez (presidente); \u00a0zhaily@ipk.sld.cu\u00a0 \u00a0 Prof. Lianet Monzote Fidalgo; (vicepresidente); monzote@ipk.sld.cu\u00a0 Prof. Luis Enrique Jerez Puebla (vicepresidente); ljerezp@ipk.sld.cu\u00a0 \u00a0 \u00a0Miembros: \u00a0Prof. L\u00e1zara Rojas Rivero (IPK) Prof. Luis Fonte Galindo (IPK) Prof. Jorge Fraga Nodarse (IPK) Prof. Ana Margarita Obreg\u00f3n (IPK) Prof. Rafael Llanes Caballero (IPK) Prof. Fidel A Nu\u00f1ez Fern\u00e1ndez (ELAM) Prof. Roberto [&hellip;]<\/p>\n","protected":false},"author":4,"featured_media":0,"parent":0,"menu_order":0,"comment_status":"closed","ping_status":"closed","template":"","meta":[],"_links":{"self":[{"href":"https:\/\/promociondeeventos.sld.cu\/fascioliasis2025\/wp-json\/wp\/v2\/pages\/6"}],"collection":[{"href":"https:\/\/promociondeeventos.sld.cu\/fascioliasis2025\/wp-json\/wp\/v2\/pages"}],"about":[{"href":"https:\/\/promociondeeventos.sld.cu\/fascioliasis2025\/wp-json\/wp\/v2\/types\/page"}],"author":[{"embeddable":true,"href":"https:\/\/promociondeeventos.sld.cu\/fascioliasis2025\/wp-json\/wp\/v2\/users\/4"}],"replies":[{"embeddable":true,"href":"https:\/\/promociondeeventos.sld.cu\/fascioliasis2025\/wp-json\/wp\/v2\/comments?post=6"}],"version-history":[{"count":1,"href":"https:\/\/promociondeeventos.sld.cu\/fascioliasis2025\/wp-json\/wp\/v2\/pages\/6\/revisions"}],"predecessor-version":[{"id":7,"href":"https:\/\/promociondeeventos.sld.cu\/fascioliasis2025\/wp-json\/wp\/v2\/pages\/6\/revisions\/7"}],"wp:attachment":[{"href":"https:\/\/promociondeeventos.sld.cu\/fascioliasis2025\/wp-json\/wp\/v2\/media?parent=6"}],"curies":[{"name":"wp","href":"https:\/\/api.w.org\/{rel}","templated":true}]}}