{"id":47,"date":"2025-07-18T13:41:55","date_gmt":"2025-07-18T13:41:55","guid":{"rendered":"https:\/\/promociondeeventos.sld.cu\/fascioliasis2025\/?page_id=47"},"modified":"2025-07-18T13:42:46","modified_gmt":"2025-07-18T13:42:46","slug":"inscripcion","status":"publish","type":"page","link":"https:\/\/promociondeeventos.sld.cu\/fascioliasis2025\/inscripcion\/","title":{"rendered":"Inscripci\u00f3n"},"content":{"rendered":"<p>Si usted tiene inter\u00e9s en participar, descarque el formulario de inscripci\u00f3n y env\u00edelo al correo electr\u00f3nico: <a href=\"mailto:zhaily@ipk.sld.cu\" target=\"_blank\" rel=\"noopener\">zhaily@ipk.sld.cu<\/a><\/p>\n<p><a href=\"http:\/\/promociondeeventos.sld.cu\/pediatriaipk2025\/files\/2025\/04\/PG-01-Planilla-de-Solicitud-de-Matricula.doc\" target=\"_blank\" rel=\"noopener\">Descargar Planilla de Solicitud de Matr\u00edcula<\/a><\/p>\n","protected":false},"excerpt":{"rendered":"<p>Si usted tiene inter\u00e9s en participar, descarque el formulario de inscripci\u00f3n y env\u00edelo al correo electr\u00f3nico: zhaily@ipk.sld.cu Descargar Planilla de Solicitud de Matr\u00edcula<\/p>\n","protected":false},"author":3257,"featured_media":0,"parent":0,"menu_order":0,"comment_status":"closed","ping_status":"closed","template":"","meta":[],"_links":{"self":[{"href":"https:\/\/promociondeeventos.sld.cu\/fascioliasis2025\/wp-json\/wp\/v2\/pages\/47"}],"collection":[{"href":"https:\/\/promociondeeventos.sld.cu\/fascioliasis2025\/wp-json\/wp\/v2\/pages"}],"about":[{"href":"https:\/\/promociondeeventos.sld.cu\/fascioliasis2025\/wp-json\/wp\/v2\/types\/page"}],"author":[{"embeddable":true,"href":"https:\/\/promociondeeventos.sld.cu\/fascioliasis2025\/wp-json\/wp\/v2\/users\/3257"}],"replies":[{"embeddable":true,"href":"https:\/\/promociondeeventos.sld.cu\/fascioliasis2025\/wp-json\/wp\/v2\/comments?post=47"}],"version-history":[{"count":1,"href":"https:\/\/promociondeeventos.sld.cu\/fascioliasis2025\/wp-json\/wp\/v2\/pages\/47\/revisions"}],"predecessor-version":[{"id":48,"href":"https:\/\/promociondeeventos.sld.cu\/fascioliasis2025\/wp-json\/wp\/v2\/pages\/47\/revisions\/48"}],"wp:attachment":[{"href":"https:\/\/promociondeeventos.sld.cu\/fascioliasis2025\/wp-json\/wp\/v2\/media?parent=47"}],"curies":[{"name":"wp","href":"https:\/\/api.w.org\/{rel}","templated":true}]}}