{"id":2,"date":"2025-07-10T15:15:46","date_gmt":"2025-07-10T15:15:46","guid":{"rendered":"https:\/\/promociondeeventos.sld.cu\/fascioliasis2025\/?page_id=2"},"modified":"2025-07-10T16:41:32","modified_gmt":"2025-07-10T16:41:32","slug":"pagina-ejemplo","status":"publish","type":"page","link":"https:\/\/promociondeeventos.sld.cu\/fascioliasis2025\/","title":{"rendered":"Convocatoria"},"content":{"rendered":"<p><img decoding=\"async\" loading=\"lazy\" class=\"wp-image-41  alignright\" src=\"http:\/\/promociondeeventos.sld.cu\/fascioliasis2025\/files\/2025\/07\/onehealth-1-300x273.png\" alt=\"\" width=\"243\" height=\"221\" srcset=\"https:\/\/promociondeeventos.sld.cu\/fascioliasis2025\/files\/2025\/07\/onehealth-1-300x273.png 300w, https:\/\/promociondeeventos.sld.cu\/fascioliasis2025\/files\/2025\/07\/onehealth-1-250x227.png 250w, https:\/\/promociondeeventos.sld.cu\/fascioliasis2025\/files\/2025\/07\/onehealth-1.png 750w\" sizes=\"(max-width: 243px) 100vw, 243px\" \/>Garantizar la salud y el bienestar para todos es un objetivo clave de la Agenda 2030. El enfoque <em>One Health<\/em> es fundamental para controlar las enfermedades zoon\u00f3ticas (entre ellas fascioliasis y otras de transmisi\u00f3n alimentaria), ya que 60% de los pat\u00f3genos humanos y 75% de las emergentes tienen origen animal. Esto exige una respuesta multidisciplinaria, interinstitucional y sostenible.<\/p>\r\n<p>Por tanto, su experiencia agregar\u00e1 un valor significativo a los asistentes de este Simposio. Lo alentamos a compartir conocimientos pr\u00e1cticos e investigaciones para inspirar un debate significativo. Es una oportunidad para interactuar con distinguidos oradores y expertos.<\/p>\r\n","protected":false},"excerpt":{"rendered":"<p>Garantizar la salud y el bienestar para todos es un objetivo clave de la Agenda 2030. El enfoque One Health es fundamental para controlar las enfermedades zoon\u00f3ticas (entre ellas fascioliasis y otras de transmisi\u00f3n alimentaria), ya que 60% de los pat\u00f3genos humanos y 75% de las emergentes tienen origen animal. Esto exige una respuesta multidisciplinaria, [&hellip;]<\/p>\n","protected":false},"author":3257,"featured_media":0,"parent":0,"menu_order":0,"comment_status":"closed","ping_status":"open","template":"","meta":[],"_links":{"self":[{"href":"https:\/\/promociondeeventos.sld.cu\/fascioliasis2025\/wp-json\/wp\/v2\/pages\/2"}],"collection":[{"href":"https:\/\/promociondeeventos.sld.cu\/fascioliasis2025\/wp-json\/wp\/v2\/pages"}],"about":[{"href":"https:\/\/promociondeeventos.sld.cu\/fascioliasis2025\/wp-json\/wp\/v2\/types\/page"}],"author":[{"embeddable":true,"href":"https:\/\/promociondeeventos.sld.cu\/fascioliasis2025\/wp-json\/wp\/v2\/users\/3257"}],"replies":[{"embeddable":true,"href":"https:\/\/promociondeeventos.sld.cu\/fascioliasis2025\/wp-json\/wp\/v2\/comments?post=2"}],"version-history":[{"count":4,"href":"https:\/\/promociondeeventos.sld.cu\/fascioliasis2025\/wp-json\/wp\/v2\/pages\/2\/revisions"}],"predecessor-version":[{"id":44,"href":"https:\/\/promociondeeventos.sld.cu\/fascioliasis2025\/wp-json\/wp\/v2\/pages\/2\/revisions\/44"}],"wp:attachment":[{"href":"https:\/\/promociondeeventos.sld.cu\/fascioliasis2025\/wp-json\/wp\/v2\/media?parent=2"}],"curies":[{"name":"wp","href":"https:\/\/api.w.org\/{rel}","templated":true}]}}