{"id":14,"date":"2023-08-17T19:30:33","date_gmt":"2023-08-17T19:30:33","guid":{"rendered":"https:\/\/promociondeeventos.sld.cu\/farmacologiahabana2023\/?page_id=14"},"modified":"2023-08-17T19:30:33","modified_gmt":"2023-08-17T19:30:33","slug":"tematicas","status":"publish","type":"page","link":"https:\/\/promociondeeventos.sld.cu\/farmacologiahabana2023\/tematicas\/","title":{"rendered":"Tem\u00e1ticas:"},"content":{"rendered":"<ul>\n<li>Resultados de BioCubaFarma<\/li>\n<li>Farmacolog\u00eda Precl\u00ednica y Biomodelos<\/li>\n<li>Farmacolog\u00eda Cl\u00ednica, Competencias en investigaci\u00f3n y Bioinform\u00e1tica<\/li>\n<li>Farmacoepidemiolog\u00eda y Farmacoeconom\u00eda<\/li>\n<li>Ense\u00f1anza de la farmacolog\u00eda<\/li>\n<li>Bio\u00e9tica y regulaci\u00f3n en las investigaciones<\/li>\n<\/ul>\n","protected":false},"excerpt":{"rendered":"<p>Resultados de BioCubaFarma Farmacolog\u00eda Precl\u00ednica y Biomodelos Farmacolog\u00eda Cl\u00ednica, Competencias en investigaci\u00f3n y Bioinform\u00e1tica Farmacoepidemiolog\u00eda y Farmacoeconom\u00eda Ense\u00f1anza de la farmacolog\u00eda Bio\u00e9tica y regulaci\u00f3n en las investigaciones<\/p>\n","protected":false},"author":4,"featured_media":0,"parent":0,"menu_order":0,"comment_status":"closed","ping_status":"closed","template":"","meta":[],"_links":{"self":[{"href":"https:\/\/promociondeeventos.sld.cu\/farmacologiahabana2023\/wp-json\/wp\/v2\/pages\/14"}],"collection":[{"href":"https:\/\/promociondeeventos.sld.cu\/farmacologiahabana2023\/wp-json\/wp\/v2\/pages"}],"about":[{"href":"https:\/\/promociondeeventos.sld.cu\/farmacologiahabana2023\/wp-json\/wp\/v2\/types\/page"}],"author":[{"embeddable":true,"href":"https:\/\/promociondeeventos.sld.cu\/farmacologiahabana2023\/wp-json\/wp\/v2\/users\/4"}],"replies":[{"embeddable":true,"href":"https:\/\/promociondeeventos.sld.cu\/farmacologiahabana2023\/wp-json\/wp\/v2\/comments?post=14"}],"version-history":[{"count":1,"href":"https:\/\/promociondeeventos.sld.cu\/farmacologiahabana2023\/wp-json\/wp\/v2\/pages\/14\/revisions"}],"predecessor-version":[{"id":15,"href":"https:\/\/promociondeeventos.sld.cu\/farmacologiahabana2023\/wp-json\/wp\/v2\/pages\/14\/revisions\/15"}],"wp:attachment":[{"href":"https:\/\/promociondeeventos.sld.cu\/farmacologiahabana2023\/wp-json\/wp\/v2\/media?parent=14"}],"curies":[{"name":"wp","href":"https:\/\/api.w.org\/{rel}","templated":true}]}}