{"id":8,"date":"2024-04-30T14:17:56","date_gmt":"2024-04-30T14:17:56","guid":{"rendered":"https:\/\/promociondeeventos.sld.cu\/fapronatura2024\/?page_id=8"},"modified":"2024-04-30T16:18:24","modified_gmt":"2024-04-30T16:18:24","slug":"temas-principales","status":"publish","type":"page","link":"https:\/\/promociondeeventos.sld.cu\/fapronatura2024\/temas-principales\/","title":{"rendered":"Temas principales"},"content":{"rendered":"<ul>\n<li>Pr\u00e1cticas en Etnomedicina<\/li>\n<li>Principios farmacol\u00f3gicos y evidencias cient\u00edficas en la Medicina Tradicional y Natural<\/li>\n<li>Bioinform\u00e1tica y dise\u00f1o molecular de f\u00e1rmacos a partir de fuentes naturales<\/li>\n<li>Nuevas tecnolog\u00edas en la investigaci\u00f3n-desarrollo de productos naturales<\/li>\n<li>Farmacolog\u00eda precl\u00ednica y cl\u00ednica de productos naturales<\/li>\n<li>Productos bioactivos obtenidos de fuentes marinas<\/li>\n<li>Aspectos reguladores para el registro de nuevos fitof\u00e1rmacos<\/li>\n<li>Farmacovigilancia, farmacoepidemiolog\u00eda y farmacoeconom\u00eda de productos naturales<\/li>\n<li>Productos naturales y Objetivos de desarrollo sostenible<\/li>\n<li>Protocolo de Nagoya: acceso y distribuci\u00f3n de beneficios de los recursos gen\u00e9ticos.<\/li>\n<\/ul>\n","protected":false},"excerpt":{"rendered":"<p>Pr\u00e1cticas en Etnomedicina Principios farmacol\u00f3gicos y evidencias cient\u00edficas en la Medicina Tradicional y Natural Bioinform\u00e1tica y dise\u00f1o molecular de f\u00e1rmacos a partir de fuentes naturales Nuevas tecnolog\u00edas en la investigaci\u00f3n-desarrollo de productos naturales Farmacolog\u00eda precl\u00ednica y cl\u00ednica de productos naturales Productos bioactivos obtenidos de fuentes marinas Aspectos reguladores para el registro de nuevos fitof\u00e1rmacos Farmacovigilancia, [&hellip;]<\/p>\n","protected":false},"author":3262,"featured_media":0,"parent":0,"menu_order":0,"comment_status":"closed","ping_status":"closed","template":"","meta":[],"_links":{"self":[{"href":"https:\/\/promociondeeventos.sld.cu\/fapronatura2024\/wp-json\/wp\/v2\/pages\/8"}],"collection":[{"href":"https:\/\/promociondeeventos.sld.cu\/fapronatura2024\/wp-json\/wp\/v2\/pages"}],"about":[{"href":"https:\/\/promociondeeventos.sld.cu\/fapronatura2024\/wp-json\/wp\/v2\/types\/page"}],"author":[{"embeddable":true,"href":"https:\/\/promociondeeventos.sld.cu\/fapronatura2024\/wp-json\/wp\/v2\/users\/3262"}],"replies":[{"embeddable":true,"href":"https:\/\/promociondeeventos.sld.cu\/fapronatura2024\/wp-json\/wp\/v2\/comments?post=8"}],"version-history":[{"count":3,"href":"https:\/\/promociondeeventos.sld.cu\/fapronatura2024\/wp-json\/wp\/v2\/pages\/8\/revisions"}],"predecessor-version":[{"id":47,"href":"https:\/\/promociondeeventos.sld.cu\/fapronatura2024\/wp-json\/wp\/v2\/pages\/8\/revisions\/47"}],"wp:attachment":[{"href":"https:\/\/promociondeeventos.sld.cu\/fapronatura2024\/wp-json\/wp\/v2\/media?parent=8"}],"curies":[{"name":"wp","href":"https:\/\/api.w.org\/{rel}","templated":true}]}}