{"id":4,"date":"2024-04-30T14:16:55","date_gmt":"2024-04-30T14:16:55","guid":{"rendered":"https:\/\/promociondeeventos.sld.cu\/fapronatura2024\/?page_id=4"},"modified":"2024-05-02T12:21:28","modified_gmt":"2024-05-02T12:21:28","slug":"convocatoria","status":"publish","type":"page","link":"https:\/\/promociondeeventos.sld.cu\/fapronatura2024\/","title":{"rendered":"Convocatoria"},"content":{"rendered":"<p style=\"text-align: justify;\">La Sociedad Cubana de Farmacolog\u00eda organiza el Sexto Congreso Internacional sobre Farmacolog\u00eda de los Productos Naturales y tem\u00e1ticas afines (Fapronatura 2024) programado del 10-14 de Junio del 2024 y concebido como la continuidad a los Congresos \u201cFapronatura\u201d anteriores, a celebrarse en la Playa Santa Lucia, provincia de Camag\u00fcey, esta edici\u00f3n se propone:<\/p>\n<ul style=\"text-align: justify;\">\n<li>Brindar un progresivo estado del arte para cient\u00edficos, acad\u00e9micos, productores, emprendedores, reguladores y especialistas afines en el campo de la investigaci\u00f3n farmacol\u00f3gica con plantas con propiedades medicinales.<\/li>\n<li>Promover el intercambio de experiencias, la presentaci\u00f3n de resultados y la discusi\u00f3n sobre temas relacionados con las actividades programadas, favorecer un marco propicio para la colaboraci\u00f3n t\u00e9cnica y la integraci\u00f3n entre los sectores acad\u00e9mico e industrial.<\/li>\n<li>Incrementar capacidades de especialistas y profesionales en el campo de la evaluaci\u00f3n precl\u00ednica y cl\u00ednica de los productos naturales.<\/li>\n<li>Contribuir a la aceptaci\u00f3n de nuevos productos, m\u00e9todos, tendencias y tecnolog\u00edas en este campo.<\/li>\n<\/ul>\n<p style=\"text-align: justify;\"><img decoding=\"async\" loading=\"lazy\" class=\"wp-image-43 aligncenter\" src=\"http:\/\/promociondeeventos.sld.cu\/fapronatura2024\/files\/2024\/04\/ds-2-300x300.jpg\" alt=\"\" width=\"204\" height=\"204\" srcset=\"https:\/\/promociondeeventos.sld.cu\/fapronatura2024\/files\/2024\/04\/ds-2-300x300.jpg 300w, https:\/\/promociondeeventos.sld.cu\/fapronatura2024\/files\/2024\/04\/ds-2-1024x1024.jpg 1024w, https:\/\/promociondeeventos.sld.cu\/fapronatura2024\/files\/2024\/04\/ds-2-150x150.jpg 150w, https:\/\/promociondeeventos.sld.cu\/fapronatura2024\/files\/2024\/04\/ds-2-768x768.jpg 768w, https:\/\/promociondeeventos.sld.cu\/fapronatura2024\/files\/2024\/04\/ds-2-250x250.jpg 250w, https:\/\/promociondeeventos.sld.cu\/fapronatura2024\/files\/2024\/04\/ds-2.jpg 1231w\" sizes=\"(max-width: 204px) 100vw, 204px\" \/><\/p>\n","protected":false},"excerpt":{"rendered":"<p>La Sociedad Cubana de Farmacolog\u00eda organiza el Sexto Congreso Internacional sobre Farmacolog\u00eda de los Productos Naturales y tem\u00e1ticas afines (Fapronatura 2024) programado del 10-14 de Junio del 2024 y concebido como la continuidad a los Congresos \u201cFapronatura\u201d anteriores, a celebrarse en la Playa Santa Lucia, provincia de Camag\u00fcey, esta edici\u00f3n se propone: Brindar un progresivo [&hellip;]<\/p>\n","protected":false},"author":3262,"featured_media":0,"parent":0,"menu_order":0,"comment_status":"closed","ping_status":"closed","template":"","meta":[],"_links":{"self":[{"href":"https:\/\/promociondeeventos.sld.cu\/fapronatura2024\/wp-json\/wp\/v2\/pages\/4"}],"collection":[{"href":"https:\/\/promociondeeventos.sld.cu\/fapronatura2024\/wp-json\/wp\/v2\/pages"}],"about":[{"href":"https:\/\/promociondeeventos.sld.cu\/fapronatura2024\/wp-json\/wp\/v2\/types\/page"}],"author":[{"embeddable":true,"href":"https:\/\/promociondeeventos.sld.cu\/fapronatura2024\/wp-json\/wp\/v2\/users\/3262"}],"replies":[{"embeddable":true,"href":"https:\/\/promociondeeventos.sld.cu\/fapronatura2024\/wp-json\/wp\/v2\/comments?post=4"}],"version-history":[{"count":10,"href":"https:\/\/promociondeeventos.sld.cu\/fapronatura2024\/wp-json\/wp\/v2\/pages\/4\/revisions"}],"predecessor-version":[{"id":65,"href":"https:\/\/promociondeeventos.sld.cu\/fapronatura2024\/wp-json\/wp\/v2\/pages\/4\/revisions\/65"}],"wp:attachment":[{"href":"https:\/\/promociondeeventos.sld.cu\/fapronatura2024\/wp-json\/wp\/v2\/media?parent=4"}],"curies":[{"name":"wp","href":"https:\/\/api.w.org\/{rel}","templated":true}]}}