{"id":12,"date":"2024-04-30T14:21:45","date_gmt":"2024-04-30T14:21:45","guid":{"rendered":"https:\/\/promociondeeventos.sld.cu\/fapronatura2024\/?page_id=12"},"modified":"2024-04-30T14:21:52","modified_gmt":"2024-04-30T14:21:52","slug":"conferencistas-extranjeros-confirmados","status":"publish","type":"page","link":"https:\/\/promociondeeventos.sld.cu\/fapronatura2024\/conferencistas-extranjeros-confirmados\/","title":{"rendered":"Conferencistas extranjeros confirmados"},"content":{"rendered":"<ul>\n<li>Wim Vanden Berghe, Universidad de Amberes, B\u00e9lgica.<\/li>\n<li>Johan Robben, Instituto Flamenco Agricultura, Pesca y Alimentaci\u00f3n (ILVO), B\u00e9lgica.<\/li>\n<li>Javier Espinosa Aguirre, Instituto de Investigaciones Biom\u00e9dicas, UNAM, M\u00e9xico.<\/li>\n<\/ul>\n","protected":false},"excerpt":{"rendered":"<p>Wim Vanden Berghe, Universidad de Amberes, B\u00e9lgica. Johan Robben, Instituto Flamenco Agricultura, Pesca y Alimentaci\u00f3n (ILVO), B\u00e9lgica. Javier Espinosa Aguirre, Instituto de Investigaciones Biom\u00e9dicas, UNAM, M\u00e9xico.<\/p>\n","protected":false},"author":3262,"featured_media":0,"parent":0,"menu_order":0,"comment_status":"closed","ping_status":"closed","template":"","meta":[],"_links":{"self":[{"href":"https:\/\/promociondeeventos.sld.cu\/fapronatura2024\/wp-json\/wp\/v2\/pages\/12"}],"collection":[{"href":"https:\/\/promociondeeventos.sld.cu\/fapronatura2024\/wp-json\/wp\/v2\/pages"}],"about":[{"href":"https:\/\/promociondeeventos.sld.cu\/fapronatura2024\/wp-json\/wp\/v2\/types\/page"}],"author":[{"embeddable":true,"href":"https:\/\/promociondeeventos.sld.cu\/fapronatura2024\/wp-json\/wp\/v2\/users\/3262"}],"replies":[{"embeddable":true,"href":"https:\/\/promociondeeventos.sld.cu\/fapronatura2024\/wp-json\/wp\/v2\/comments?post=12"}],"version-history":[{"count":2,"href":"https:\/\/promociondeeventos.sld.cu\/fapronatura2024\/wp-json\/wp\/v2\/pages\/12\/revisions"}],"predecessor-version":[{"id":14,"href":"https:\/\/promociondeeventos.sld.cu\/fapronatura2024\/wp-json\/wp\/v2\/pages\/12\/revisions\/14"}],"wp:attachment":[{"href":"https:\/\/promociondeeventos.sld.cu\/fapronatura2024\/wp-json\/wp\/v2\/media?parent=12"}],"curies":[{"name":"wp","href":"https:\/\/api.w.org\/{rel}","templated":true}]}}