{"id":66,"date":"2026-03-11T13:25:12","date_gmt":"2026-03-11T13:25:12","guid":{"rendered":"https:\/\/promociondeeventos.sld.cu\/exoticas2025\/?page_id=66"},"modified":"2026-03-11T14:20:55","modified_gmt":"2026-03-11T14:20:55","slug":"registro","status":"publish","type":"page","link":"https:\/\/promociondeeventos.sld.cu\/exoticas2025\/registro\/","title":{"rendered":"Registro"},"content":{"rendered":"<p>Si usted tiene inter\u00e9s en participar, descarque el formulario de inscripci\u00f3n y env\u00edelo al correo electr\u00f3nico<\/p>\n<p><a href=\"http:\/\/promociondeeventos.sld.cu\/pediatriaipk2025\/files\/2025\/04\/PG-01-Planilla-de-Solicitud-de-Matricula.doc\" target=\"_blank\" rel=\"noopener\">Descargar Planilla de Solicitud de Matricula<\/a><\/p>\n<p>Detalles del pago, escriba a: <a href=\"mailto:josergarcia@ipk.sld.cu\" target=\"_blank\" rel=\"noopener\">josergarcia@ipk.sld.cu<\/a><\/p>\n<p>&nbsp;<\/p>\n<p>&nbsp;<\/p>\n","protected":false},"excerpt":{"rendered":"<p>Si usted tiene inter\u00e9s en participar, descarque el formulario de inscripci\u00f3n y env\u00edelo al correo electr\u00f3nico Descargar Planilla de Solicitud de Matricula Detalles del pago, escriba a: josergarcia@ipk.sld.cu &nbsp; &nbsp;<\/p>\n","protected":false},"author":3257,"featured_media":0,"parent":0,"menu_order":0,"comment_status":"closed","ping_status":"closed","template":"","meta":[],"_links":{"self":[{"href":"https:\/\/promociondeeventos.sld.cu\/exoticas2025\/wp-json\/wp\/v2\/pages\/66"}],"collection":[{"href":"https:\/\/promociondeeventos.sld.cu\/exoticas2025\/wp-json\/wp\/v2\/pages"}],"about":[{"href":"https:\/\/promociondeeventos.sld.cu\/exoticas2025\/wp-json\/wp\/v2\/types\/page"}],"author":[{"embeddable":true,"href":"https:\/\/promociondeeventos.sld.cu\/exoticas2025\/wp-json\/wp\/v2\/users\/3257"}],"replies":[{"embeddable":true,"href":"https:\/\/promociondeeventos.sld.cu\/exoticas2025\/wp-json\/wp\/v2\/comments?post=66"}],"version-history":[{"count":4,"href":"https:\/\/promociondeeventos.sld.cu\/exoticas2025\/wp-json\/wp\/v2\/pages\/66\/revisions"}],"predecessor-version":[{"id":72,"href":"https:\/\/promociondeeventos.sld.cu\/exoticas2025\/wp-json\/wp\/v2\/pages\/66\/revisions\/72"}],"wp:attachment":[{"href":"https:\/\/promociondeeventos.sld.cu\/exoticas2025\/wp-json\/wp\/v2\/media?parent=66"}],"curies":[{"name":"wp","href":"https:\/\/api.w.org\/{rel}","templated":true}]}}