{"id":53,"date":"2026-02-19T15:09:45","date_gmt":"2026-02-19T15:09:45","guid":{"rendered":"https:\/\/promociondeeventos.sld.cu\/exoticas2025\/?page_id=53"},"modified":"2026-03-11T13:20:01","modified_gmt":"2026-03-11T13:20:01","slug":"programa","status":"publish","type":"page","link":"https:\/\/promociondeeventos.sld.cu\/exoticas2025\/programa\/","title":{"rendered":"Programa"},"content":{"rendered":"<p><strong>1<sup>er<\/sup> Taller de Epidemiolog\u00eda<\/strong><\/p>\n<p><strong>\u201cENFERMEDADES EX\u00d3TICAS PARA CUBA EN EL MARCO DE UNA SALUD\u201d<\/strong><\/p>\n<p><strong>Modalidad: Semipresencial <\/strong><\/p>\n<p><strong>\u00a0<\/strong><\/p>\n<p><strong>Coordinador General: <\/strong>Dr. Jos\u00e9 Ram\u00f3n Garc\u00eda Cortina<\/p>\n<p><strong>PROGRAMA<\/strong><\/p>\n<table width=\"84%\">\n<tbody>\n<tr>\n<td colspan=\"3\" rowspan=\"2\" width=\"17%\"><strong>Horario<\/strong><\/td>\n<td width=\"34%\"><strong>T\u00edtulo<\/strong><\/td>\n<td rowspan=\"2\" width=\"29%\"><strong>Autor<\/strong><\/td>\n<td colspan=\"2\" width=\"18%\"><strong>Categor\u00eda<\/strong><\/td>\n<\/tr>\n<tr>\n<td width=\"34%\"><strong>Conferencia magistral<\/strong><\/td>\n<td width=\"9%\"><strong>Cient\u00edfica<\/strong><\/td>\n<td width=\"8%\"><strong>Docente<\/strong><\/td>\n<\/tr>\n<tr>\n<td width=\"6%\">9:00<\/td>\n<td width=\"2%\">&#8211;<\/td>\n<td width=\"8%\">\u00a09:30 am<\/td>\n<td width=\"34%\">Plan cubano para Una Salud<\/td>\n<td width=\"29%\">Odalis Bravo<\/td>\n<td width=\"9%\"><\/td>\n<td width=\"8%\"><\/td>\n<\/tr>\n<tr>\n<td colspan=\"7\" width=\"100%\"><strong>Enfermedades transmitidas por virus<\/strong><\/td>\n<\/tr>\n<tr>\n<td width=\"6%\">9:30<\/td>\n<td width=\"2%\">&#8211;<\/td>\n<td width=\"8%\">9:50 am<\/td>\n<td width=\"34%\">Arbovirosis emergentes con especial referencia a dengue y Oropuche.<\/td>\n<td width=\"29%\">Mar\u00eda Guadalupe Guzm\u00e1n Tirado<\/td>\n<td width=\"9%\">DrCs.<\/td>\n<td width=\"8%\">Titular<\/td>\n<\/tr>\n<tr>\n<td width=\"6%\">9:50<\/td>\n<td width=\"2%\">&#8211;<\/td>\n<td width=\"8%\">10:10 am<\/td>\n<td width=\"34%\">Alfavirus emergentes en Las Am\u00e9ricas: Chikungunya y Mayaro<\/td>\n<td width=\"29%\">Mailyn Alvarez Vera<\/td>\n<td width=\"9%\">DrCs.<\/td>\n<td width=\"8%\">Titular<\/td>\n<\/tr>\n<tr>\n<td width=\"6%\">10:10<\/td>\n<td width=\"2%\">&#8211;<\/td>\n<td width=\"8%\">10:30 am<\/td>\n<td width=\"34%\">Chikungunya<\/td>\n<td width=\"29%\">Lorena V\u00e1zquez Bello<\/td>\n<td width=\"9%\">MSc.<\/td>\n<td width=\"8%\"><\/td>\n<\/tr>\n<tr>\n<td width=\"6%\">10:30<\/td>\n<td width=\"2%\"><\/td>\n<td width=\"8%\">11:00 am<\/td>\n<td colspan=\"4\" width=\"82%\"><strong>Merienda<\/strong><\/td>\n<\/tr>\n<tr>\n<td width=\"6%\">11:00<\/td>\n<td width=\"2%\">&#8211;<\/td>\n<td width=\"8%\">11:20 am<\/td>\n<td width=\"34%\">Zika<\/td>\n<td width=\"29%\">Silvia Serrano Alvarez<\/td>\n<td width=\"9%\">MSc.<\/td>\n<td width=\"8%\">Auxiliar<\/td>\n<\/tr>\n<tr>\n<td width=\"6%\">11:20<\/td>\n<td width=\"2%\">&#8211;<\/td>\n<td width=\"8%\">11:40 pm<\/td>\n<td width=\"34%\">Actualizaci\u00f3n en Fiebre Amarilla<\/td>\n<td width=\"29%\">Jos\u00e9 Lu\u00eds Pelegrino Mtnez de la C<\/td>\n<td width=\"9%\">DrCs.<\/td>\n<td width=\"8%\">Titular<\/td>\n<\/tr>\n<tr>\n<td width=\"6%\">11:40<\/td>\n<td width=\"2%\">&#8211;<\/td>\n<td width=\"8%\">12:00 pm<\/td>\n<td width=\"34%\">Sarampi\u00f3n, Rubeola, Parotiditis<\/td>\n<td width=\"29%\">Belquis Galindo<\/td>\n<td width=\"9%\">DrCs.<\/td>\n<td width=\"8%\">Titular<\/td>\n<\/tr>\n<tr>\n<td width=\"6%\">12:00<\/td>\n<td width=\"2%\">&#8211;<\/td>\n<td width=\"8%\">12:20 pm<\/td>\n<td width=\"34%\">Sarampi\u00f3n, Rubeola, Parotiditis<\/td>\n<td width=\"29%\">*Dra. Odalbis Arguelles<\/td>\n<td width=\"9%\"><\/td>\n<td width=\"8%\"><\/td>\n<\/tr>\n<tr>\n<td width=\"6%\">12:20<\/td>\n<td width=\"2%\">&#8211;<\/td>\n<td width=\"8%\">12:40 pm<\/td>\n<td width=\"34%\">Poliomiel\u00edtis<\/td>\n<td width=\"29%\">Sonia Resik Aguirre<\/td>\n<td width=\"9%\">DrCs.<\/td>\n<td width=\"8%\">Titular<\/td>\n<\/tr>\n<tr>\n<td width=\"6%\">12:40<\/td>\n<td width=\"2%\">&#8211;<\/td>\n<td width=\"8%\">1:30 pm<\/td>\n<td colspan=\"4\" width=\"82%\"><strong>Almuerzo<\/strong><\/td>\n<\/tr>\n<tr>\n<td width=\"6%\">1:30<\/td>\n<td width=\"2%\">&#8211;<\/td>\n<td width=\"8%\">1:50 pm<\/td>\n<td width=\"34%\">Emergencia de Mpox, experiencia de Cuba<\/td>\n<td width=\"29%\">Vivian Kouri Cardell\u00e1,<\/td>\n<td width=\"9%\">DrCs<\/td>\n<td width=\"8%\">Titular<\/td>\n<\/tr>\n<tr>\n<td width=\"6%\">1:50<\/td>\n<td width=\"2%\">&#8211;<\/td>\n<td width=\"8%\">2:10 pm<\/td>\n<td width=\"34%\">Influenza Aviar<\/td>\n<td width=\"29%\">Suset Oropesa<\/td>\n<td width=\"9%\"><\/td>\n<td width=\"8%\"><\/td>\n<\/tr>\n<tr>\n<td width=\"6%\">2:10<\/td>\n<td width=\"2%\">&#8211;<\/td>\n<td width=\"8%\">2:30 pm<\/td>\n<td width=\"34%\">Entero 71<\/td>\n<td width=\"29%\">Yolanda Polanco<\/td>\n<td width=\"9%\"><\/td>\n<td width=\"8%\"><\/td>\n<\/tr>\n<tr>\n<td width=\"6%\">2:30<\/td>\n<td width=\"2%\">&#8211;<\/td>\n<td width=\"8%\">2:50 pm<\/td>\n<td width=\"34%\">Hepatitis E en Cuba<\/td>\n<td width=\"29%\">Licel Rodr\u00edguez<\/td>\n<td width=\"9%\">DrCs<\/td>\n<td width=\"8%\">Titular<\/td>\n<\/tr>\n<tr>\n<td colspan=\"7\" width=\"100%\">Preguntas y Respuestas<\/td>\n<\/tr>\n<\/tbody>\n<\/table>\n<p><strong>\u00a0<\/strong><\/p>\n<table width=\"87%\">\n<tbody>\n<tr>\n<td colspan=\"3\" rowspan=\"2\" width=\"17%\"><strong>Horario<\/strong><\/td>\n<td width=\"35%\"><strong>T\u00edtulo<\/strong><\/td>\n<td rowspan=\"2\" width=\"27%\"><strong>Autor<\/strong><\/td>\n<td colspan=\"2\" width=\"18%\"><strong>Categor\u00eda<\/strong><\/td>\n<\/tr>\n<tr>\n<td width=\"35%\"><strong>Conferencia magistral<\/strong><\/td>\n<td width=\"9%\"><strong>Cient\u00edfica<\/strong><\/td>\n<td width=\"8%\"><strong>Docente<\/strong><\/td>\n<\/tr>\n<tr>\n<td width=\"5%\">9:00<\/td>\n<td width=\"2%\">&#8211;<\/td>\n<td width=\"9%\">\u00a09:30 am<\/td>\n<td width=\"35%\">Enfermedad X<\/td>\n<td width=\"27%\">Sonia Resik<\/td>\n<td width=\"9%\">DrCs.<\/td>\n<td width=\"8%\">Titular<\/td>\n<\/tr>\n<tr>\n<td colspan=\"5\" width=\"81%\"><strong>Enfermedades transmitidas por bacterias y hongos<\/strong><\/td>\n<td colspan=\"2\" width=\"18%\"><strong>\u00a0<\/strong><\/td>\n<\/tr>\n<tr>\n<td width=\"5%\">9:30<\/td>\n<td width=\"2%\">&#8211;<\/td>\n<td width=\"9%\">9:50 am<\/td>\n<td width=\"35%\">Epidemiolog\u00eda del C\u00f3lera<\/td>\n<td width=\"27%\">Misladys Rodguez Ortega \/<\/td>\n<td width=\"9%\">MSc.<\/td>\n<td width=\"8%\">Auxiliar<\/td>\n<\/tr>\n<tr>\n<td width=\"5%\">9:50<\/td>\n<td width=\"2%\">&#8211;<\/td>\n<td width=\"9%\">10:10 am<\/td>\n<td width=\"35%\">Confirmaci\u00f3n de<em> Vibrio cholerae<\/em> O1 pand\u00e9mico por epidemiolog\u00eda gen\u00f3mica, el nuevo paradigma internacional.<\/td>\n<td width=\"27%\">Adalberto Aguila S\u00e1nchez<\/td>\n<td width=\"9%\"><\/td>\n<td width=\"8%\"><\/td>\n<\/tr>\n<tr>\n<td width=\"5%\">10:10<\/td>\n<td width=\"2%\">&#8211;<\/td>\n<td width=\"9%\">10:30 am<\/td>\n<td width=\"35%\">Actualizaci\u00f3n en aspectos cl\u00ednicos del C\u00f3lera<\/td>\n<td width=\"27%\">Daniel Gonz\u00e1les<\/td>\n<td width=\"9%\">DrCs.<\/td>\n<td width=\"8%\">Titular<\/td>\n<\/tr>\n<tr>\n<td width=\"5%\">10:30<\/td>\n<td width=\"2%\"><\/td>\n<td width=\"9%\">11:00 am<\/td>\n<td colspan=\"2\" width=\"63%\"><strong>Merienda<\/strong><\/td>\n<td colspan=\"2\" width=\"18%\"><strong>\u00a0<\/strong><\/td>\n<\/tr>\n<tr>\n<td width=\"5%\">11:00<\/td>\n<td width=\"2%\">&#8211;<\/td>\n<td width=\"9%\">11:20 am<\/td>\n<td width=\"35%\">Lesiones aprendidas del enfrentamiento al c\u00f3lera<\/td>\n<td width=\"27%\">Anabel Fernandez Abreu<\/td>\n<td width=\"9%\"><\/td>\n<td width=\"8%\"><\/td>\n<\/tr>\n<tr>\n<td width=\"5%\">11:20<\/td>\n<td width=\"2%\">&#8211;<\/td>\n<td width=\"9%\">11:40 pm<\/td>\n<td width=\"35%\">Fortalecimiento del diagn\u00f3stico y la caracterizaci\u00f3n gen\u00f3mica de <em>Escherichia coli<\/em> productora de toxina shiga en Cuba.<\/td>\n<td width=\"27%\">Dr. Adalberto Aguila S\u00e1nchez<\/td>\n<td width=\"9%\"><\/td>\n<td width=\"8%\"><\/td>\n<\/tr>\n<tr>\n<td width=\"5%\">11:40<\/td>\n<td width=\"2%\">&#8211;<\/td>\n<td width=\"9%\">12:00 pm<\/td>\n<td width=\"35%\">Enfermedad de Lyme<\/td>\n<td width=\"27%\">Islay Rodr\u00edguez Gonzalez<\/td>\n<td width=\"9%\">DrCs.<\/td>\n<td width=\"8%\">Titular<\/td>\n<\/tr>\n<tr>\n<td width=\"5%\">12:00<\/td>\n<td width=\"2%\">&#8211;<\/td>\n<td width=\"9%\">12:20 pm<\/td>\n<td width=\"35%\">Enfermedad de Lyme<\/td>\n<td width=\"27%\">Ren\u00e9 Diaz Fern\u00e1ndez<\/td>\n<td width=\"9%\"><\/td>\n<td width=\"8%\"><\/td>\n<\/tr>\n<tr>\n<td width=\"5%\">12:20<\/td>\n<td width=\"2%\">&#8211;<\/td>\n<td width=\"9%\">12:40 pm<\/td>\n<td width=\"35%\">T\u00e9tanos<\/td>\n<td width=\"27%\"><\/td>\n<td width=\"9%\"><\/td>\n<td width=\"8%\"><\/td>\n<\/tr>\n<tr>\n<td width=\"5%\">12:40<\/td>\n<td width=\"2%\">&#8211;<\/td>\n<td width=\"9%\">1:30 pm<\/td>\n<td colspan=\"4\" width=\"82%\"><strong>Almuerzo<\/strong><\/td>\n<\/tr>\n<tr>\n<td width=\"5%\">1:30<\/td>\n<td width=\"2%\">&#8211;<\/td>\n<td width=\"9%\">1:50 pm<\/td>\n<td width=\"35%\">C\u00e1ndida auris: una levadura pat\u00f3gena de emergencia<\/td>\n<td width=\"27%\">Lic. Mayda Rosa Perurena Lancha<\/td>\n<td width=\"9%\"><\/td>\n<td width=\"8%\"><\/td>\n<\/tr>\n<tr>\n<td width=\"5%\">1:50<\/td>\n<td width=\"2%\">&#8211;<\/td>\n<td width=\"9%\">2:10 pm<\/td>\n<td width=\"35%\">Pertussis<\/td>\n<td width=\"27%\">Gilda Tora\u00f1o Peraza<\/td>\n<td width=\"9%\"><strong>\u00a0<\/strong><\/td>\n<td width=\"8%\"><strong>\u00a0<\/strong><\/td>\n<\/tr>\n<tr>\n<td width=\"5%\">2:10<\/td>\n<td width=\"2%\">&#8211;<\/td>\n<td width=\"9%\">2:40 pm<\/td>\n<td width=\"35%\">Enfermedades emergentes y desastres<\/td>\n<td width=\"27%\">Cintra<\/td>\n<td width=\"9%\"><\/td>\n<td width=\"8%\"><\/td>\n<\/tr>\n<tr>\n<td colspan=\"7\" width=\"100%\">Preguntas y Respuestas<\/td>\n<\/tr>\n<\/tbody>\n<\/table>\n<p><strong>\u00a0<\/strong><\/p>\n<table width=\"86%\">\n<tbody>\n<tr>\n<td colspan=\"3\" rowspan=\"2\" width=\"18%\"><strong>Horario<\/strong><\/td>\n<td colspan=\"2\" width=\"35%\"><strong>T\u00edtulo<\/strong><\/td>\n<td width=\"26%\"><strong>Autor<\/strong><\/td>\n<td colspan=\"2\" width=\"20%\"><strong>Categor\u00eda<\/strong><\/td>\n<\/tr>\n<tr>\n<td colspan=\"2\" width=\"35%\"><strong>Conferencia magistral<\/strong><\/td>\n<td width=\"26%\"><strong>\u00a0<\/strong><\/td>\n<td width=\"9%\"><strong>Cient\u00edfica<\/strong><\/td>\n<td width=\"11%\"><strong>Docente<\/strong><\/td>\n<\/tr>\n<tr>\n<td width=\"6%\">9:00<\/td>\n<td width=\"2%\">&#8211;<\/td>\n<td width=\"9%\">\u00a09:30 am<\/td>\n<td colspan=\"2\" width=\"35%\">Sistema de vigilancia Integrada para el manejo de Enf. Ex\u00f3ticas<\/td>\n<td width=\"26%\">Somarriba<\/td>\n<td width=\"9%\"><\/td>\n<td width=\"11%\"><\/td>\n<\/tr>\n<tr>\n<td colspan=\"8\" width=\"100%\"><strong>Enfermedades transmitidas por par\u00e1sitos<\/strong><\/td>\n<\/tr>\n<tr>\n<td width=\"6%\">9:30<\/td>\n<td width=\"2%\">&#8211;<\/td>\n<td width=\"9%\">9:50 am<\/td>\n<td colspan=\"2\" width=\"35%\">Tripanosoma<\/td>\n<td width=\"26%\">Jorge Fraga Nodarse<\/td>\n<td width=\"9%\">DrCs.<\/td>\n<td width=\"11%\">Titular<\/td>\n<\/tr>\n<tr>\n<td width=\"6%\">9:50<\/td>\n<td width=\"2%\">&#8211;<\/td>\n<td width=\"9%\">10:10 am<\/td>\n<td colspan=\"2\" width=\"35%\">Enfermedad de Chagas<\/td>\n<td width=\"26%\">*Jorge Fraga Nodarse<\/td>\n<td width=\"9%\"><strong>\u00a0<\/strong><\/td>\n<td width=\"11%\"><strong>\u00a0<\/strong><\/td>\n<\/tr>\n<tr>\n<td width=\"6%\">10:10<\/td>\n<td width=\"2%\">&#8211;<\/td>\n<td width=\"9%\">10:30 am<\/td>\n<td colspan=\"2\" width=\"35%\">Leishmaniosis en Cuba: papel del movimiento humano<\/td>\n<td width=\"26%\">Lianet Monzote Fidalgo<\/td>\n<td width=\"9%\">DrCs.<\/td>\n<td width=\"11%\">Titular<\/td>\n<\/tr>\n<tr>\n<td width=\"6%\">10:30<\/td>\n<td width=\"2%\"><\/td>\n<td width=\"9%\">11:00 am<\/td>\n<td colspan=\"5\" width=\"81%\">\u00a0\u00a0\u00a0\u00a0\u00a0\u00a0\u00a0\u00a0\u00a0\u00a0\u00a0\u00a0\u00a0\u00a0\u00a0\u00a0\u00a0\u00a0\u00a0\u00a0\u00a0\u00a0\u00a0\u00a0\u00a0\u00a0\u00a0\u00a0\u00a0\u00a0\u00a0\u00a0\u00a0\u00a0\u00a0\u00a0\u00a0\u00a0\u00a0\u00a0\u00a0\u00a0\u00a0\u00a0\u00a0\u00a0\u00a0\u00a0\u00a0\u00a0\u00a0\u00a0\u00a0\u00a0\u00a0\u00a0\u00a0\u00a0\u00a0\u00a0\u00a0\u00a0\u00a0\u00a0\u00a0\u00a0\u00a0\u00a0\u00a0\u00a0\u00a0 <strong>Merienda<\/strong><\/td>\n<\/tr>\n<tr>\n<td width=\"6%\">11:00<\/td>\n<td width=\"2%\">&#8211;<\/td>\n<td width=\"9%\">11:20 am<\/td>\n<td rowspan=\"2\" width=\"8%\">Malaria<\/td>\n<td width=\"26%\">Diagn\u00f3stico<\/td>\n<td width=\"26%\">Dra. Lazara Rojas Rivero<\/td>\n<td width=\"9%\">DrCs.<\/td>\n<td width=\"11%\">Titular<\/td>\n<\/tr>\n<tr>\n<td width=\"6%\">11:20<\/td>\n<td width=\"2%\">&#8211;<\/td>\n<td width=\"9%\">11:40 pm<\/td>\n<td width=\"26%\">Aspectos generales y actualizaci\u00f3n cl\u00ednica de la malaria<\/td>\n<td width=\"26%\">Reinaldo Lu\u00eds Men\u00e9ndez Capote<\/td>\n<td width=\"9%\">Dr.Cs<\/td>\n<td width=\"11%\">Profesor consultante<\/td>\n<\/tr>\n<tr>\n<td width=\"6%\">11:40<\/td>\n<td width=\"2%\">&#8211;<\/td>\n<td width=\"9%\">12:00 pm<\/td>\n<td colspan=\"2\" width=\"35%\">Situaci\u00f3n actual de la filariosis a nivel mundial: riesgo para Cuba de la reintroducci\u00f3n de esta enfermedad<\/td>\n<td width=\"26%\">Luis Enrique Jerez Puebla<\/td>\n<td width=\"9%\">DrCs.<\/td>\n<td width=\"11%\">Titular<\/td>\n<\/tr>\n<tr>\n<td width=\"6%\">12:00<\/td>\n<td width=\"2%\">&#8211;<\/td>\n<td width=\"9%\">12:30 pm<\/td>\n<td colspan=\"2\" width=\"35%\">Actualizaci\u00f3n del PNCSI<\/td>\n<td width=\"26%\">Carmelo Trujillo<\/td>\n<td width=\"9%\">J\u00b4PNCSI<\/td>\n<td width=\"11%\"><\/td>\n<\/tr>\n<tr>\n<td colspan=\"8\" width=\"100%\">Preguntas y Respuestas<\/td>\n<\/tr>\n<\/tbody>\n<\/table>\n","protected":false},"excerpt":{"rendered":"<p>1er Taller de Epidemiolog\u00eda \u201cENFERMEDADES EX\u00d3TICAS PARA CUBA EN EL MARCO DE UNA SALUD\u201d Modalidad: Semipresencial \u00a0 Coordinador General: Dr. Jos\u00e9 Ram\u00f3n Garc\u00eda Cortina PROGRAMA Horario T\u00edtulo Autor Categor\u00eda Conferencia magistral Cient\u00edfica Docente 9:00 &#8211; \u00a09:30 am Plan cubano para Una Salud Odalis Bravo Enfermedades transmitidas por virus 9:30 &#8211; 9:50 am Arbovirosis emergentes con [&hellip;]<\/p>\n","protected":false},"author":3257,"featured_media":0,"parent":0,"menu_order":0,"comment_status":"closed","ping_status":"closed","template":"","meta":[],"_links":{"self":[{"href":"https:\/\/promociondeeventos.sld.cu\/exoticas2025\/wp-json\/wp\/v2\/pages\/53"}],"collection":[{"href":"https:\/\/promociondeeventos.sld.cu\/exoticas2025\/wp-json\/wp\/v2\/pages"}],"about":[{"href":"https:\/\/promociondeeventos.sld.cu\/exoticas2025\/wp-json\/wp\/v2\/types\/page"}],"author":[{"embeddable":true,"href":"https:\/\/promociondeeventos.sld.cu\/exoticas2025\/wp-json\/wp\/v2\/users\/3257"}],"replies":[{"embeddable":true,"href":"https:\/\/promociondeeventos.sld.cu\/exoticas2025\/wp-json\/wp\/v2\/comments?post=53"}],"version-history":[{"count":2,"href":"https:\/\/promociondeeventos.sld.cu\/exoticas2025\/wp-json\/wp\/v2\/pages\/53\/revisions"}],"predecessor-version":[{"id":65,"href":"https:\/\/promociondeeventos.sld.cu\/exoticas2025\/wp-json\/wp\/v2\/pages\/53\/revisions\/65"}],"wp:attachment":[{"href":"https:\/\/promociondeeventos.sld.cu\/exoticas2025\/wp-json\/wp\/v2\/media?parent=53"}],"curies":[{"name":"wp","href":"https:\/\/api.w.org\/{rel}","templated":true}]}}