{"id":46,"date":"2026-02-19T15:03:07","date_gmt":"2026-02-19T15:03:07","guid":{"rendered":"https:\/\/promociondeeventos.sld.cu\/exoticas2025\/?page_id=46"},"modified":"2026-02-19T15:03:07","modified_gmt":"2026-02-19T15:03:07","slug":"objetivos","status":"publish","type":"page","link":"https:\/\/promociondeeventos.sld.cu\/exoticas2025\/objetivos\/","title":{"rendered":"Objetivos"},"content":{"rendered":"<ul>\n<li>Actualizar a los participantes sobre el funcionamiento de los programas nacionales que intervienen en la vigilancia y prevenci\u00f3n de las enfermedades ex\u00f3ticas para Cuba.<\/li>\n<li>Brindar una panor\u00e1mica nacional e internacional de la situaci\u00f3n de las enfermedades ex\u00f3ticas para Cuba.<\/li>\n<li>Proponer acciones para la vigilancia integrada de las enfermedades ex\u00f3ticas para Cuba en aras de interrumpir la transmisi\u00f3n y evitar el recrudecimiento en las zonas donde estas enfermedades se han eliminado en el marco de Una Salud<\/li>\n<\/ul>\n","protected":false},"excerpt":{"rendered":"<p>Actualizar a los participantes sobre el funcionamiento de los programas nacionales que intervienen en la vigilancia y prevenci\u00f3n de las enfermedades ex\u00f3ticas para Cuba. Brindar una panor\u00e1mica nacional e internacional de la situaci\u00f3n de las enfermedades ex\u00f3ticas para Cuba. Proponer acciones para la vigilancia integrada de las enfermedades ex\u00f3ticas para Cuba en aras de interrumpir [&hellip;]<\/p>\n","protected":false},"author":3257,"featured_media":0,"parent":0,"menu_order":0,"comment_status":"closed","ping_status":"closed","template":"","meta":[],"_links":{"self":[{"href":"https:\/\/promociondeeventos.sld.cu\/exoticas2025\/wp-json\/wp\/v2\/pages\/46"}],"collection":[{"href":"https:\/\/promociondeeventos.sld.cu\/exoticas2025\/wp-json\/wp\/v2\/pages"}],"about":[{"href":"https:\/\/promociondeeventos.sld.cu\/exoticas2025\/wp-json\/wp\/v2\/types\/page"}],"author":[{"embeddable":true,"href":"https:\/\/promociondeeventos.sld.cu\/exoticas2025\/wp-json\/wp\/v2\/users\/3257"}],"replies":[{"embeddable":true,"href":"https:\/\/promociondeeventos.sld.cu\/exoticas2025\/wp-json\/wp\/v2\/comments?post=46"}],"version-history":[{"count":1,"href":"https:\/\/promociondeeventos.sld.cu\/exoticas2025\/wp-json\/wp\/v2\/pages\/46\/revisions"}],"predecessor-version":[{"id":47,"href":"https:\/\/promociondeeventos.sld.cu\/exoticas2025\/wp-json\/wp\/v2\/pages\/46\/revisions\/47"}],"wp:attachment":[{"href":"https:\/\/promociondeeventos.sld.cu\/exoticas2025\/wp-json\/wp\/v2\/media?parent=46"}],"curies":[{"name":"wp","href":"https:\/\/api.w.org\/{rel}","templated":true}]}}