{"id":12,"date":"2025-06-03T00:09:18","date_gmt":"2025-06-03T00:09:18","guid":{"rendered":"https:\/\/promociondeeventos.sld.cu\/exoticas2025\/?page_id=12"},"modified":"2025-06-03T16:35:40","modified_gmt":"2025-06-03T16:35:40","slug":"comite-cientifico","status":"publish","type":"page","link":"https:\/\/promociondeeventos.sld.cu\/exoticas2025\/comite-cientifico\/","title":{"rendered":"Comit\u00e9 Cient\u00edfico"},"content":{"rendered":"<ol>\n<li>DrCs. Mar\u00eda Guadalupe Guzm\u00e1n \/ Instituto de Medicina Tropical Pedro Kouri\/ <a href=\"mailto:lupe@ipk.sld.cu\" target=\"_blank\" rel=\"noopener\">lupe@ipk.sld.cu<\/a><\/li>\n<li>DrCs. Sonia Resik Aguirre \/ Instituto de Medicina Tropical Pedro Kour\u00ed\/<a href=\"mailto:sresik@ipk.sld.cu\" target=\"_blank\" rel=\"noopener\">sresik@ipk.sld.cu<\/a><\/li>\n<li>DrCs. Mar\u00eda Tereza Ilinait\/ Instituto de Medicina Tropical Pedro Kour\u00ed\/<a href=\"mailto:Mtilnait@ipk.sld.cu\" target=\"_blank\" rel=\"noopener\">mtilnait@ipk.sld.cu<\/a><\/li>\n<li>DrCs. L\u00e1zara Rojas Rivero\/ Instituto de Medicina Tropical Pedro Kour\u00ed\/ <a href=\"mailto:LRojas@ipk.sld.cu\" target=\"_blank\" rel=\"noopener\">lrojas@ipk.sld.cu<\/a><\/li>\n<li>DrCs. Marta Castro Peraza \/ Instituto de Medicina Tropical Pedro Kour\u00ed\/ <a href=\"mailto:martac@ipk.sld.cu\" target=\"_blank\" rel=\"noopener\">martac@ipk.sld.cu<\/a><\/li>\n<li>Dr. Jos\u00e9 R. Garc\u00eda Cortina\/Instituto de Medicina Tropical Pedro Kour\u00ed\/ <a href=\"mailto:josergarcia@ipk.sld.cu\" target=\"_blank\" rel=\"noopener\">josergarcia@ipk.sld.cu<\/a><\/li>\n<li>T\u00e9c. Jorge Ra\u00fal Campos D\u00edaz \/ Instituto de Medicina Tropical Pedro Kour\u00ed\/<a href=\"mailto:jcampos@ipk.sld.cu\" target=\"_blank\" rel=\"noopener\">jcampos@ipk.sld.cu<\/a><\/li>\n<\/ol>\n","protected":false},"excerpt":{"rendered":"<p>DrCs. Mar\u00eda Guadalupe Guzm\u00e1n \/ Instituto de Medicina Tropical Pedro Kouri\/ lupe@ipk.sld.cu DrCs. Sonia Resik Aguirre \/ Instituto de Medicina Tropical Pedro Kour\u00ed\/sresik@ipk.sld.cu DrCs. Mar\u00eda Tereza Ilinait\/ Instituto de Medicina Tropical Pedro Kour\u00ed\/mtilnait@ipk.sld.cu DrCs. L\u00e1zara Rojas Rivero\/ Instituto de Medicina Tropical Pedro Kour\u00ed\/ lrojas@ipk.sld.cu DrCs. Marta Castro Peraza \/ Instituto de Medicina Tropical Pedro Kour\u00ed\/ [&hellip;]<\/p>\n","protected":false},"author":4,"featured_media":0,"parent":0,"menu_order":0,"comment_status":"closed","ping_status":"closed","template":"","meta":[],"_links":{"self":[{"href":"https:\/\/promociondeeventos.sld.cu\/exoticas2025\/wp-json\/wp\/v2\/pages\/12"}],"collection":[{"href":"https:\/\/promociondeeventos.sld.cu\/exoticas2025\/wp-json\/wp\/v2\/pages"}],"about":[{"href":"https:\/\/promociondeeventos.sld.cu\/exoticas2025\/wp-json\/wp\/v2\/types\/page"}],"author":[{"embeddable":true,"href":"https:\/\/promociondeeventos.sld.cu\/exoticas2025\/wp-json\/wp\/v2\/users\/4"}],"replies":[{"embeddable":true,"href":"https:\/\/promociondeeventos.sld.cu\/exoticas2025\/wp-json\/wp\/v2\/comments?post=12"}],"version-history":[{"count":4,"href":"https:\/\/promociondeeventos.sld.cu\/exoticas2025\/wp-json\/wp\/v2\/pages\/12\/revisions"}],"predecessor-version":[{"id":35,"href":"https:\/\/promociondeeventos.sld.cu\/exoticas2025\/wp-json\/wp\/v2\/pages\/12\/revisions\/35"}],"wp:attachment":[{"href":"https:\/\/promociondeeventos.sld.cu\/exoticas2025\/wp-json\/wp\/v2\/media?parent=12"}],"curies":[{"name":"wp","href":"https:\/\/api.w.org\/{rel}","templated":true}]}}