{"id":11,"date":"2025-06-03T00:10:53","date_gmt":"2025-06-03T00:10:53","guid":{"rendered":"https:\/\/promociondeeventos.sld.cu\/exoticas2025\/?page_id=11"},"modified":"2026-03-11T13:18:12","modified_gmt":"2026-03-11T13:18:12","slug":"comite-organizador","status":"publish","type":"page","link":"https:\/\/promociondeeventos.sld.cu\/exoticas2025\/comite-organizador\/","title":{"rendered":"Comit\u00e9 Organizador\u00a0"},"content":{"rendered":"<p>Jos\u00e9 Ram\u00f3n Garc\u00eda Cortina<\/p>\n<p>Sonia Resik Aguirre<\/p>\n<p>Yadira D\u00edaz Leal<\/p>\n<p>Jorge Campos D\u00edaz<\/p>\n","protected":false},"excerpt":{"rendered":"<p>Jos\u00e9 Ram\u00f3n Garc\u00eda Cortina Sonia Resik Aguirre Yadira D\u00edaz Leal Jorge Campos D\u00edaz<\/p>\n","protected":false},"author":4,"featured_media":0,"parent":0,"menu_order":0,"comment_status":"closed","ping_status":"closed","template":"","meta":[],"_links":{"self":[{"href":"https:\/\/promociondeeventos.sld.cu\/exoticas2025\/wp-json\/wp\/v2\/pages\/11"}],"collection":[{"href":"https:\/\/promociondeeventos.sld.cu\/exoticas2025\/wp-json\/wp\/v2\/pages"}],"about":[{"href":"https:\/\/promociondeeventos.sld.cu\/exoticas2025\/wp-json\/wp\/v2\/types\/page"}],"author":[{"embeddable":true,"href":"https:\/\/promociondeeventos.sld.cu\/exoticas2025\/wp-json\/wp\/v2\/users\/4"}],"replies":[{"embeddable":true,"href":"https:\/\/promociondeeventos.sld.cu\/exoticas2025\/wp-json\/wp\/v2\/comments?post=11"}],"version-history":[{"count":5,"href":"https:\/\/promociondeeventos.sld.cu\/exoticas2025\/wp-json\/wp\/v2\/pages\/11\/revisions"}],"predecessor-version":[{"id":64,"href":"https:\/\/promociondeeventos.sld.cu\/exoticas2025\/wp-json\/wp\/v2\/pages\/11\/revisions\/64"}],"wp:attachment":[{"href":"https:\/\/promociondeeventos.sld.cu\/exoticas2025\/wp-json\/wp\/v2\/media?parent=11"}],"curies":[{"name":"wp","href":"https:\/\/api.w.org\/{rel}","templated":true}]}}